{"id":10677,"date":"2020-06-09T16:23:42","date_gmt":"2020-06-09T20:23:42","guid":{"rendered":"https:\/\/old.mybscu.org\/?page_id=10677"},"modified":"2024-05-07T11:42:41","modified_gmt":"2024-05-07T15:42:41","slug":"mechanical-repair-coverage","status":"publish","type":"page","link":"https:\/\/old.mybscu.org\/es\/insurance-center\/mechanical-repair-coverage\/","title":{"rendered":"Cobertura de reparaci\u00f3n mec\u00e1nica"},"content":{"rendered":"<div class=\"wpb-content-wrapper\"><section data-parent=\"true\" class=\"vc_section row-container with-parallax\" id=\"section-unique-0\"><div class=\"row-background background-element\">\n\t\t\t\t\t\t\t\t\t\t\t<div class=\"background-wrapper\">\n\t\t\t\t\t\t\t\t\t\t\t\t<div class=\"background-inner\" style=\"background-image: url(https:\/\/old.mybscu.org\/wp-content\/uploads\/2020\/06\/mc-bg.jpg);background-repeat: no-repeat;background-position: center center;background-size: cover;\"><\/div>\n\t\t\t\t\t\t\t\t\t\t\t\t<div class=\"block-bg-overlay style-color-jevc-bg\" style=\"opacity: 0.45;\"><\/div>\n\t\t\t\t\t\t\t\t\t\t\t<\/div>\n\t\t\t\t\t\t\t\t\t\t<\/div><div class=\"row no-top-padding no-bottom-padding no-h-padding full-width row-parent\"><div data-parent=\"true\" class=\"vc_row row-container\" id=\"row-unique-0\"><div class=\"row unequal limit-width row-parent\" data-height-ratio=\"40\" data-minheight=\"300\"><div class=\"wpb_row row-inner\"><div class=\"wpb_column pos-middle pos-center align_center align_center_mobile column_parent col-lg-12 no-internal-gutter\"><div class=\"uncol style-light\"  ><div class=\"uncoltable\"><div class=\"uncell no-block-padding\" ><div class=\"uncont\" ><div id=\"ultimate-heading-569e15a2bd2a58\" class=\"uvc-heading ult-adjust-bottom-margin ultimate-heading-569e15a2bd2a58 uvc-9648\" data-hspacer=\"no_spacer\"  data-halign=\"center\" style=\"text-align:center\"><div class=\"uvc-heading-spacer no_spacer\" style=\"top\"><\/div><div class=\"uvc-main-heading ult-responsive\"  data-ultimate-target='.uvc-heading.ultimate-heading-569e15a2bd2a58 h1'  data-responsive-json-new='{\"font-size\":\"\",\"line-height\":\"\"}' ><h1 style=\"font-weight:normal;color:#ffffff;\">Cobertura de reparaci\u00f3n mec\u00e1nica<\/h1><\/div><div class=\"uvc-sub-heading ult-responsive\"  data-ultimate-target='.uvc-heading.ultimate-heading-569e15a2bd2a58 .uvc-sub-heading '  data-responsive-json-new='{\"font-size\":\"desktop:24px;\",\"line-height\":\"\"}'  style=\"font-weight:normal;color:#ffffff;\"><\/p>\n<p style=\"text-align: center;\">Prot\u00e9jase de los costos inesperados de una reparaci\u00f3n de autom\u00f3vil<\/p>\n<p><\/div><\/div><div class=\"ult-spacer spacer-69e15a2bd2a8a\" data-id=\"69e15a2bd2a8a\" data-height=\"10\" data-height-mobile=\"10\" data-height-tab=\"10\" data-height-tab-portrait=\"\" data-height-mobile-landscape=\"\" style=\"clear:both;display:block;\"><\/div><span class=\"btn-container\" ><a href=\"https:\/\/old.mybscu.org\/es\/pdf\/MRC-DIgitalBrochure.pdf\/\" class=\"custom-link btn btn-lg border-width-0 btn-request btn-accent btn-round btn-shadow btn-icon-left\" title=\"El enlace se abrir\u00e1 en una nueva pesta\u00f1a.\" target=\"_blank\"><i class=\"fa fa-home-outline\"><\/i>Solicitar informaci\u00f3n<\/a><\/span><\/div><\/div><\/div><\/div><\/div><script id=\"script-row-unique-0\" data-row=\"script-row-unique-0\" type=\"text\/javascript\" class=\"vc_controls\">UNCODE.initRow(document.getElementById(\"row-unique-0\"));<\/script><\/div><\/div><\/div><script id=\"script-section-unique-0\" data-section=\"script-section-unique-0\" type=\"text\/javascript\">UNCODE.initSection(document.getElementById(\"section-unique-0\"));<\/script><\/div><\/section><div data-parent=\"true\" class=\"vc_row style-color-xsdn-bg vc_custom_1613072553803 row-container onepage-section\" data-label=\"features\" data-name=\"features\" style=\"padding-top: 20px ;\" id=\"row-unique-1\"><div class=\"row limit-width row-parent\"><div class=\"wpb_row row-inner\"><div class=\"wpb_column pos-middle pos-center align_left column_parent col-lg-12 single-internal-gutter\"><div class=\"uncol style-light\"  ><div class=\"uncoltable\"><div class=\"uncell no-block-padding\" ><div class=\"uncont\" ><div class=\"uavc-list-icon uavc-list-icon-wrapper ult-adjust-bottom-margin\"><ul class=\"uavc-list\"><li><div class=\"uavc-list-content\" id=\"list-icon-wrap-7621\">\n<div class=\"uavc-list-icon\" data-animation=\"\" data-animation-delay=\"03\" style=\"margin-right:5px;\"><div class=\"ult-just-icon-wrapper\"><div class=\"align-icon\" style=\"text-align:center;\">\n<div class=\"aio-icon none\"  style=\"color:#031c32;font-size:20px;display:inline-block;\">\n\t<i class=\"Defaults-circle-thin genderless\"><\/i>\n<\/div><\/div><\/div>\n<\/div><span  data-ultimate-target='#list-icon-wrap-7621 .uavc-list-desc'  data-responsive-json-new='{\"font-size\":\"\",\"line-height\":\"\"}'  class=\"uavc-list-desc ult-responsive\" style=\"\"><span style=\"color: #000000;\">A medida que los veh\u00edculos envejecen y acumulan kil\u00f3metros, aumenta la probabilidad de necesitar reparaciones. La Cobertura de Reparaci\u00f3n Mec\u00e1nica puede ayudarle a limitar los gastos de bolsillo por aver\u00edas cubiertas.<\/span><\/span><\/div><\/li><\/ul><\/div><\/div><\/div><\/div><\/div><\/div><script id=\"script-row-unique-1\" data-row=\"script-row-unique-1\" type=\"text\/javascript\" class=\"vc_controls\">UNCODE.initRow(document.getElementById(\"row-unique-1\"));<\/script><\/div><\/div><\/div><div data-parent=\"true\" class=\"vc_row style-color-gyho-bg vc_custom_1497555427705 row-container onepage-section\" data-label=\"features\" data-name=\"features\" style=\"padding-top: 20px ;\" id=\"row-unique-2\"><div class=\"row limit-width row-parent\"><div class=\"wpb_row row-inner\"><div class=\"wpb_column pos-top pos-center align_left column_parent col-lg-12 single-internal-gutter\"><div class=\"uncol style-light\"  ><div class=\"uncoltable\"><div class=\"uncell no-block-padding\" ><div class=\"uncont\" ><div class=\"aio-icon-component    style_2\"><div id=\"Info-box-wrap-1803\" class=\"aio-icon-box default-icon\" style=\"\"  ><div class=\"aio-icon-default\"><div class=\"ult-just-icon-wrapper\"><div class=\"align-icon\" style=\"text-align:center;\">\n<div class=\"aio-icon none\" data-animation=\"swing\" data-animation-delay=\"03\" style=\"color:#00475f;font-size:48px;display:inline-block;\">\n\t<i class=\"Defaults-file-text\"><\/i>\n<\/div><\/div><\/div><\/div><div class=\"aio-icon-header\" ><h3 class=\"aio-icon-title ult-responsive\"  data-ultimate-target='#Info-box-wrap-1803 .aio-icon-title'  data-responsive-json-new='{\"font-size\":\"desktop:20px;\",\"line-height\":\"\"}'  style=\"\">M\u00e1s detalles<\/h3><\/div> <!-- header --><div class=\"aio-icon-description ult-responsive\"  data-ultimate-target='#Info-box-wrap-1803 .aio-icon-description'  data-responsive-json-new='{\"font-size\":\"\",\"line-height\":\"\"}'  style=\"\"><\/p>\n<p style=\"text-align: left;\"><span style=\"color: #000000;\">Para investigar, comparar y comprar Cobertura de Reparaci\u00f3n Mec\u00e1nica, visite este <strong><a style=\"color: #000000;\" href=\"https:\/\/old.mybscu.org\/es\/pdf\/MRC-DIgitalBrochure.pdf\/\" target=\"_blank\" rel=\"noopener\">sitio web<\/a><\/strong> o llamar <strong>800-752-6265<\/strong>, donde podr\u00e1s disfrutar de:<\/span><\/p>\n<p><\/div> <!-- description --><\/div> <!-- aio-icon-box --><\/div> <!-- aio-icon-component --><div class=\"uavc-list-icon uavc-list-icon-wrapper ult-adjust-bottom-margin\"><ul class=\"uavc-list\"><li><div class=\"uavc-list-content\" id=\"list-icon-wrap-4891\">\n<div class=\"uavc-list-icon\" data-animation=\"\" data-animation-delay=\"03\" style=\"margin-right:5px;\"><div class=\"ult-just-icon-wrapper\"><div class=\"align-icon\" style=\"text-align:center;\">\n<div class=\"aio-icon none\"  style=\"color:#031c32;font-size:20px;display:inline-block;\">\n\t<i class=\"Defaults-circle-thin genderless\"><\/i>\n<\/div><\/div><\/div>\n<\/div><span  data-ultimate-target='#list-icon-wrap-4891 .uavc-list-desc'  data-responsive-json-new='{\"font-size\":\"\",\"line-height\":\"\"}'  class=\"uavc-list-desc ult-responsive\" style=\"\"><span style=\"color: #000000;\"><strong>Conveniencia<\/strong> \u2013 Experiencia de compra en l\u00ednea f\u00e1cil de usar, 24 horas al d\u00eda, 7 d\u00edas a la semana<\/span><\/span><\/div><\/li><li><div class=\"uavc-list-content\" id=\"list-icon-wrap-9147\">\n<div class=\"uavc-list-icon\" data-animation=\"\" data-animation-delay=\"03\" style=\"margin-right:5px;\"><div class=\"ult-just-icon-wrapper\"><div class=\"align-icon\" style=\"text-align:center;\">\n<div class=\"aio-icon none\"  style=\"color:#031c32;font-size:20px;display:inline-block;\">\n\t<i class=\"Defaults-circle-thin genderless\"><\/i>\n<\/div><\/div><\/div>\n<\/div><span  data-ultimate-target='#list-icon-wrap-9147 .uavc-list-desc'  data-responsive-json-new='{\"font-size\":\"\",\"line-height\":\"\"}'  class=\"uavc-list-desc ult-responsive\" style=\"\"><span style=\"color: #000000;\"><strong>Servicio al cliente<\/strong> \u2013 servicio experto a trav\u00e9s de un centro de llamadas dedicado<\/span><\/span><\/div><\/li><li><div class=\"uavc-list-content\" id=\"list-icon-wrap-7136\">\n<div class=\"uavc-list-icon\" data-animation=\"\" data-animation-delay=\"03\" style=\"margin-right:5px;\"><div class=\"ult-just-icon-wrapper\"><div class=\"align-icon\" style=\"text-align:center;\">\n<div class=\"aio-icon none\"  style=\"color:#031c32;font-size:20px;display:inline-block;\">\n\t<i class=\"Defaults-circle-thin genderless\"><\/i>\n<\/div><\/div><\/div>\n<\/div><span  data-ultimate-target='#list-icon-wrap-7136 .uavc-list-desc'  data-responsive-json-new='{\"font-size\":\"\",\"line-height\":\"\"}'  class=\"uavc-list-desc ult-responsive\" style=\"\"><span style=\"color: #000000;\"><strong>pagos mensuales<\/strong> \u2013 a trav\u00e9s de un c\u00f3modo plan de pago mensual que se ajuste a su presupuesto<\/span><\/span><\/div><\/li><\/ul><\/div><\/div><\/div><\/div><\/div><\/div><script id=\"script-row-unique-2\" data-row=\"script-row-unique-2\" type=\"text\/javascript\" class=\"vc_controls\">UNCODE.initRow(document.getElementById(\"row-unique-2\"));<\/script><\/div><\/div><\/div><div data-parent=\"true\" class=\"vc_row style-color-lxmt-bg vc_custom_1576619309606 row-container onepage-section has-dividers\" data-label=\"request\" data-name=\"request\" style=\"padding-top: 30px ;\" id=\"row-unique-3\"><div class=\"uncode-divider-wrap uncode-divider-wrap-bottom z_index_0\" style=\"height: 150px;\" data-height=\"150\" data-unit=\"px\"><svg version=\"1.1\" class=\"uncode-row-divider uncode-row-divider-tilt-opacity\" x=\"0px\" y=\"0px\" width=\"240px\" height=\"24px\" viewbox=\"0 0 240 24\" enable-background=\"new 0 0 240 24\" xml:space=\"preserve\" preserveaspectratio=\"none\">\n\t\t<path fill=\"#ffffff\" fill-opacity=\"0.33\" d=\"M240,24V0L0,24H240z\"\/>\n\t\t<path fill=\"#ffffff\" d=\"M240,24V3.72L0,24H240z\"\/>\n\t\t<path fill=\"#ffffff\" fill-opacity=\"0.33\" d=\"M240,24V1.99L0,24H240z\"\/>\n\t\t<\/svg><\/div><div class=\"row col-half-gutter limit-width row-parent\"><div class=\"wpb_row row-inner\"><div class=\"wpb_column pos-top pos-center align_left column_parent col-lg-12 single-internal-gutter\"><div class=\"uncol style-light\"  ><div class=\"uncoltable\"><div class=\"uncell no-block-padding\" ><div class=\"uncont\" ><div class=\"uncode_text_column\" ><\/p>\n<p style=\"text-align: left;\"><span style=\"color: #000000; font-size: 15px;\">La cobertura de reparaci\u00f3n mec\u00e1nica es proporcionada y administrada por Consumer Program Administrators, Inc. en todos los estados excepto CA, donde la cobertura es ofrecida como seguro por Virginia Surety Company, Inc., en NH, donde la cobertura es proporcionada y administrada por Consumer Program Administrators, Inc. dba Consumer Warranty Program Administrators, en TX, donde la cobertura es proporcionada y administrada por Consumer Program Administrators, Inc. dba The Administrators of Consumer Programs (Licencia de TX #175), en FL y OK, donde la cobertura es proporcionada y administrada por Automotive Warranty Services of Florida, Inc. (Licencia de Florida #60023 y Licencia de Oklahoma #44198051), y en WA, donde la cobertura es proporcionada por National Product Care Company y administrada por Consumer Program Administrators, Inc., todos ubicados en 175 West Jackson Blvd., Chicago, Illinois 60604, 1-800-752-6265. Esta cobertura est\u00e1 disponible para usted por CUNA Mutual Insurance Agency, Inc. La compra de la cobertura de reparaci\u00f3n mec\u00e1nica es opcional. Este documento proporciona informaci\u00f3n general sobre la cobertura de reparaci\u00f3n mec\u00e1nica y no debe utilizarse \u00fanicamente como base para adquirirla. Aseg\u00farese de leer el Contrato de Servicio del Veh\u00edculo o la P\u00f3liza de Seguro, que explican los t\u00e9rminos, condiciones y exclusiones exactos. La cobertura var\u00eda seg\u00fan el estado. Las piezas de repuesto pueden ser nuevas, usadas, no originales o remanufacturadas de tipo y calidad similares.<\/span><\/p>\n<p>\n<\/div>\n\t<div class=\"wpb_raw_code wpb_raw_html\" >\n\t\t<div class=\"wpb_wrapper\">\n\t\t\t<link rel=\"stylesheet\" href=\"https:\/\/maxcdn.bootstrapcdn.com\/font-awesome\/4.4.0\/css\/font-awesome.min.css\">\n\t\t<\/div>\n\t<\/div>\n<\/div><\/div><\/div><\/div><\/div><script id=\"script-row-unique-3\" data-row=\"script-row-unique-3\" type=\"text\/javascript\" class=\"vc_controls\">UNCODE.initRow(document.getElementById(\"row-unique-3\"));<\/script><\/div><\/div><\/div>\n<\/div>","protected":false},"excerpt":{"rendered":"Cobertura de reparaci\u00f3n mec\u00e1nica Prot\u00e9jase de los costos inesperados de una reparaci\u00f3n de autom\u00f3vil Solicitar informaci\u00f3n A medida que los veh\u00edculos envejecen y [...]","protected":false},"author":8,"featured_media":0,"parent":563,"menu_order":0,"comment_status":"closed","ping_status":"closed","template":"","meta":{"footnotes":""},"class_list":["post-10677","page","type-page","status-publish","hentry"],"yoast_head":"<!-- This site is optimized with the Yoast SEO Premium plugin v26.4 (Yoast SEO v26.4) - https:\/\/yoast.com\/wordpress\/plugins\/seo\/ -->\n<title>Mechanical Repair Coverage - BrightStar Credit Union<\/title>\n<meta name=\"robots\" content=\"noindex, follow, max-snippet:-1, max-image-preview:large, max-video-preview:-1\" \/>\n<meta property=\"og:locale\" content=\"es_ES\" \/>\n<meta property=\"og:type\" content=\"article\" \/>\n<meta property=\"og:title\" content=\"Mechanical Repair Coverage\" \/>\n<meta property=\"og:url\" content=\"https:\/\/old.mybscu.org\/es\/insurance-center\/mechanical-repair-coverage\/\" \/>\n<meta property=\"og:site_name\" content=\"BrightStar Credit Union\" \/>\n<meta property=\"article:publisher\" content=\"https:\/\/www.facebook.com\/BrightStarCU\/\" \/>\n<meta property=\"article:modified_time\" content=\"2024-05-07T15:42:41+00:00\" \/>\n<meta name=\"twitter:card\" content=\"summary_large_image\" \/>\n<meta name=\"twitter:label1\" content=\"Tiempo de lectura\" \/>\n\t<meta name=\"twitter:data1\" content=\"2 minutos\" \/>\n<script type=\"application\/ld+json\" class=\"yoast-schema-graph\">{\"@context\":\"https:\/\/schema.org\",\"@graph\":[{\"@type\":\"WebPage\",\"@id\":\"https:\/\/old.mybscu.org\/insurance-center\/mechanical-repair-coverage\/\",\"url\":\"https:\/\/old.mybscu.org\/insurance-center\/mechanical-repair-coverage\/\",\"name\":\"Mechanical Repair Coverage - BrightStar Credit Union\",\"isPartOf\":{\"@id\":\"https:\/\/old.mybscu.org\/#website\"},\"datePublished\":\"2020-06-09T20:23:42+00:00\",\"dateModified\":\"2024-05-07T15:42:41+00:00\",\"breadcrumb\":{\"@id\":\"https:\/\/old.mybscu.org\/insurance-center\/mechanical-repair-coverage\/#breadcrumb\"},\"inLanguage\":\"es\",\"potentialAction\":[{\"@type\":\"ReadAction\",\"target\":[\"https:\/\/old.mybscu.org\/insurance-center\/mechanical-repair-coverage\/\"]}]},{\"@type\":\"BreadcrumbList\",\"@id\":\"https:\/\/old.mybscu.org\/insurance-center\/mechanical-repair-coverage\/#breadcrumb\",\"itemListElement\":[{\"@type\":\"ListItem\",\"position\":1,\"name\":\"Home\",\"item\":\"https:\/\/old.mybscu.org\/\"},{\"@type\":\"ListItem\",\"position\":2,\"name\":\"Insurance Center\",\"item\":\"https:\/\/old.mybscu.org\/insurance-center\/\"},{\"@type\":\"ListItem\",\"position\":3,\"name\":\"Mechanical Repair Coverage\"}]},{\"@type\":\"WebSite\",\"@id\":\"https:\/\/old.mybscu.org\/#website\",\"url\":\"https:\/\/old.mybscu.org\/\",\"name\":\"BrightStar Credit Union\",\"description\":\"Serving  Broward, Collier, Lee, Martin, Miami-Dade, Palm Beach or St. Lucie Counties, Florida.\",\"publisher\":{\"@id\":\"https:\/\/old.mybscu.org\/#organization\"},\"potentialAction\":[{\"@type\":\"SearchAction\",\"target\":{\"@type\":\"EntryPoint\",\"urlTemplate\":\"https:\/\/old.mybscu.org\/?s={search_term_string}\"},\"query-input\":{\"@type\":\"PropertyValueSpecification\",\"valueRequired\":true,\"valueName\":\"search_term_string\"}}],\"inLanguage\":\"es\"},{\"@type\":\"Organization\",\"@id\":\"https:\/\/old.mybscu.org\/#organization\",\"name\":\"BrightStar Credit Union\",\"url\":\"https:\/\/old.mybscu.org\/\",\"logo\":{\"@type\":\"ImageObject\",\"inLanguage\":\"es\",\"@id\":\"https:\/\/old.mybscu.org\/#\/schema\/logo\/image\/\",\"url\":\"https:\/\/old.mybscu.org\/wp-content\/uploads\/2016\/07\/logo-1.png\",\"contentUrl\":\"https:\/\/old.mybscu.org\/wp-content\/uploads\/2016\/07\/logo-1.png\",\"width\":500,\"height\":214,\"caption\":\"BrightStar Credit Union\"},\"image\":{\"@id\":\"https:\/\/old.mybscu.org\/#\/schema\/logo\/image\/\"},\"sameAs\":[\"https:\/\/www.facebook.com\/BrightStarCU\/\",\"https:\/\/www.instagram.com\/brightstar.creditunion\/\"]}]}<\/script>\n<!-- \/ Yoast SEO Premium plugin. -->","yoast_head_json":{"title":"Cobertura de reparaci\u00f3n mec\u00e1nica - BrightStar Credit Union","robots":{"index":"noindex","follow":"follow","max-snippet":"max-snippet:-1","max-image-preview":"max-image-preview:large","max-video-preview":"max-video-preview:-1"},"og_locale":"es_ES","og_type":"article","og_title":"Mechanical Repair Coverage","og_url":"https:\/\/old.mybscu.org\/es\/insurance-center\/mechanical-repair-coverage\/","og_site_name":"BrightStar Credit Union","article_publisher":"https:\/\/www.facebook.com\/BrightStarCU\/","article_modified_time":"2024-05-07T15:42:41+00:00","twitter_card":"summary_large_image","twitter_misc":{"Tiempo de lectura":"2 minutos"},"schema":{"@context":"https:\/\/schema.org","@graph":[{"@type":"WebPage","@id":"https:\/\/old.mybscu.org\/insurance-center\/mechanical-repair-coverage\/","url":"https:\/\/old.mybscu.org\/insurance-center\/mechanical-repair-coverage\/","name":"Cobertura de reparaci\u00f3n mec\u00e1nica - BrightStar Credit Union","isPartOf":{"@id":"https:\/\/old.mybscu.org\/#website"},"datePublished":"2020-06-09T20:23:42+00:00","dateModified":"2024-05-07T15:42:41+00:00","breadcrumb":{"@id":"https:\/\/old.mybscu.org\/insurance-center\/mechanical-repair-coverage\/#breadcrumb"},"inLanguage":"es","potentialAction":[{"@type":"ReadAction","target":["https:\/\/old.mybscu.org\/insurance-center\/mechanical-repair-coverage\/"]}]},{"@type":"BreadcrumbList","@id":"https:\/\/old.mybscu.org\/insurance-center\/mechanical-repair-coverage\/#breadcrumb","itemListElement":[{"@type":"ListItem","position":1,"name":"Home","item":"https:\/\/old.mybscu.org\/"},{"@type":"ListItem","position":2,"name":"Insurance Center","item":"https:\/\/old.mybscu.org\/insurance-center\/"},{"@type":"ListItem","position":3,"name":"Mechanical Repair Coverage"}]},{"@type":"WebSite","@id":"https:\/\/old.mybscu.org\/#website","url":"https:\/\/old.mybscu.org\/","name":"Cooperativa de cr\u00e9dito BrightStar","description":"Sirviendo a los condados de Broward, Collier, Lee, Martin, Miami-Dade, Palm Beach o St. Lucie, Florida.","publisher":{"@id":"https:\/\/old.mybscu.org\/#organization"},"potentialAction":[{"@type":"SearchAction","target":{"@type":"EntryPoint","urlTemplate":"https:\/\/old.mybscu.org\/?s={search_term_string}"},"query-input":{"@type":"PropertyValueSpecification","valueRequired":true,"valueName":"search_term_string"}}],"inLanguage":"es"},{"@type":"Organization","@id":"https:\/\/old.mybscu.org\/#organization","name":"Cooperativa de cr\u00e9dito BrightStar","url":"https:\/\/old.mybscu.org\/","logo":{"@type":"ImageObject","inLanguage":"es","@id":"https:\/\/old.mybscu.org\/#\/schema\/logo\/image\/","url":"https:\/\/old.mybscu.org\/wp-content\/uploads\/2016\/07\/logo-1.png","contentUrl":"https:\/\/old.mybscu.org\/wp-content\/uploads\/2016\/07\/logo-1.png","width":500,"height":214,"caption":"BrightStar Credit Union"},"image":{"@id":"https:\/\/old.mybscu.org\/#\/schema\/logo\/image\/"},"sameAs":["https:\/\/www.facebook.com\/BrightStarCU\/","https:\/\/www.instagram.com\/brightstar.creditunion\/"]}]}},"_links":{"self":[{"href":"https:\/\/old.mybscu.org\/es\/wp-json\/wp\/v2\/pages\/10677","targetHints":{"allow":["GET"]}}],"collection":[{"href":"https:\/\/old.mybscu.org\/es\/wp-json\/wp\/v2\/pages"}],"about":[{"href":"https:\/\/old.mybscu.org\/es\/wp-json\/wp\/v2\/types\/page"}],"author":[{"embeddable":true,"href":"https:\/\/old.mybscu.org\/es\/wp-json\/wp\/v2\/users\/8"}],"replies":[{"embeddable":true,"href":"https:\/\/old.mybscu.org\/es\/wp-json\/wp\/v2\/comments?post=10677"}],"version-history":[{"count":3,"href":"https:\/\/old.mybscu.org\/es\/wp-json\/wp\/v2\/pages\/10677\/revisions"}],"predecessor-version":[{"id":15938,"href":"https:\/\/old.mybscu.org\/es\/wp-json\/wp\/v2\/pages\/10677\/revisions\/15938"}],"up":[{"embeddable":true,"href":"https:\/\/old.mybscu.org\/es\/wp-json\/wp\/v2\/pages\/563"}],"wp:attachment":[{"href":"https:\/\/old.mybscu.org\/es\/wp-json\/wp\/v2\/media?parent=10677"}],"curies":[{"name":"wp","href":"https:\/\/api.w.org\/{rel}","templated":true}]}}