{"id":11676,"date":"2021-02-10T13:13:23","date_gmt":"2021-02-10T18:13:23","guid":{"rendered":"https:\/\/old.mybscu.org\/?page_id=11676"},"modified":"2021-02-10T13:13:23","modified_gmt":"2021-02-10T18:13:23","slug":"apply","status":"publish","type":"page","link":"https:\/\/old.mybscu.org\/es\/apply\/","title":{"rendered":"\u00danase a nosotros"},"content":{"rendered":"<div class=\"wpb-content-wrapper\"><section data-parent=\"true\" class=\"vc_section row-container with-parallax\" id=\"section-unique-0\"><div class=\"row-background background-element\">\n\t\t\t\t\t\t\t\t\t\t\t<div class=\"background-wrapper\">\n\t\t\t\t\t\t\t\t\t\t\t\t<div class=\"background-inner\" style=\"background-image: url(https:\/\/old.mybscu.org\/wp-content\/uploads\/2019\/06\/joinus-bg.jpg);background-repeat: no-repeat;background-position: center top;background-size: cover;\"><\/div>\n\t\t\t\t\t\t\t\t\t\t\t\t<div class=\"block-bg-overlay style-color-rgdb-bg\" style=\"opacity: 0.1;\"><\/div>\n\t\t\t\t\t\t\t\t\t\t\t<\/div>\n\t\t\t\t\t\t\t\t\t\t<\/div><div class=\"row no-top-padding no-bottom-padding no-h-padding full-width row-parent\"><div data-parent=\"true\" class=\"vc_row row-container\" id=\"row-unique-0\"><div class=\"row unequal full-width row-parent\" data-height-ratio=\"40\" data-minheight=\"300\"><div class=\"wpb_row row-inner\"><div class=\"wpb_column pos-middle pos-center align_center align_center_mobile column_parent col-lg-12 col-sm-100 no-internal-gutter\"><div class=\"uncol style-light\"  ><div class=\"uncoltable\"><div class=\"uncell no-block-padding\" ><div class=\"uncont\" ><div id=\"ultimate-heading-872269e15a29a9f9f\" class=\"uvc-heading ult-adjust-bottom-margin ultimate-heading-872269e15a29a9f9f uvc-755\" data-hspacer=\"no_spacer\"  data-halign=\"center\" style=\"text-align:center\"><div class=\"uvc-heading-spacer no_spacer\" style=\"top\"><\/div><div class=\"uvc-main-heading ult-responsive\"  data-ultimate-target='.uvc-heading.ultimate-heading-872269e15a29a9f9f h1'  data-responsive-json-new='{\"font-size\":\"\",\"line-height\":\"\"}' ><h1 style=\"font-weight:normal;color:#ffffff;\">BANCA QUE ES<\/h1><\/div><div class=\"uvc-sub-heading ult-responsive\"  data-ultimate-target='.uvc-heading.ultimate-heading-872269e15a29a9f9f .uvc-sub-heading '  data-responsive-json-new='{\"font-size\":\"desktop:20px;\",\"line-height\":\"\"}'  style=\"font-weight:normal;color:#ffffff;\">arraigado en la comunidad<\/div><\/div><div class=\"ult-spacer spacer-69e15a29a9fd1\" data-id=\"69e15a29a9fd1\" data-height=\"10\" data-height-mobile=\"10\" data-height-tab=\"10\" data-height-tab-portrait=\"\" data-height-mobile-landscape=\"\" style=\"clear:both;display:block;\"><\/div><\/div><\/div><\/div><\/div><\/div><script id=\"script-row-unique-0\" data-row=\"script-row-unique-0\" type=\"text\/javascript\" class=\"vc_controls\">UNCODE.initRow(document.getElementById(\"row-unique-0\"));<\/script><\/div><\/div><\/div><script id=\"script-section-unique-0\" data-section=\"script-section-unique-0\" type=\"text\/javascript\">UNCODE.initSection(document.getElementById(\"section-unique-0\"));<\/script><\/div><\/section><div data-parent=\"true\" class=\"vc_row style-color-lxmt-bg vc_custom_1584715882527 row-container onepage-section\" data-label=\"join\" data-name=\"join\" style=\"padding-top: 10px ;padding-bottom: 10px ;\" id=\"row-unique-1\"><div class=\"row limit-width row-parent\"><div class=\"wpb_row row-inner\"><div class=\"wpb_column pos-middle pos-center align_center column_parent col-lg-12 single-internal-gutter\"><div class=\"uncol style-light\"  ><div class=\"uncoltable\"><div class=\"uncell  vc_custom_1508767820331 no-block-padding\" style=\"padding-top: 20px ;\" ><div class=\"uncont\" ><div class=\"aio-icon-component    style_1\"><div id=\"Info-box-wrap-9669\" class=\"aio-icon-box default-icon\" style=\"\"  ><div class=\"aio-icon-header\" ><h3 class=\"aio-icon-title ult-responsive\"  data-ultimate-target='#Info-box-wrap-9669 .aio-icon-title'  data-responsive-json-new='{\"font-size\":\"desktop:18px;\",\"line-height\":\"\"}'  style=\"color:#031c32;\">En BrightStar Credit Union, creemos firmemente que la banca es mejor cuando se cuenta con una cooperativa de cr\u00e9dito local sin fines de lucro. Hacemos lo mismo que los grandes bancos, pero generalmente con una tasa y un costo m\u00e1s bajos.<\/h3><\/div> <!-- header --><\/div> <!-- aio-icon-box --><\/div> <!-- aio-icon-component --><div class=\"uncode_text_column\" ><p>[ipt_fsqm_form id=\u201d48\u2033]<\/p>\n<\/div><\/div><\/div><\/div><\/div><\/div><script id=\"script-row-unique-1\" data-row=\"script-row-unique-1\" type=\"text\/javascript\" class=\"vc_controls\">UNCODE.initRow(document.getElementById(\"row-unique-1\"));<\/script><\/div><\/div><\/div><div data-parent=\"true\" class=\"vc_row style-color-gyho-bg vc_custom_1508958316546 row-container\" style=\"padding-top: 20px ;\" id=\"row-unique-2\"><div class=\"row limit-width row-parent\"><div class=\"wpb_row row-inner\"><div class=\"wpb_column pos-top pos-center align_left column_parent col-lg-12 single-internal-gutter\"><div class=\"uncol style-light\"  ><div class=\"uncoltable\"><div class=\"uncell no-block-padding\" ><div class=\"uncont\" ><div id=\"ultimate-heading-583469e15a29abf37\" class=\"uvc-heading ult-adjust-bottom-margin ultimate-heading-583469e15a29abf37 uvc-3046\" data-hspacer=\"no_spacer\"  data-halign=\"center\" style=\"text-align:center\"><div class=\"uvc-heading-spacer no_spacer\" style=\"top\"><\/div><div class=\"uvc-main-heading ult-responsive\"  data-ultimate-target='.uvc-heading.ultimate-heading-583469e15a29abf37 h3'  data-responsive-json-new='{\"font-size\":\"\",\"line-height\":\"\"}' ><h3 style=\"font-weight:normal;\">\u00bfPor qu\u00e9 elegir BrightStar CU?<\/h3><\/div><\/div><div class=\"vc_row row-internal row-container\"><div class=\"row row-child\"><div class=\"wpb_row row-inner\"><div class=\"wpb_column pos-top pos-center align_left column_child col-lg-4 single-internal-gutter\"><div class=\"uncol style-light\" ><div class=\"uncoltable\"><div class=\"uncell no-block-padding\" ><div class=\"uncont\" ><div class=\"aio-icon-component    style_2\"><a class=\"aio-icon-box-link\" ><div id=\"Info-box-wrap-1635\" class=\"aio-icon-box top-icon\" style=\"\"  ><div class=\"aio-icon-top\"><div class=\"ult-just-icon-wrapper\"><div class=\"align-icon\" style=\"text-align:center;\">\n<div class=\"aio-icon-img\" style=\"font-size:64px;display:inline-block;\" >\n\t<img decoding=\"async\" class=\"img-icon\" alt=\"service icon\" src=\"https:\/\/old.mybscu.org\/wp-content\/uploads\/2020\/10\/join-1.png\"\/>\n<\/div><\/div><\/div><\/div><div class=\"aio-icon-header\" ><h3 class=\"aio-icon-title ult-responsive\"  data-ultimate-target='#Info-box-wrap-1635 .aio-icon-title'  data-responsive-json-new='{\"font-size\":\"\",\"line-height\":\"\"}'  style=\"font-weight:bold;\">Servicio completo a su servicio<\/h3><\/div> <!-- header --><div class=\"aio-icon-description ult-responsive\"  data-ultimate-target='#Info-box-wrap-1635 .aio-icon-description'  data-responsive-json-new='{\"font-size\":\"\",\"line-height\":\"\"}'  style=\"\">Desde pr\u00e9stamos y cuentas corrientes hasta seguros y cuentas de ahorro, lo tenemos cubierto.<\/div> <!-- description --><\/div> <!-- aio-icon-box --><\/a><\/div> <!-- aio-icon-component --><\/div><\/div><\/div><\/div><\/div><div class=\"wpb_column pos-top pos-center align_left column_child col-lg-4 single-internal-gutter\"><div class=\"uncol style-light\" ><div class=\"uncoltable\"><div class=\"uncell no-block-padding\" ><div class=\"uncont\" ><div class=\"aio-icon-component    style_2\"><a class=\"aio-icon-box-link\" ><div id=\"Info-box-wrap-9426\" class=\"aio-icon-box top-icon\" style=\"\"  ><div class=\"aio-icon-top\"><div class=\"ult-just-icon-wrapper\"><div class=\"align-icon\" style=\"text-align:center;\">\n<div class=\"aio-icon-img\" style=\"font-size:48px;display:inline-block;\" >\n\t<img decoding=\"async\" class=\"img-icon\" alt=\"mobile icon\" src=\"https:\/\/old.mybscu.org\/wp-content\/uploads\/2020\/10\/join-2.png\"\/>\n<\/div><\/div><\/div><\/div><div class=\"aio-icon-header\" ><h3 class=\"aio-icon-title ult-responsive\"  data-ultimate-target='#Info-box-wrap-9426 .aio-icon-title'  data-responsive-json-new='{\"font-size\":\"\",\"line-height\":\"\"}'  style=\"font-weight:bold;\">\u00a1Sin complicaciones! \u00a1Sin bromas!<\/h3><\/div> <!-- header --><div class=\"aio-icon-description ult-responsive\"  data-ultimate-target='#Info-box-wrap-9426 .aio-icon-description'  data-responsive-json-new='{\"font-size\":\"\",\"line-height\":\"\"}'  style=\"\">Nuestro servicio electr\u00f3nico le permite administrar su dinero las 24 horas del d\u00eda, los siete d\u00edas de la semana, en un entorno seguro y protegido.<\/div> <!-- description --><\/div> <!-- aio-icon-box --><\/a><\/div> <!-- aio-icon-component --><\/div><\/div><\/div><\/div><\/div><div class=\"wpb_column pos-top pos-center align_left column_child col-lg-4 single-internal-gutter\"><div class=\"uncol style-light\" ><div class=\"uncoltable\"><div class=\"uncell no-block-padding\" ><div class=\"uncont\" ><div class=\"aio-icon-component    style_2\"><a class=\"aio-icon-box-link\" ><div id=\"Info-box-wrap-6489\" class=\"aio-icon-box top-icon\" style=\"\"  ><div class=\"aio-icon-top\"><div class=\"ult-just-icon-wrapper\"><div class=\"align-icon\" style=\"text-align:center;\">\n<div class=\"aio-icon-img\" style=\"font-size:64px;display:inline-block;\" >\n\t<img decoding=\"async\" class=\"img-icon\" alt=\"mission icon\" src=\"https:\/\/old.mybscu.org\/wp-content\/uploads\/2020\/10\/join-3.png\"\/>\n<\/div><\/div><\/div><\/div><div class=\"aio-icon-header\" ><h3 class=\"aio-icon-title ult-responsive\"  data-ultimate-target='#Info-box-wrap-6489 .aio-icon-title'  data-responsive-json-new='{\"font-size\":\"\",\"line-height\":\"\"}'  style=\"font-weight:bold;\">Tu misi\u00f3n = nuestra misi\u00f3n<\/h3><\/div> <!-- header --><div class=\"aio-icon-description ult-responsive\"  data-ultimate-target='#Info-box-wrap-6489 .aio-icon-description'  data-responsive-json-new='{\"font-size\":\"\",\"line-height\":\"\"}'  style=\"\">Los miembros de nuestro equipo no son s\u00f3lo banqueros; son sus amigos y vecinos que realmente se preocupan por su \u00e9xito financiero.<\/div> <!-- description --><\/div> <!-- aio-icon-box --><\/a><\/div> <!-- aio-icon-component --><\/div><\/div><\/div><\/div><\/div><\/div><\/div><\/div><\/div><\/div><\/div><\/div><\/div><script id=\"script-row-unique-2\" data-row=\"script-row-unique-2\" type=\"text\/javascript\" class=\"vc_controls\">UNCODE.initRow(document.getElementById(\"row-unique-2\"));<\/script><\/div><\/div><\/div><div data-parent=\"true\" class=\"vc_row style-color-186053-bg vc_custom_1561663403980 row-container\" style=\"padding-top: 20px ;\" id=\"row-unique-3\"><div class=\"row limit-width row-parent\"><div class=\"wpb_row row-inner\"><div class=\"wpb_column pos-top pos-center align_left column_parent col-lg-6 single-internal-gutter\"><div class=\"uncol style-light\"  ><div class=\"uncoltable\"><div class=\"uncell no-block-padding\" ><div class=\"uncont\" ><div id=\"ultimate-heading-927669e15a29aee25\" class=\"uvc-heading ult-adjust-bottom-margin ultimate-heading-927669e15a29aee25 uvc-2028\" data-hspacer=\"no_spacer\"  data-halign=\"center\" style=\"text-align:center\"><div class=\"uvc-heading-spacer no_spacer\" style=\"top\"><\/div><div class=\"uvc-main-heading ult-responsive\"  data-ultimate-target='.uvc-heading.ultimate-heading-927669e15a29aee25 h3'  data-responsive-json-new='{\"font-size\":\"\",\"line-height\":\"\"}' ><h3 style=\"font-weight:normal;color:#ffffff;\">\u00bfQui\u00e9n puede unirse?<\/h3><\/div><\/div><div class=\"uavc-list-icon uavc-list-icon-wrapper ult-adjust-bottom-margin\"><ul class=\"uavc-list\"><li><div class=\"uavc-list-content\" id=\"list-icon-wrap-9553\">\n<div class=\"uavc-list-icon\" data-animation=\"\" data-animation-delay=\"03\" style=\"margin-right:5px;\"><div class=\"ult-just-icon-wrapper\"><div class=\"align-icon\" style=\"text-align:center;\">\n<div class=\"aio-icon none\"  style=\"color:#ffffff;font-size:20px;display:inline-block;\">\n\t<i class=\"Defaults-circle-thin genderless\"><\/i>\n<\/div><\/div><\/div>\n<\/div><span  data-ultimate-target='#list-icon-wrap-9553 .uavc-list-desc'  data-responsive-json-new='{\"font-size\":\"\",\"line-height\":\"\"}'  class=\"uavc-list-desc ult-responsive\" style=\"color:#ffffff;\"><span style=\"color: #ffffff;\">Cualquier persona que viva, trabaje o asista a la escuela en los condados de Broward, Collier, Lee, Martin, Miami-Dade, Palm Beach o St. Lucie, Pinellas, Hillsborough, Polk, Osceola, Brevard, Manatee, Hardee, Highlands, Okeechobee, Indian River, Sarasota, DeSoto, Charlotte, Glades, Hendry y Monroe, Florida.<\/span><\/p>\n<p><\/span><\/div><\/li><li><div class=\"uavc-list-content\" id=\"list-icon-wrap-5480\">\n<div class=\"uavc-list-icon\" data-animation=\"\" data-animation-delay=\"03\" style=\"margin-right:5px;\"><div class=\"ult-just-icon-wrapper\"><div class=\"align-icon\" style=\"text-align:center;\">\n<div class=\"aio-icon none\"  style=\"color:#ffffff;font-size:20px;display:inline-block;\">\n\t<i class=\"Defaults-circle-thin genderless\"><\/i>\n<\/div><\/div><\/div>\n<\/div><span  data-ultimate-target='#list-icon-wrap-5480 .uavc-list-desc'  data-responsive-json-new='{\"font-size\":\"\",\"line-height\":\"\"}'  class=\"uavc-list-desc ult-responsive\" style=\"color:#ffffff;\"><span style=\"color: #ffffff;\">Los familiares de cualquier persona elegible podr\u00e1n unirse, incluso si dichas personas no residen en el mismo hogar.<\/span><\/p>\n<p><\/span><\/div><\/li><\/ul><\/div><\/div><\/div><\/div><\/div><\/div><div class=\"wpb_column pos-top pos-center align_left column_parent col-lg-6 single-internal-gutter\"><div class=\"uncol style-light\"  ><div class=\"uncoltable\"><div class=\"uncell no-block-padding\" ><div class=\"uncont\" ><div id=\"ultimate-heading-73669e15a29af4a3\" class=\"uvc-heading ult-adjust-bottom-margin ultimate-heading-73669e15a29af4a3 uvc-304\" data-hspacer=\"no_spacer\"  data-halign=\"center\" style=\"text-align:center\"><div class=\"uvc-heading-spacer no_spacer\" style=\"top\"><\/div><div class=\"uvc-main-heading ult-responsive\"  data-ultimate-target='.uvc-heading.ultimate-heading-73669e15a29af4a3 h3'  data-responsive-json-new='{\"font-size\":\"\",\"line-height\":\"\"}' ><h3 style=\"font-weight:normal;color:#ffffff;\">C\u00f3mo aplicar<\/h3><\/div><\/div><div class=\"uavc-list-icon uavc-list-icon-wrapper ult-adjust-bottom-margin\"><ul class=\"uavc-list\"><li><div class=\"uavc-list-content\" id=\"list-icon-wrap-2710\">\n<div class=\"uavc-list-icon\" data-animation=\"\" data-animation-delay=\"03\" style=\"margin-right:5px;\"><div class=\"ult-just-icon-wrapper\"><div class=\"align-icon\" style=\"text-align:center;\">\n<div class=\"aio-icon none\"  style=\"color:#ffffff;font-size:20px;display:inline-block;\">\n\t<i class=\"Defaults-circle-thin genderless\"><\/i>\n<\/div><\/div><\/div>\n<\/div><span  data-ultimate-target='#list-icon-wrap-2710 .uavc-list-desc'  data-responsive-json-new='{\"font-size\":\"\",\"line-height\":\"\"}'  class=\"uavc-list-desc ult-responsive\" style=\"color:#ffffff;\"><span style=\"color: #ffffff;\">APLICAR <a style=\"color: #ffffff;\" href=\"https:\/\/app.loanspq.com\/apply.aspx?enc=Kw21Wblm1yxpjJabdoZaD387N2JxsZCKo346rct2X6oksGgk0G9KDJQenA2LEXKLuXsUAgyalFZnecXQMBTewbYaWmo1ddfy0R_2Gujj3kEVXMDFVnDGz4tJ_q2WVhuV\" target=\"_blank\" rel=\"noopener noreferrer\"><u>EN L\u00cdNEA<\/u><\/a> o<\/span><\/p>\n<p><\/span><\/div><\/li><li><div class=\"uavc-list-content\" id=\"list-icon-wrap-6175\">\n<div class=\"uavc-list-icon\" data-animation=\"\" data-animation-delay=\"03\" style=\"margin-right:5px;\"><div class=\"ult-just-icon-wrapper\"><div class=\"align-icon\" style=\"text-align:center;\">\n<div class=\"aio-icon none\"  style=\"color:#ffffff;font-size:20px;display:inline-block;\">\n\t<i class=\"Defaults-circle-thin genderless\"><\/i>\n<\/div><\/div><\/div>\n<\/div><span  data-ultimate-target='#list-icon-wrap-6175 .uavc-list-desc'  data-responsive-json-new='{\"font-size\":\"\",\"line-height\":\"\"}'  class=\"uavc-list-desc ult-responsive\" style=\"color:#ffffff;\"><span style=\"color: #ffffff;\">Visita <a style=\"color: #ffffff;\" href=\"\/es\/locations\/\" target=\"_blank\" rel=\"noopener noreferrer\"><u>una rama<\/u><\/a> o imprima la versi\u00f3n PDF de nuestra solicitud de membres\u00eda <a style=\"color: #ffffff;\" href=\"https:\/\/old.mybscu.org\/es\/pdf\/Membership-App2019.pdf\/\" target=\"_blank\" rel=\"noopener noreferrer\"><u>aqu\u00ed<\/u><\/a> y env\u00ede la solicitud con sus copias de identificaci\u00f3n a: <br class=\"\" \/><br class=\"\" \/>Cooperativa de cr\u00e9dito BrightStar<br class=\"\" \/>Apartado postal 8966,<br class=\"\" \/>Fort Lauderdale, FL 33310-8966<br \/>\n<\/span><\/p>\n<p><\/span><\/div><\/li><\/ul><\/div><\/div><\/div><\/div><\/div><\/div><script id=\"script-row-unique-3\" data-row=\"script-row-unique-3\" type=\"text\/javascript\" class=\"vc_controls\">UNCODE.initRow(document.getElementById(\"row-unique-3\"));<\/script><\/div><\/div><\/div>\n<\/div>","protected":false},"excerpt":{"rendered":"BANCA BASADA EN LA COMUNIDAD En BrightStar Credit Union, realmente creemos que la banca es mejor cuando tienes una organizaci\u00f3n de cr\u00e9dito local sin fines de lucro [...]","protected":false},"author":8,"featured_media":0,"parent":0,"menu_order":5,"comment_status":"closed","ping_status":"closed","template":"","meta":{"footnotes":""},"class_list":["post-11676","page","type-page","status-publish","hentry"],"yoast_head":"<!-- This site is optimized with the Yoast SEO Premium plugin v26.4 (Yoast SEO v26.4) - https:\/\/yoast.com\/wordpress\/plugins\/seo\/ -->\n<title>Join Us - BrightStar Credit Union<\/title>\n<meta name=\"robots\" content=\"noindex, follow, max-snippet:-1, max-image-preview:large, max-video-preview:-1\" \/>\n<meta property=\"og:locale\" content=\"es_ES\" \/>\n<meta property=\"og:type\" content=\"article\" \/>\n<meta property=\"og:title\" content=\"Join Us\" \/>\n<meta property=\"og:url\" content=\"https:\/\/old.mybscu.org\/es\/apply\/\" \/>\n<meta property=\"og:site_name\" content=\"BrightStar Credit Union\" \/>\n<meta property=\"article:publisher\" content=\"https:\/\/www.facebook.com\/BrightStarCU\/\" \/>\n<meta name=\"twitter:card\" content=\"summary_large_image\" \/>\n<meta name=\"twitter:label1\" content=\"Tiempo de lectura\" \/>\n\t<meta name=\"twitter:data1\" content=\"4 minutos\" \/>\n<script type=\"application\/ld+json\" class=\"yoast-schema-graph\">{\"@context\":\"https:\/\/schema.org\",\"@graph\":[{\"@type\":\"WebPage\",\"@id\":\"https:\/\/old.mybscu.org\/apply\/\",\"url\":\"https:\/\/old.mybscu.org\/apply\/\",\"name\":\"Join Us - BrightStar Credit Union\",\"isPartOf\":{\"@id\":\"https:\/\/old.mybscu.org\/#website\"},\"datePublished\":\"2021-02-10T18:13:23+00:00\",\"breadcrumb\":{\"@id\":\"https:\/\/old.mybscu.org\/apply\/#breadcrumb\"},\"inLanguage\":\"es\",\"potentialAction\":[{\"@type\":\"ReadAction\",\"target\":[\"https:\/\/old.mybscu.org\/apply\/\"]}]},{\"@type\":\"BreadcrumbList\",\"@id\":\"https:\/\/old.mybscu.org\/apply\/#breadcrumb\",\"itemListElement\":[{\"@type\":\"ListItem\",\"position\":1,\"name\":\"Home\",\"item\":\"https:\/\/old.mybscu.org\/\"},{\"@type\":\"ListItem\",\"position\":2,\"name\":\"Join Us\"}]},{\"@type\":\"WebSite\",\"@id\":\"https:\/\/old.mybscu.org\/#website\",\"url\":\"https:\/\/old.mybscu.org\/\",\"name\":\"BrightStar Credit Union\",\"description\":\"Serving  Broward, Collier, Lee, Martin, Miami-Dade, Palm Beach or St. Lucie Counties, Florida.\",\"publisher\":{\"@id\":\"https:\/\/old.mybscu.org\/#organization\"},\"potentialAction\":[{\"@type\":\"SearchAction\",\"target\":{\"@type\":\"EntryPoint\",\"urlTemplate\":\"https:\/\/old.mybscu.org\/?s={search_term_string}\"},\"query-input\":{\"@type\":\"PropertyValueSpecification\",\"valueRequired\":true,\"valueName\":\"search_term_string\"}}],\"inLanguage\":\"es\"},{\"@type\":\"Organization\",\"@id\":\"https:\/\/old.mybscu.org\/#organization\",\"name\":\"BrightStar Credit Union\",\"url\":\"https:\/\/old.mybscu.org\/\",\"logo\":{\"@type\":\"ImageObject\",\"inLanguage\":\"es\",\"@id\":\"https:\/\/old.mybscu.org\/#\/schema\/logo\/image\/\",\"url\":\"https:\/\/old.mybscu.org\/wp-content\/uploads\/2016\/07\/logo-1.png\",\"contentUrl\":\"https:\/\/old.mybscu.org\/wp-content\/uploads\/2016\/07\/logo-1.png\",\"width\":500,\"height\":214,\"caption\":\"BrightStar Credit Union\"},\"image\":{\"@id\":\"https:\/\/old.mybscu.org\/#\/schema\/logo\/image\/\"},\"sameAs\":[\"https:\/\/www.facebook.com\/BrightStarCU\/\",\"https:\/\/www.instagram.com\/brightstar.creditunion\/\"]}]}<\/script>\n<!-- \/ Yoast SEO Premium plugin. -->","yoast_head_json":{"title":"\u00danete a nosotros: BrightStar Credit Union","robots":{"index":"noindex","follow":"follow","max-snippet":"max-snippet:-1","max-image-preview":"max-image-preview:large","max-video-preview":"max-video-preview:-1"},"og_locale":"es_ES","og_type":"article","og_title":"Join Us","og_url":"https:\/\/old.mybscu.org\/es\/apply\/","og_site_name":"BrightStar Credit Union","article_publisher":"https:\/\/www.facebook.com\/BrightStarCU\/","twitter_card":"summary_large_image","twitter_misc":{"Tiempo de lectura":"4 minutos"},"schema":{"@context":"https:\/\/schema.org","@graph":[{"@type":"WebPage","@id":"https:\/\/old.mybscu.org\/apply\/","url":"https:\/\/old.mybscu.org\/apply\/","name":"\u00danete a nosotros: BrightStar Credit Union","isPartOf":{"@id":"https:\/\/old.mybscu.org\/#website"},"datePublished":"2021-02-10T18:13:23+00:00","breadcrumb":{"@id":"https:\/\/old.mybscu.org\/apply\/#breadcrumb"},"inLanguage":"es","potentialAction":[{"@type":"ReadAction","target":["https:\/\/old.mybscu.org\/apply\/"]}]},{"@type":"BreadcrumbList","@id":"https:\/\/old.mybscu.org\/apply\/#breadcrumb","itemListElement":[{"@type":"ListItem","position":1,"name":"Home","item":"https:\/\/old.mybscu.org\/"},{"@type":"ListItem","position":2,"name":"Join Us"}]},{"@type":"WebSite","@id":"https:\/\/old.mybscu.org\/#website","url":"https:\/\/old.mybscu.org\/","name":"Cooperativa de cr\u00e9dito BrightStar","description":"Sirviendo a los condados de Broward, Collier, Lee, Martin, Miami-Dade, Palm Beach o St. Lucie, Florida.","publisher":{"@id":"https:\/\/old.mybscu.org\/#organization"},"potentialAction":[{"@type":"SearchAction","target":{"@type":"EntryPoint","urlTemplate":"https:\/\/old.mybscu.org\/?s={search_term_string}"},"query-input":{"@type":"PropertyValueSpecification","valueRequired":true,"valueName":"search_term_string"}}],"inLanguage":"es"},{"@type":"Organization","@id":"https:\/\/old.mybscu.org\/#organization","name":"Cooperativa de cr\u00e9dito BrightStar","url":"https:\/\/old.mybscu.org\/","logo":{"@type":"ImageObject","inLanguage":"es","@id":"https:\/\/old.mybscu.org\/#\/schema\/logo\/image\/","url":"https:\/\/old.mybscu.org\/wp-content\/uploads\/2016\/07\/logo-1.png","contentUrl":"https:\/\/old.mybscu.org\/wp-content\/uploads\/2016\/07\/logo-1.png","width":500,"height":214,"caption":"BrightStar Credit Union"},"image":{"@id":"https:\/\/old.mybscu.org\/#\/schema\/logo\/image\/"},"sameAs":["https:\/\/www.facebook.com\/BrightStarCU\/","https:\/\/www.instagram.com\/brightstar.creditunion\/"]}]}},"_links":{"self":[{"href":"https:\/\/old.mybscu.org\/es\/wp-json\/wp\/v2\/pages\/11676","targetHints":{"allow":["GET"]}}],"collection":[{"href":"https:\/\/old.mybscu.org\/es\/wp-json\/wp\/v2\/pages"}],"about":[{"href":"https:\/\/old.mybscu.org\/es\/wp-json\/wp\/v2\/types\/page"}],"author":[{"embeddable":true,"href":"https:\/\/old.mybscu.org\/es\/wp-json\/wp\/v2\/users\/8"}],"replies":[{"embeddable":true,"href":"https:\/\/old.mybscu.org\/es\/wp-json\/wp\/v2\/comments?post=11676"}],"version-history":[{"count":0,"href":"https:\/\/old.mybscu.org\/es\/wp-json\/wp\/v2\/pages\/11676\/revisions"}],"wp:attachment":[{"href":"https:\/\/old.mybscu.org\/es\/wp-json\/wp\/v2\/media?parent=11676"}],"curies":[{"name":"wp","href":"https:\/\/api.w.org\/{rel}","templated":true}]}}