{"id":13235,"date":"2022-01-19T14:03:25","date_gmt":"2022-01-19T19:03:25","guid":{"rendered":"https:\/\/old.mybscu.org\/?page_id=13235"},"modified":"2025-06-26T16:15:13","modified_gmt":"2025-06-26T20:15:13","slug":"refinow","status":"publish","type":"page","link":"https:\/\/old.mybscu.org\/es\/refinow\/","title":{"rendered":"Refinanciamiento de autom\u00f3viles en el sur de Florida"},"content":{"rendered":"<div class=\"wpb-content-wrapper\"><section data-parent=\"true\" class=\"vc_section row-container\" id=\"section-unique-0\"><div class=\"row-background background-element\">\n\t\t\t\t\t\t\t\t\t\t\t<div class=\"background-wrapper\">\n\t\t\t\t\t\t\t\t\t\t\t\t<div class=\"background-inner\" style=\"background-image: url(https:\/\/old.mybscu.org\/wp-content\/uploads\/2022\/01\/DB-Slider-1.jpg);background-repeat: no-repeat;background-position: center center;background-attachment: scroll;background-size: cover;\"><\/div>\n\t\t\t\t\t\t\t\t\t\t\t\t<div class=\"block-bg-overlay style-accent-bg\" style=\"opacity: 0.6;\"><\/div>\n\t\t\t\t\t\t\t\t\t\t\t<\/div>\n\t\t\t\t\t\t\t\t\t\t<\/div><div class=\"row no-top-padding no-bottom-padding no-h-padding full-width row-parent\"><div data-parent=\"true\" class=\"vc_row vc_custom_1742308532117 row-container\" style=\"padding-top: 20px ;padding-bottom: 20px ;\" id=\"row-unique-0\"><div class=\"row limit-width row-parent\"><div class=\"wpb_row row-inner\"><div class=\"wpb_column pos-middle pos-left align_left column_parent col-lg-12 single-internal-gutter\"><div class=\"uncol style-light\"  ><div class=\"uncoltable\"><div class=\"uncell  vc_custom_1729618903500 no-block-padding\" style=\"padding-top: 100px ;padding-bottom: 100px ;\" ><div class=\"uncont\" ><div id=\"ultimate-heading-806069e15a2b3bf51\" class=\"uvc-heading ult-adjust-bottom-margin ultimate-heading-806069e15a2b3bf51 uvc-8986\" data-hspacer=\"no_spacer\"  data-halign=\"left\" style=\"text-align:left\"><div class=\"uvc-heading-spacer no_spacer\" style=\"top\"><\/div><div class=\"uvc-main-heading ult-responsive\"  data-ultimate-target='.uvc-heading.ultimate-heading-806069e15a2b3bf51 h1'  data-responsive-json-new='{\"font-size\":\"\",\"line-height\":\"\"}' ><h1 style=\"font-weight:bold;color:#ffffff;\">Refinanciamiento especial de autos en el sur de Florida<\/h1><\/div><div class=\"uvc-sub-heading ult-responsive\"  data-ultimate-target='.uvc-heading.ultimate-heading-806069e15a2b3bf51 .uvc-sub-heading '  data-responsive-json-new='{\"font-size\":\"desktop:20px;\",\"line-height\":\"\"}'  style=\"font-weight:normal;color:#ffffff;\">\u00a1REFINE AHORA Y AHORRE EN GRANDE en pagos mensuales!<\/div><\/div><div class=\"ult-spacer spacer-69e15a2b3bf80\" data-id=\"69e15a2b3bf80\" data-height=\"10\" data-height-mobile=\"10\" data-height-tab=\"10\" data-height-tab-portrait=\"\" data-height-mobile-landscape=\"\" style=\"clear:both;display:block;\"><\/div><\/div><\/div><\/div><\/div><\/div><script id=\"script-row-unique-0\" data-row=\"script-row-unique-0\" type=\"text\/javascript\" class=\"vc_controls\">UNCODE.initRow(document.getElementById(\"row-unique-0\"));<\/script><\/div><\/div><\/div><script id=\"script-section-unique-0\" data-section=\"script-section-unique-0\" type=\"text\/javascript\">UNCODE.initSection(document.getElementById(\"section-unique-0\"));<\/script><\/div><\/section><div data-parent=\"true\" class=\"vc_row style-color-xsdn-bg row-container onepage-section\" data-label=\"features\" data-name=\"features\" id=\"row-unique-1\"><div class=\"row limit-width row-parent\"><div class=\"wpb_row row-inner\"><div class=\"wpb_column pos-middle pos-left align_left column_parent col-lg-8 single-internal-gutter\"><div class=\"uncol style-light\"  ><div class=\"uncoltable\"><div class=\"uncell  vc_custom_1729618973459 no-block-padding\" style=\"padding-top: 20px ;\" ><div class=\"uncont\" ><div class=\"aio-icon-component    style_1\"><div id=\"Info-box-wrap-8024\" class=\"aio-icon-box default-icon\" style=\"\"  ><div class=\"aio-icon-header\" ><h3 class=\"aio-icon-title ult-responsive\"  data-ultimate-target='#Info-box-wrap-8024 .aio-icon-title'  data-responsive-json-new='{\"font-size\":\"desktop:18px;\",\"line-height\":\"\"}'  style=\"color:#031c32;\">\u00bfBusca refinanciar su pr\u00e9stamo de auto? BrightStar Credit Union ofrece tasas competitivas y plazos flexibles. Complete nuestra solicitud en l\u00ednea, r\u00e1pida y sencilla, en solo unos minutos.<\/h3><\/div> <!-- header --><\/div> <!-- aio-icon-box --><\/div> <!-- aio-icon-component --><\/div><\/div><\/div><\/div><\/div><div class=\"wpb_column pos-middle pos-center align_left column_parent col-lg-4 single-internal-gutter\"><div class=\"uncol style-light\"  ><div class=\"uncoltable\"><div class=\"uncell no-block-padding\" ><div class=\"uncont\" ><span class=\"btn-container\" ><a href=\"https:\/\/app.loanspq.com\/vl\/VehicleLoan.aspx?lenderref=Brightstarcu070620\" class=\"custom-link btn border-width-0 combo_qa btn-accent btn-round btn-icon-left\" title=\"\u00a1SOLICITA UN PR\u00c9STAMO!\" target=\"_blank\">REFINANCIAR AHORA<\/a><\/span><\/div><\/div><\/div><\/div><\/div><script id=\"script-row-unique-1\" data-row=\"script-row-unique-1\" type=\"text\/javascript\" class=\"vc_controls\">UNCODE.initRow(document.getElementById(\"row-unique-1\"));<\/script><\/div><\/div><\/div><div data-parent=\"true\" class=\"vc_row style-color-xsdn-bg vc_custom_1729618551425 row-container has-dividers\" style=\"padding-top: 50px ;padding-bottom: 25px ;\" id=\"row-unique-2\"><div class=\"uncode-divider-wrap uncode-divider-wrap-top z_index_0 uncode-row-divider-invert\" style=\"height: 50px;\" data-height=\"50\" data-unit=\"px\"><svg version=\"1.1\" class=\"uncode-row-divider uncode-row-divider-curve\" x=\"0px\" y=\"0px\" width=\"240px\" height=\"24px\" viewbox=\"0 0 240 24\" enable-background=\"new 0 0 240 24\" xml:space=\"preserve\" preserveaspectratio=\"none\">\n\t\t<path fill=\"#ffffff\" fill-opacity=\"0.33\" d=\"M0,0v24L240,0H0z\"\/>\n\t\t<path fill=\"#ffffff\" d=\"M0,0v20.279L240,0H0z\"\/>\n\t\t<path fill=\"#ffffff\" fill-opacity=\"0.33\" d=\"M0,0v22.01L240,0H0z\"\/>\n\t\t<\/svg><\/div><div class=\"row limit-width row-parent\"><div class=\"wpb_row row-inner\"><div class=\"wpb_column pos-top pos-center align_left column_parent col-lg-12 single-internal-gutter\"><div class=\"uncol style-light\"  ><div class=\"uncoltable\"><div class=\"uncell no-block-padding\" ><div class=\"uncont\" ><div id=\"ultimate-heading-595969e15a2b3e364\" class=\"uvc-heading ult-adjust-bottom-margin ultimate-heading-595969e15a2b3e364 uvc-4322\" data-hspacer=\"no_spacer\"  data-halign=\"left\" style=\"text-align:left\"><div class=\"uvc-heading-spacer no_spacer\" style=\"top\"><\/div><div class=\"uvc-main-heading ult-responsive\"  data-ultimate-target='.uvc-heading.ultimate-heading-595969e15a2b3e364 h3'  data-responsive-json-new='{\"font-size\":\"\",\"line-height\":\"\"}' ><h3 style=\"font-weight:bold;color:#00475f;\">\u00bfPor qu\u00e9 elegir BrightStar para refinanciar su auto?<\/h3><\/div><\/div><div class=\"vc_row row-internal row-container\"><div class=\"row row-child\"><div class=\"wpb_row row-inner\"><div class=\"wpb_column pos-top pos-center align_left column_child col-lg-12 single-internal-gutter\"><div class=\"uncol style-light\" ><div class=\"uncoltable\"><div class=\"uncell no-block-padding\" ><div class=\"uncont\" ><div class=\"uavc-list-icon uavc-list-icon-wrapper ult-adjust-bottom-margin\"><ul class=\"uavc-list\"><li><div class=\"uavc-list-content\" id=\"list-icon-wrap-3813\">\n<div class=\"uavc-list-icon\" data-animation=\"\" data-animation-delay=\"03\" style=\"margin-right:5px;\"><div class=\"ult-just-icon-wrapper\"><div class=\"align-icon\" style=\"text-align:center;\">\n<div class=\"aio-icon none\"  style=\"color:#81d742;font-size:20px;display:inline-block;\">\n\t<i class=\"Defaults-check\"><\/i>\n<\/div><\/div><\/div>\n<\/div><span  data-ultimate-target='#list-icon-wrap-3813 .uavc-list-desc'  data-responsive-json-new='{\"font-size\":\"\",\"line-height\":\"\"}'  class=\"uavc-list-desc ult-responsive\" style=\"color:#000000;\"><span style=\"color: #000000;\">Las tarifas competitivas comienzan en <span id=\"auto_refi\">X.XX%<\/span> Tasa de Porcentaje Anual (TAE)* con condiciones de pr\u00e9stamo flexibles. Al reducir su tasa, podr\u00eda ahorrar cientos de d\u00f3lares.<\/span><\/span><\/div><\/li><li><div class=\"uavc-list-content\" id=\"list-icon-wrap-1663\">\n<div class=\"uavc-list-icon\" data-animation=\"\" data-animation-delay=\"03\" style=\"margin-right:5px;\"><div class=\"ult-just-icon-wrapper\"><div class=\"align-icon\" style=\"text-align:center;\">\n<div class=\"aio-icon none\"  style=\"color:#81d742;font-size:20px;display:inline-block;\">\n\t<i class=\"Defaults-check\"><\/i>\n<\/div><\/div><\/div>\n<\/div><span  data-ultimate-target='#list-icon-wrap-1663 .uavc-list-desc'  data-responsive-json-new='{\"font-size\":\"\",\"line-height\":\"\"}'  class=\"uavc-list-desc ult-responsive\" style=\"color:#000000;\"><span style=\"color: #000000;\">2 Omitir un pago cada 12 meses***<\/span><\/span><\/div><\/li><li><div class=\"uavc-list-content\" id=\"list-icon-wrap-2544\">\n<div class=\"uavc-list-icon\" data-animation=\"\" data-animation-delay=\"03\" style=\"margin-right:5px;\"><div class=\"ult-just-icon-wrapper\"><div class=\"align-icon\" style=\"text-align:center;\">\n<div class=\"aio-icon none\"  style=\"color:#81d742;font-size:20px;display:inline-block;\">\n\t<i class=\"Defaults-check\"><\/i>\n<\/div><\/div><\/div>\n<\/div><span  data-ultimate-target='#list-icon-wrap-2544 .uavc-list-desc'  data-responsive-json-new='{\"font-size\":\"\",\"line-height\":\"\"}'  class=\"uavc-list-desc ult-responsive\" style=\"color:#000000;\"><span style=\"color: #000000;\">Aprobaciones r\u00e1pidas<\/span><\/span><\/div><\/li><li><div class=\"uavc-list-content\" id=\"list-icon-wrap-1879\">\n<div class=\"uavc-list-icon\" data-animation=\"\" data-animation-delay=\"03\" style=\"margin-right:5px;\"><div class=\"ult-just-icon-wrapper\"><div class=\"align-icon\" style=\"text-align:center;\">\n<div class=\"aio-icon none\"  style=\"color:#81d742;font-size:20px;display:inline-block;\">\n\t<i class=\"Defaults-check\"><\/i>\n<\/div><\/div><\/div>\n<\/div><span  data-ultimate-target='#list-icon-wrap-1879 .uavc-list-desc'  data-responsive-json-new='{\"font-size\":\"\",\"line-height\":\"\"}'  class=\"uavc-list-desc ult-responsive\" style=\"color:#000000;\"><span style=\"color: #000000;\">Un servicio en el que puede confiar<\/span><\/span><\/div><\/li><\/ul><\/div><\/div><\/div><\/div><\/div><\/div><\/div><\/div><\/div><\/div><\/div><\/div><\/div><\/div><script id=\"script-row-unique-2\" data-row=\"script-row-unique-2\" type=\"text\/javascript\" class=\"vc_controls\">UNCODE.initRow(document.getElementById(\"row-unique-2\"));<\/script><\/div><\/div><\/div><div data-parent=\"true\" class=\"vc_row style-color-lxmt-bg vc_custom_1571928003836 row-container\" style=\"padding-top: 20px ;padding-bottom: 20px ;\" id=\"row-unique-3\"><div class=\"row limit-width row-parent\"><div class=\"wpb_row row-inner\"><div class=\"wpb_column pos-middle pos-left align_left column_parent col-lg-12 no-internal-gutter\"><div class=\"uncol style-light\"  ><div class=\"uncoltable\"><div class=\"uncell no-block-padding\" ><div class=\"uncont\" ><div class=\"uncode_text_column vc_custom_1723036946716\"  style=\"margin-top: 20px ;\"><\/p>\n<p style=\"font-size: .85em;\" align=\"justify\"><span style=\"line-height: 120%; letter-spacing: -0.1pt; color: #000000;\">*APR = Tasa de Porcentaje Anual (APR). Se aplican condiciones y aprobaci\u00f3n de cr\u00e9dito. Las personas que cumplen con los criterios de pr\u00e9stamo y cuenta pueden calificar para tasas desde <span id=\"auto_refi_x\">X.XX%<\/span> APR* para miembros Platinum Star y tan bajo como <span id=\"non_psm_auto_refi\">X.XX%<\/span> Tasa de Porcentaje Anual (TAE)* para miembros que no sean Platinum Star durante 36 meses. Hay otras tasas y plazos disponibles. Su tasa, plazo y pago reales pueden variar seg\u00fan su historial crediticio, el monto del pr\u00e9stamo y otros factores. La oferta no aplica para refinanciar pr\u00e9stamos para autom\u00f3viles de BrightStar CU.<\/span><\/p>\n<p>\n<\/div><div class=\"uncode_text_column vc_custom_1723036965678\"  style=\"margin-top: 20px ;\"><\/p>\n<p style=\"font-size: .85em;\" align=\"justify\"><span style=\"line-height: 120%; letter-spacing: -0.1pt; color: #000000;\">Al completar y entregar este formulario, autorizo a Bright Star Credit Union a extender el pago final de mi pr\u00e9stamo por un mes. Solo se pueden debitar las cuentas de BrightStar. Autorizo a BrightStar CU a deducir el cargo por procesamiento $40 (que es un CARGO POR FINANCIAMIENTO) de la cuenta indicada anteriormente (o adjuntar\u00e9 un cheque o giro postal para mi pago). Entiendo que los intereses de mi pr\u00e9stamo continuar\u00e1n acumul\u00e1ndose durante el\/los mes(es) en que omita mi(s) pago(s). Los pagos de pr\u00e9stamos que normalmente se realizan por dep\u00f3sito directo o deducci\u00f3n de n\u00f3mina se depositar\u00e1n en mi cuenta de ahorros. BrightStar no puede detener los pagos de la C\u00e1mara de Compensaci\u00f3n Autom\u00e1tica (ACH). Entiendo que si el pago de mi pr\u00e9stamo est\u00e1 configurado para deducirse autom\u00e1ticamente, es mi responsabilidad contactar a mi instituci\u00f3n financiera para detener el pago del mes en que omitir\u00e9 un pago del pr\u00e9stamo. Entiendo que omitir pagos resultar\u00e1 en m\u00e1s pagos peri\u00f3dicos, mayores montos de pagos peri\u00f3dicos o un pago final mayor, seg\u00fan lo determine la Cooperativa de Cr\u00e9dito a su entera discreci\u00f3n. Tenga en cuenta que las tarjetas de cr\u00e9dito, el cr\u00e9dito con garant\u00eda hipotecaria, los pr\u00e9stamos comerciales y los pagos hipotecarios no son elegibles para esta oferta de omisi\u00f3n de pago. BrightStar CU se reserva el derecho de rechazar esta oferta por cualquier motivo. La oferta est\u00e1 sujeta a cancelaci\u00f3n. Se aplican algunas restricciones. La oferta est\u00e1 sujeta a cambios en cualquier momento. \u00bfPreguntas? Ll\u00e1menos al 954-486-2728.<\/span><\/p>\n<p>\n<\/div><div class=\"uncode_text_column vc_custom_1723036972522\"  style=\"padding-top: 20px ;\"><\/p>\n<p style=\"font-size: .85em;\" align=\"justify\"><span style=\"color: #000000;\"><strong>Atenci\u00f3n:<\/strong> Si reside en Wisconsin (WI), Iowa (IA), Nuevo Hampshire (NH), Luisiana (LA), Virginia (VA), Colorado (CO), Distrito de Columbia (DC), Maine (ME), Massachusetts (MA), Misuri (MO), Nebraska (NE), Virginia Occidental (WV) o Carolina del Sur (SC), BrightStar Credit Union no puede financiar ciertos pr\u00e9stamos garantizados en este momento. Los productos de pr\u00e9stamo afectados son todos los pr\u00e9stamos para veh\u00edculos y pr\u00e9stamos garantizados con acciones\/certificados de dep\u00f3sito, excepto los pr\u00e9stamos para autom\u00f3viles comerciales y las tarjetas de cr\u00e9dito garantizadas.<\/span><\/p>\n<p>\n<\/div>\n\t<div class=\"wpb_raw_code wpb_raw_js\" >\n\t\t<div class=\"wpb_wrapper\">\n\t\t\t<script src=\"https:\/\/rates.mybscu.org\/apis\/autoloan.js\"><\/script>\n\t\t<\/div>\n\t<\/div>\n<\/div><\/div><\/div><\/div><\/div><script id=\"script-row-unique-3\" data-row=\"script-row-unique-3\" type=\"text\/javascript\" class=\"vc_controls\">UNCODE.initRow(document.getElementById(\"row-unique-3\"));<\/script><\/div><\/div><\/div>\n<\/div>","protected":false},"excerpt":{"rendered":"<p>Sin pagos durante 90 d\u00edas y hasta $150 de reembolso en efectivo al refinanciar su pr\u00e9stamo para autom\u00f3vil en Florida. \u00a1Baja tasa de refinanciamiento de autom\u00f3viles!<\/p>","protected":false},"author":8,"featured_media":0,"parent":0,"menu_order":0,"comment_status":"closed","ping_status":"closed","template":"","meta":{"footnotes":""},"class_list":["post-13235","page","type-page","status-publish","hentry"],"yoast_head":"<!-- This site is optimized with the Yoast SEO Premium plugin v26.4 (Yoast SEO v26.4) - https:\/\/yoast.com\/wordpress\/plugins\/seo\/ -->\n<title>South Florida Auto Refinance - BrightStar Credit Union<\/title>\n<meta name=\"description\" content=\"No payments for 90 days and up to $150 cash back when refinancing your auto loan in Florida. Low auto refinance rate!\" \/>\n<meta name=\"robots\" content=\"noindex, follow, max-snippet:-1, max-image-preview:large, max-video-preview:-1\" \/>\n<meta property=\"og:locale\" content=\"es_ES\" \/>\n<meta property=\"og:type\" content=\"article\" \/>\n<meta property=\"og:title\" content=\"South Florida Auto Refinance\" \/>\n<meta property=\"og:description\" content=\"No payments for 90 days and up to $150 cash back when refinancing your auto loan in Florida. Low auto refinance rate!\" \/>\n<meta property=\"og:url\" content=\"https:\/\/old.mybscu.org\/es\/refinow\/\" \/>\n<meta property=\"og:site_name\" content=\"BrightStar Credit Union\" \/>\n<meta property=\"article:publisher\" content=\"https:\/\/www.facebook.com\/BrightStarCU\/\" \/>\n<meta property=\"article:modified_time\" content=\"2025-06-26T20:15:13+00:00\" \/>\n<meta name=\"twitter:card\" content=\"summary_large_image\" \/>\n<meta name=\"twitter:label1\" content=\"Tiempo de lectura\" \/>\n\t<meta name=\"twitter:data1\" content=\"3 minutos\" \/>\n<script type=\"application\/ld+json\" class=\"yoast-schema-graph\">{\"@context\":\"https:\/\/schema.org\",\"@graph\":[{\"@type\":\"WebPage\",\"@id\":\"https:\/\/old.mybscu.org\/refinow\/\",\"url\":\"https:\/\/old.mybscu.org\/refinow\/\",\"name\":\"South Florida Auto Refinance - BrightStar Credit Union\",\"isPartOf\":{\"@id\":\"https:\/\/old.mybscu.org\/#website\"},\"datePublished\":\"2022-01-19T19:03:25+00:00\",\"dateModified\":\"2025-06-26T20:15:13+00:00\",\"description\":\"No payments for 90 days and up to $150 cash back when refinancing your auto loan in Florida. Low auto refinance rate!\",\"breadcrumb\":{\"@id\":\"https:\/\/old.mybscu.org\/refinow\/#breadcrumb\"},\"inLanguage\":\"es\",\"potentialAction\":[{\"@type\":\"ReadAction\",\"target\":[\"https:\/\/old.mybscu.org\/refinow\/\"]}]},{\"@type\":\"BreadcrumbList\",\"@id\":\"https:\/\/old.mybscu.org\/refinow\/#breadcrumb\",\"itemListElement\":[{\"@type\":\"ListItem\",\"position\":1,\"name\":\"Home\",\"item\":\"https:\/\/old.mybscu.org\/\"},{\"@type\":\"ListItem\",\"position\":2,\"name\":\"South Florida Auto Refinance\"}]},{\"@type\":\"WebSite\",\"@id\":\"https:\/\/old.mybscu.org\/#website\",\"url\":\"https:\/\/old.mybscu.org\/\",\"name\":\"BrightStar Credit Union\",\"description\":\"Serving  Broward, Collier, Lee, Martin, Miami-Dade, Palm Beach or St. Lucie Counties, Florida.\",\"publisher\":{\"@id\":\"https:\/\/old.mybscu.org\/#organization\"},\"potentialAction\":[{\"@type\":\"SearchAction\",\"target\":{\"@type\":\"EntryPoint\",\"urlTemplate\":\"https:\/\/old.mybscu.org\/?s={search_term_string}\"},\"query-input\":{\"@type\":\"PropertyValueSpecification\",\"valueRequired\":true,\"valueName\":\"search_term_string\"}}],\"inLanguage\":\"es\"},{\"@type\":\"Organization\",\"@id\":\"https:\/\/old.mybscu.org\/#organization\",\"name\":\"BrightStar Credit Union\",\"url\":\"https:\/\/old.mybscu.org\/\",\"logo\":{\"@type\":\"ImageObject\",\"inLanguage\":\"es\",\"@id\":\"https:\/\/old.mybscu.org\/#\/schema\/logo\/image\/\",\"url\":\"https:\/\/old.mybscu.org\/wp-content\/uploads\/2016\/07\/logo-1.png\",\"contentUrl\":\"https:\/\/old.mybscu.org\/wp-content\/uploads\/2016\/07\/logo-1.png\",\"width\":500,\"height\":214,\"caption\":\"BrightStar Credit Union\"},\"image\":{\"@id\":\"https:\/\/old.mybscu.org\/#\/schema\/logo\/image\/\"},\"sameAs\":[\"https:\/\/www.facebook.com\/BrightStarCU\/\",\"https:\/\/www.instagram.com\/brightstar.creditunion\/\"]}]}<\/script>\n<!-- \/ Yoast SEO Premium plugin. -->","yoast_head_json":{"title":"South Florida Auto Refinance - BrightStar Credit Union","description":"Sin pagos durante 90 d\u00edas y hasta $150 de reembolso en efectivo al refinanciar su pr\u00e9stamo para autom\u00f3vil en Florida. \u00a1Baja tasa de refinanciamiento de autom\u00f3viles!","robots":{"index":"noindex","follow":"follow","max-snippet":"max-snippet:-1","max-image-preview":"max-image-preview:large","max-video-preview":"max-video-preview:-1"},"og_locale":"es_ES","og_type":"article","og_title":"South Florida Auto Refinance","og_description":"No payments for 90 days and up to $150 cash back when refinancing your auto loan in Florida. Low auto refinance rate!","og_url":"https:\/\/old.mybscu.org\/es\/refinow\/","og_site_name":"BrightStar Credit Union","article_publisher":"https:\/\/www.facebook.com\/BrightStarCU\/","article_modified_time":"2025-06-26T20:15:13+00:00","twitter_card":"summary_large_image","twitter_misc":{"Tiempo de lectura":"3 minutos"},"schema":{"@context":"https:\/\/schema.org","@graph":[{"@type":"WebPage","@id":"https:\/\/old.mybscu.org\/refinow\/","url":"https:\/\/old.mybscu.org\/refinow\/","name":"South Florida Auto Refinance - BrightStar Credit Union","isPartOf":{"@id":"https:\/\/old.mybscu.org\/#website"},"datePublished":"2022-01-19T19:03:25+00:00","dateModified":"2025-06-26T20:15:13+00:00","description":"Sin pagos durante 90 d\u00edas y hasta $150 de reembolso en efectivo al refinanciar su pr\u00e9stamo para autom\u00f3vil en Florida. \u00a1Baja tasa de refinanciamiento de autom\u00f3viles!","breadcrumb":{"@id":"https:\/\/old.mybscu.org\/refinow\/#breadcrumb"},"inLanguage":"es","potentialAction":[{"@type":"ReadAction","target":["https:\/\/old.mybscu.org\/refinow\/"]}]},{"@type":"BreadcrumbList","@id":"https:\/\/old.mybscu.org\/refinow\/#breadcrumb","itemListElement":[{"@type":"ListItem","position":1,"name":"Home","item":"https:\/\/old.mybscu.org\/"},{"@type":"ListItem","position":2,"name":"South Florida Auto Refinance"}]},{"@type":"WebSite","@id":"https:\/\/old.mybscu.org\/#website","url":"https:\/\/old.mybscu.org\/","name":"Cooperativa de cr\u00e9dito BrightStar","description":"Sirviendo a los condados de Broward, Collier, Lee, Martin, Miami-Dade, Palm Beach o St. Lucie, Florida.","publisher":{"@id":"https:\/\/old.mybscu.org\/#organization"},"potentialAction":[{"@type":"SearchAction","target":{"@type":"EntryPoint","urlTemplate":"https:\/\/old.mybscu.org\/?s={search_term_string}"},"query-input":{"@type":"PropertyValueSpecification","valueRequired":true,"valueName":"search_term_string"}}],"inLanguage":"es"},{"@type":"Organization","@id":"https:\/\/old.mybscu.org\/#organization","name":"Cooperativa de cr\u00e9dito BrightStar","url":"https:\/\/old.mybscu.org\/","logo":{"@type":"ImageObject","inLanguage":"es","@id":"https:\/\/old.mybscu.org\/#\/schema\/logo\/image\/","url":"https:\/\/old.mybscu.org\/wp-content\/uploads\/2016\/07\/logo-1.png","contentUrl":"https:\/\/old.mybscu.org\/wp-content\/uploads\/2016\/07\/logo-1.png","width":500,"height":214,"caption":"BrightStar Credit Union"},"image":{"@id":"https:\/\/old.mybscu.org\/#\/schema\/logo\/image\/"},"sameAs":["https:\/\/www.facebook.com\/BrightStarCU\/","https:\/\/www.instagram.com\/brightstar.creditunion\/"]}]}},"_links":{"self":[{"href":"https:\/\/old.mybscu.org\/es\/wp-json\/wp\/v2\/pages\/13235","targetHints":{"allow":["GET"]}}],"collection":[{"href":"https:\/\/old.mybscu.org\/es\/wp-json\/wp\/v2\/pages"}],"about":[{"href":"https:\/\/old.mybscu.org\/es\/wp-json\/wp\/v2\/types\/page"}],"author":[{"embeddable":true,"href":"https:\/\/old.mybscu.org\/es\/wp-json\/wp\/v2\/users\/8"}],"replies":[{"embeddable":true,"href":"https:\/\/old.mybscu.org\/es\/wp-json\/wp\/v2\/comments?post=13235"}],"version-history":[{"count":3,"href":"https:\/\/old.mybscu.org\/es\/wp-json\/wp\/v2\/pages\/13235\/revisions"}],"predecessor-version":[{"id":17842,"href":"https:\/\/old.mybscu.org\/es\/wp-json\/wp\/v2\/pages\/13235\/revisions\/17842"}],"wp:attachment":[{"href":"https:\/\/old.mybscu.org\/es\/wp-json\/wp\/v2\/media?parent=13235"}],"curies":[{"name":"wp","href":"https:\/\/api.w.org\/{rel}","templated":true}]}}