{"id":191,"date":"2016-08-04T19:58:45","date_gmt":"2016-08-04T19:58:45","guid":{"rendered":"https:\/\/old.mybscu.org\/?page_id=191"},"modified":"2021-11-05T10:02:42","modified_gmt":"2021-11-05T14:02:42","slug":"mobilebanking","status":"publish","type":"page","link":"https:\/\/old.mybscu.org\/es\/mobilebanking\/","title":{"rendered":"Banca m\u00f3vil"},"content":{"rendered":"<div class=\"wpb-content-wrapper\"><div data-parent=\"true\" class=\"vc_row vc_custom_1470336178897 row-container\" style=\"margin-bottom: 25px ;\" id=\"row-unique-0\"><div class=\"row limit-width row-parent\"><div class=\"wpb_row row-inner\"><div class=\"wpb_column pos-top pos-center align_left column_parent col-lg-12 single-internal-gutter\"><div class=\"uncol style-light\"  ><div class=\"uncoltable\"><div class=\"uncell  vc_custom_1469730998120 border-color-204383-color no-block-padding\" style=\"border-style: solid;border-bottom-width: 1px ;padding-bottom: 35px ;\" ><div class=\"uncont\" ><div class=\"vc_custom_heading_wrap\"><div class=\"heading-text el-text\" ><h1 class=\"h1\" ><span>Aplicaci\u00f3n de BrightStar Credit Union<\/span><\/h1><\/div><div class=\"clear\"><\/div><\/div><\/div><\/div><\/div><\/div><\/div><script id=\"script-row-unique-0\" data-row=\"script-row-unique-0\" type=\"text\/javascript\" class=\"vc_controls\">UNCODE.initRow(document.getElementById(\"row-unique-0\"));<\/script><\/div><\/div><\/div><div data-parent=\"true\" class=\"vc_row vc_custom_1472063274718 row-container\" style=\"margin-bottom: 50px ;\" id=\"row-unique-1\"><div class=\"row limit-width row-parent\"><div class=\"wpb_row row-inner\"><div class=\"wpb_column pos-top pos-center align_left column_parent col-lg-8 single-internal-gutter\"><div class=\"uncol style-light\"  ><div class=\"uncoltable\"><div class=\"uncell no-block-padding\" ><div class=\"uncont\" ><div class=\"uncode_text_column vc_custom_1488379575443\"  style=\"margin-top: 40px ;margin-bottom: 40px ;\"><p><img decoding=\"async\" class=\"alignnone size-full wp-image-2495\" src=\"https:\/\/old.mybscu.org\/wp-content\/uploads\/2016\/08\/Mobile-Banking.jpg\" alt=\"BrightStar Credtit Union Download our Mobile App\" width=\"929\" height=\"350\" srcset=\"https:\/\/old.mybscu.org\/wp-content\/uploads\/2016\/08\/Mobile-Banking.jpg 929w, https:\/\/old.mybscu.org\/wp-content\/uploads\/2016\/08\/Mobile-Banking-300x113.jpg 300w, https:\/\/old.mybscu.org\/wp-content\/uploads\/2016\/08\/Mobile-Banking-768x289.jpg 768w\" sizes=\"(max-width: 929px) 100vw, 929px\" \/><\/p>\n<\/div><div class=\"uncode_text_column vc_custom_1476993187799\"  style=\"margin-top: 25px ;margin-bottom: 25px ;\"><p>Las aplicaciones para tel\u00e9fonos inteligentes y la banca m\u00f3vil en l\u00ednea de BrightStar Credit Union hacen que sea seguro y f\u00e1cil depositar en su cuenta y pagar facturas en l\u00ednea.<\/p>\n<\/div><div class=\"vc_row row-internal row-container\"><div class=\"row row-child\"><div class=\"wpb_row row-inner\"><div class=\"wpb_column pos-top pos-center align_left column_child col-lg-6 single-internal-gutter\"><div class=\"uncol style-light\" ><div class=\"uncoltable\"><div class=\"uncell no-block-padding\" ><div class=\"uncont\" ><div class=\"uncode_text_column\" ><p><a href=\"https:\/\/itunes.apple.com\/us\/app\/brightstar\/id464909122?mt=8\"><img decoding=\"async\" class=\"size-full wp-image-2511 aligncenter\" src=\"https:\/\/old.mybscu.org\/wp-content\/uploads\/2016\/08\/Apple-App-store.jpg\" alt=\"Download BSCU Apple App store\" width=\"258\" height=\"85\" \/><\/a><\/p>\n<\/div><\/div><\/div><\/div><\/div><\/div><div class=\"wpb_column pos-top pos-center align_left column_child col-lg-6 single-internal-gutter\"><div class=\"uncol style-light\" ><div class=\"uncoltable\"><div class=\"uncell no-block-padding\" ><div class=\"uncont\" ><div class=\"uncode_text_column\" ><p><a href=\"https:\/\/play.google.com\/store\/apps\/details?id=com.brightstarcreditunion5196.production\"><img decoding=\"async\" class=\"aligncenter wp-image-2512 size-full\" src=\"https:\/\/old.mybscu.org\/wp-content\/uploads\/2016\/08\/Google-Play.jpg\" alt=\"\" width=\"258\" height=\"85\" \/><\/a><\/p>\n<\/div><\/div><\/div><\/div><\/div><\/div><\/div><\/div><\/div><div class=\"vc_row row-internal row-container\"><div class=\"row unequal row-child\"><div class=\"wpb_row row-inner\"><div class=\"wpb_column pos-top pos-center align_left column_child col-lg-6 single-internal-gutter\"><div class=\"uncol style-light\" ><div class=\"uncoltable\"><div class=\"uncell no-block-padding\" ><div class=\"uncont\" ><div class=\"uncode_text_column vc_custom_1636120960255\"  style=\"margin-top: 20px ;\"><\/p>\n<h2>Beneficios y caracter\u00edsticas<\/h2>\n<ol>\n<li>Consulta tus saldos<\/li>\n<li>Realizar transferencias<\/li>\n<li>Ver el historial de su cuenta<\/li>\n<li>\u00a1Solicita un pr\u00e9stamo!<\/li>\n<li>Encuentre ubicaciones \/ cajeros autom\u00e1ticos<\/li>\n<li>Realice dep\u00f3sitos m\u00f3viles de hasta $5000<\/li>\n<\/ol>\n<p>\n<\/div><div class=\"uncode_text_column vc_custom_1472060823547\"  style=\"margin-top: 20px ;\"><\/p>\n<h3>Paso uno:<\/h3>\n<h5>\u00a1Encuentra y descarga la aplicaci\u00f3n!<\/h5>\n<p>Vaya a Android Market o a la App Store de Apple y busque &quot;BrightStar Credit Union&quot;. Una vez que encuentre la aplicaci\u00f3n, toque el bot\u00f3n de instalaci\u00f3n para iniciar el proceso. Una vez descargada, podr\u00e1 abrirla.<\/p>\n<p>Los usuarios de iPhone simplemente introducen su contrase\u00f1a de iTunes para comenzar a instalar la app. La app aparecer\u00e1 en la \u00faltima p\u00e1gina, a la derecha del dispositivo. Una vez que la encuentres, pulsa para iniciarla.<\/p>\n<\/div><\/div><\/div><\/div><\/div><\/div><div class=\"wpb_column pos-middle pos-center align_center column_child col-lg-6 single-internal-gutter\"><div class=\"uncol style-light\" ><div class=\"uncoltable\"><div class=\"uncell no-block-padding\" ><div class=\"uncont\" ><div class=\"uncode_text_column vc_custom_1486581668772\"  style=\"margin-top: 20px ;\"><\/p>\n<h5>Tienda Apple<\/h5>\n<p>\n<\/div><span class=\"btn-container\" ><a href=\"https:\/\/itunes.apple.com\/us\/app\/brightstar\/id464909122?mt=8\" class=\"custom-link btn border-width-0 btn-color-310791 btn-icon-left\" target=\"_blank\">Descargar ahora<\/a><\/span><div class=\"empty-space empty-triple\" ><span class=\"empty-space-inner\"><\/span><\/div>\n<div class=\"uncode_text_column vc_custom_1486581678459\"  style=\"margin-top: 20px ;\"><\/p>\n<h5>Tienda Google Play<\/h5>\n<p>\n<\/div><span class=\"btn-container\" ><a href=\"https:\/\/play.google.com\/store\/apps\/details?id=com.brightstarcreditunion5196.production\" class=\"custom-link btn border-width-0 btn-color-310791 btn-icon-left\" target=\"_blank\">Descargar ahora<\/a><\/span><\/div><\/div><\/div><\/div><\/div><\/div><\/div><\/div><div class=\"uncode_text_column vc_custom_1472060969730\"  style=\"margin-top: 20px ;\"><\/p>\n<h3>Paso dos:<\/h3>\n<h5>\u00a1Activa la App!<\/h5>\n<p>Por seguridad, deber\u00e1 activar la aplicaci\u00f3n en su dispositivo la primera vez que la use introduciendo un c\u00f3digo de acceso. Para obtenerlo, siga estas instrucciones:<\/p>\n<ul style=\"list-style-type: decimal;\">\n<li>Inicie sesi\u00f3n en la Banca en L\u00ednea en https:\/\/old.mybscu.org\/ utilizando su navegador web.<\/li>\n<li>Haga clic en \u201cOpciones de usuario\u201d y luego en \u201cCambiar dispositivos de usuario\u201d.<\/li>\n<li>Haga clic en \u201cAgregar nuevo dispositivo\u201d y agregue un nuevo dispositivo \u201cM\u00f3vil\u201d.<\/li>\n<li>Dale un apodo a tu dispositivo, como por ejemplo \u201cMi tel\u00e9fono Android\u201d y haz clic en \u201cSiguiente\u201d.<\/li>\n<li>Anota el c\u00f3digo de activaci\u00f3n de tu dispositivo<\/li>\n<li>Introduce tu c\u00f3digo de activaci\u00f3n en la app de tu dispositivo y listo. \u00a1Disfruta de tu nueva app!<\/li>\n<\/ul>\n<p>Solo un recordatorio: para recibir su c\u00f3digo de activaci\u00f3n debe elegir \u201cM\u00f3vil\u201d e ingresar su n\u00famero de tel\u00e9fono; si ha elegido \u201cSMS\u201d o \u201cCorreo electr\u00f3nico\u201d, deber\u00e1 volver a agregar el nuevo dispositivo y elegir \u201cM\u00f3vil\u201d para recibir su c\u00f3digo de activaci\u00f3n.<\/p>\n<\/div><\/div><\/div><\/div><\/div><\/div><div class=\"wpb_column pos-top pos-center align_left column_parent col-lg-4 single-internal-gutter\"><div class=\"uncol style-light\"  ><div class=\"uncoltable\"><div class=\"uncell no-block-padding\" ><div class=\"uncont\" ><div class=\"uncode_text_column text-lead\" ><\/p>\n<h4>Enlaces r\u00e1pidos<\/h4>\n<p>\n<\/div><div class=\"vc_wp_custommenu wpb_content_element sidebar-nav\"  data-id=\"1\"><div class=\"widget widget_nav_menu\"><div class=\"menu-sidebar-menu-container\"><ul id=\"menu-sidebar-menu\" class=\"menu\"><li id=\"menu-item-198\" class=\"menu-item menu-item-type-post_type menu-item-object-page menu-item-198\"><a href=\"https:\/\/old.mybscu.org\/es\/onlinebanking\/\"><i class=\"side-icon genericon genericon-next\"><\/i>Extractos electr\u00f3nicos de BrightStar<\/a><\/li>\n<li id=\"menu-item-6514\" class=\"menu-item menu-item-type-post_type menu-item-object-page menu-item-6514\"><a href=\"https:\/\/old.mybscu.org\/es\/courtesypay\/\"><i class=\"side-icon genericon genericon-next\"><\/i>Pago de cortes\u00eda<\/a><\/li>\n<li id=\"menu-item-459\" class=\"menu-item menu-item-type-post_type menu-item-object-page menu-item-459\"><a href=\"https:\/\/old.mybscu.org\/es\/directdeposit\/\"><i class=\"side-icon genericon genericon-next\"><\/i>Dep\u00f3sito directo<\/a><\/li>\n<li id=\"menu-item-197\" class=\"menu-item menu-item-type-post_type menu-item-object-page menu-item-197\"><a href=\"https:\/\/old.mybscu.org\/es\/moneydesktop\/\"><i class=\"side-icon genericon genericon-next\"><\/i>Dinero de escritorio<\/a><\/li>\n<li id=\"menu-item-458\" class=\"menu-item menu-item-type-post_type menu-item-object-page menu-item-458\"><a href=\"https:\/\/old.mybscu.org\/es\/onlinebanking\/\"><i class=\"side-icon genericon genericon-next\"><\/i>Banca en l\u00ednea y pago de facturas<\/a><\/li>\n<li id=\"menu-item-466\" class=\"menu-item menu-item-type-post_type menu-item-object-page menu-item-466\"><a href=\"https:\/\/old.mybscu.org\/es\/debitcard\/\"><i class=\"side-icon genericon genericon-next\"><\/i>Tarjeta de cheques Visa<\/a><\/li>\n<li id=\"menu-item-200\" class=\"menu-item menu-item-type-post_type menu-item-object-page menu-item-200\"><a href=\"https:\/\/old.mybscu.org\/es\/skipapay\/\"><i class=\"side-icon genericon genericon-next\"><\/i>Saltar un pago<\/a><\/li>\n<li id=\"menu-item-196\" class=\"menu-item menu-item-type-post_type menu-item-object-page menu-item-196\"><a href=\"https:\/\/old.mybscu.org\/es\/mobilebanking\/\"><i class=\"side-icon genericon genericon-next\"><\/i>Aplicaciones para tel\u00e9fonos inteligentes<\/a><\/li>\n<\/ul><\/div><\/div><\/div><div class=\"uncode_text_column text-lead\" ><\/p>\n<h4>Preguntas frecuentes<\/h4>\n<p>\n<\/div><div class=\"uncode-accordion wpb_accordion wpb_content_element  sign-size-rg w-border\" data-collapsible=\"no\" data-target=\"\" data-active-tab=\"0\" >\n\t\t<div class=\"panel-group wpb_wrapper wpb_accordion_wrapper\" id=\"accordion_614988801\" role=\"tablist\" aria-multiselectable=\"true\" data-no-toggle=\"\">\n\n<div class=\"panel panel-default wpb_accordion_section group\"><div class=\"panel-heading wpb_accordion_header ui-accordion-header\" role=\"tab\"><p class=\"panel-title font-weight- text-   icon-size-rg\"><a data-toggle=\"collapse\" data-parent=\"#accordion_614988801\" href=\"#1c2bfb3e-faf8-0\"><span>\u00bfC\u00f3mo me uno a BrightStar CU?<\/span><\/a><\/p><\/div><div id=\"1c2bfb3e-faf8-0\" class=\"panel-collapse collapse\" role=\"tabpanel\"><div class=\"panel-body wpb_accordion_content ui-accordion-content half-internal-gutter single-block-padding\">\n\t\t\t\t\t\t<div class=\"uncode_text_column\" ><p>Cuando abre una cuenta de BrightStar CU, se convierte en miembro. Su membres\u00eda es su pasaporte a todo un mundo de servicios de cooperativas de cr\u00e9dito. \u00danase por tan solo $1. Una vez que sea miembro, podr\u00e1 solicitar otras cuentas, incluidas cuentas corrientes, pr\u00e9stamos, tarjetas de cr\u00e9dito y m\u00e1s. Ofrecemos 3 formas convenientes de unirse:<\/p>\n<ul>\n<li>Presentar una solicitud en l\u00ednea<\/li>\n<li>Complete una solicitud PDF en l\u00ednea y luego env\u00edela por correo<\/li>\n<li>Visite la sucursal BrightStar CU m\u00e1s cercana<\/li>\n<\/ul>\n<p>\n<\/div><\/div><\/div><\/div><div class=\"panel panel-default wpb_accordion_section group\"><div class=\"panel-heading wpb_accordion_header ui-accordion-header\" role=\"tab\"><p class=\"panel-title font-weight- text-   icon-size-rg\"><a data-toggle=\"collapse\" data-parent=\"#accordion_614988801\" href=\"#83f72917-2ab0-0\"><span>\u00bfQui\u00e9n es elegible para unirse?<\/span><\/a><\/p><\/div><div id=\"83f72917-2ab0-0\" class=\"panel-collapse collapse\" role=\"tabpanel\"><div class=\"panel-body wpb_accordion_content ui-accordion-content half-internal-gutter single-block-padding\">\n\t\t\t\t\t\t<div class=\"uncode_text_column\" ><\/p>\n<p class=\"p1\"><span class=\"s1\">Cualquier persona que viva, trabaje o estudie en los condados de Broward, Collier, Lee, Martin, Miami-Dade, Palm Beach o St. Lucie, y en los condados de Pinellas, Hillsborough, Polk, Osceola, Brevard, Manatee, Hardee, Highlands, Okeechobee, Indian River, Sarasota, DeSoto, Charlotte, Glades, Hendry y Monroe, Florida. BrightStar CU presta servicios a las escuelas de Broward, como lo hemos hecho con orgullo durante m\u00e1s de 70 a\u00f1os. Ofrecemos servicios a organizaciones asociadas locales, que ofrecen BrightStar CU como beneficio a sus empleados. Los familiares de los grupos mencionados anteriormente tambi\u00e9n pueden unirse.<\/span><\/p>\n<p>\n<\/div><\/div><\/div><\/div>\n\t\t<\/div><\/div><\/div><\/div><\/div><\/div><\/div><script id=\"script-row-unique-1\" data-row=\"script-row-unique-1\" type=\"text\/javascript\" class=\"vc_controls\">UNCODE.initRow(document.getElementById(\"row-unique-1\"));<\/script><\/div><\/div><\/div>\n<\/div>","protected":false},"excerpt":{"rendered":"Aplicaci\u00f3n de BrightStar Credit Union Las aplicaciones para tel\u00e9fonos inteligentes y la banca m\u00f3vil en l\u00ednea de BrightStar Credit Union hacen que sea seguro y f\u00e1cil [...]","protected":false},"author":8,"featured_media":0,"parent":0,"menu_order":17,"comment_status":"closed","ping_status":"closed","template":"","meta":{"footnotes":""},"class_list":["post-191","page","type-page","status-publish","hentry"],"yoast_head":"<!-- This site is optimized with the Yoast SEO Premium plugin v26.4 (Yoast SEO v26.4) - https:\/\/yoast.com\/wordpress\/plugins\/seo\/ -->\n<title>Mobile Banking - BrightStar Credit Union<\/title>\n<meta name=\"robots\" content=\"noindex, follow, max-snippet:-1, max-image-preview:large, max-video-preview:-1\" \/>\n<meta property=\"og:locale\" content=\"es_ES\" \/>\n<meta property=\"og:type\" content=\"article\" \/>\n<meta property=\"og:title\" content=\"Mobile Banking\" \/>\n<meta property=\"og:url\" content=\"https:\/\/old.mybscu.org\/es\/mobilebanking\/\" \/>\n<meta property=\"og:site_name\" content=\"BrightStar Credit Union\" \/>\n<meta property=\"article:publisher\" content=\"https:\/\/www.facebook.com\/BrightStarCU\/\" \/>\n<meta property=\"article:modified_time\" content=\"2021-11-05T14:02:42+00:00\" \/>\n<meta property=\"og:image\" content=\"https:\/\/old.mybscu.org\/wp-content\/uploads\/2016\/08\/Mobile-Banking.jpg\" \/>\n<meta name=\"twitter:card\" content=\"summary_large_image\" \/>\n<meta name=\"twitter:label1\" content=\"Tiempo de lectura\" \/>\n\t<meta name=\"twitter:data1\" content=\"4 minutos\" \/>\n<script type=\"application\/ld+json\" class=\"yoast-schema-graph\">{\"@context\":\"https:\/\/schema.org\",\"@graph\":[{\"@type\":\"WebPage\",\"@id\":\"https:\/\/old.mybscu.org\/mobilebanking\/\",\"url\":\"https:\/\/old.mybscu.org\/mobilebanking\/\",\"name\":\"Mobile Banking - BrightStar Credit Union\",\"isPartOf\":{\"@id\":\"https:\/\/old.mybscu.org\/#website\"},\"primaryImageOfPage\":{\"@id\":\"https:\/\/old.mybscu.org\/mobilebanking\/#primaryimage\"},\"image\":{\"@id\":\"https:\/\/old.mybscu.org\/mobilebanking\/#primaryimage\"},\"thumbnailUrl\":\"https:\/\/old.mybscu.org\/wp-content\/uploads\/2016\/08\/Mobile-Banking.jpg\",\"datePublished\":\"2016-08-04T19:58:45+00:00\",\"dateModified\":\"2021-11-05T14:02:42+00:00\",\"breadcrumb\":{\"@id\":\"https:\/\/old.mybscu.org\/mobilebanking\/#breadcrumb\"},\"inLanguage\":\"es\",\"potentialAction\":[{\"@type\":\"ReadAction\",\"target\":[\"https:\/\/old.mybscu.org\/mobilebanking\/\"]}]},{\"@type\":\"ImageObject\",\"inLanguage\":\"es\",\"@id\":\"https:\/\/old.mybscu.org\/mobilebanking\/#primaryimage\",\"url\":\"https:\/\/old.mybscu.org\/wp-content\/uploads\/2016\/08\/Mobile-Banking.jpg\",\"contentUrl\":\"https:\/\/old.mybscu.org\/wp-content\/uploads\/2016\/08\/Mobile-Banking.jpg\"},{\"@type\":\"BreadcrumbList\",\"@id\":\"https:\/\/old.mybscu.org\/mobilebanking\/#breadcrumb\",\"itemListElement\":[{\"@type\":\"ListItem\",\"position\":1,\"name\":\"Home\",\"item\":\"https:\/\/old.mybscu.org\/\"},{\"@type\":\"ListItem\",\"position\":2,\"name\":\"Mobile Banking\"}]},{\"@type\":\"WebSite\",\"@id\":\"https:\/\/old.mybscu.org\/#website\",\"url\":\"https:\/\/old.mybscu.org\/\",\"name\":\"BrightStar Credit Union\",\"description\":\"Serving  Broward, Collier, Lee, Martin, Miami-Dade, Palm Beach or St. Lucie Counties, Florida.\",\"publisher\":{\"@id\":\"https:\/\/old.mybscu.org\/#organization\"},\"potentialAction\":[{\"@type\":\"SearchAction\",\"target\":{\"@type\":\"EntryPoint\",\"urlTemplate\":\"https:\/\/old.mybscu.org\/?s={search_term_string}\"},\"query-input\":{\"@type\":\"PropertyValueSpecification\",\"valueRequired\":true,\"valueName\":\"search_term_string\"}}],\"inLanguage\":\"es\"},{\"@type\":\"Organization\",\"@id\":\"https:\/\/old.mybscu.org\/#organization\",\"name\":\"BrightStar Credit Union\",\"url\":\"https:\/\/old.mybscu.org\/\",\"logo\":{\"@type\":\"ImageObject\",\"inLanguage\":\"es\",\"@id\":\"https:\/\/old.mybscu.org\/#\/schema\/logo\/image\/\",\"url\":\"https:\/\/old.mybscu.org\/wp-content\/uploads\/2016\/07\/logo-1.png\",\"contentUrl\":\"https:\/\/old.mybscu.org\/wp-content\/uploads\/2016\/07\/logo-1.png\",\"width\":500,\"height\":214,\"caption\":\"BrightStar Credit Union\"},\"image\":{\"@id\":\"https:\/\/old.mybscu.org\/#\/schema\/logo\/image\/\"},\"sameAs\":[\"https:\/\/www.facebook.com\/BrightStarCU\/\",\"https:\/\/www.instagram.com\/brightstar.creditunion\/\"]}]}<\/script>\n<!-- \/ Yoast SEO Premium plugin. -->","yoast_head_json":{"title":"Mobile Banking - BrightStar Credit Union","robots":{"index":"noindex","follow":"follow","max-snippet":"max-snippet:-1","max-image-preview":"max-image-preview:large","max-video-preview":"max-video-preview:-1"},"og_locale":"es_ES","og_type":"article","og_title":"Mobile Banking","og_url":"https:\/\/old.mybscu.org\/es\/mobilebanking\/","og_site_name":"BrightStar Credit Union","article_publisher":"https:\/\/www.facebook.com\/BrightStarCU\/","article_modified_time":"2021-11-05T14:02:42+00:00","og_image":[{"url":"https:\/\/old.mybscu.org\/wp-content\/uploads\/2016\/08\/Mobile-Banking.jpg","type":"","width":"","height":""}],"twitter_card":"summary_large_image","twitter_misc":{"Tiempo de lectura":"4 minutos"},"schema":{"@context":"https:\/\/schema.org","@graph":[{"@type":"WebPage","@id":"https:\/\/old.mybscu.org\/mobilebanking\/","url":"https:\/\/old.mybscu.org\/mobilebanking\/","name":"Mobile Banking - BrightStar Credit Union","isPartOf":{"@id":"https:\/\/old.mybscu.org\/#website"},"primaryImageOfPage":{"@id":"https:\/\/old.mybscu.org\/mobilebanking\/#primaryimage"},"image":{"@id":"https:\/\/old.mybscu.org\/mobilebanking\/#primaryimage"},"thumbnailUrl":"https:\/\/old.mybscu.org\/wp-content\/uploads\/2016\/08\/Mobile-Banking.jpg","datePublished":"2016-08-04T19:58:45+00:00","dateModified":"2021-11-05T14:02:42+00:00","breadcrumb":{"@id":"https:\/\/old.mybscu.org\/mobilebanking\/#breadcrumb"},"inLanguage":"es","potentialAction":[{"@type":"ReadAction","target":["https:\/\/old.mybscu.org\/mobilebanking\/"]}]},{"@type":"ImageObject","inLanguage":"es","@id":"https:\/\/old.mybscu.org\/mobilebanking\/#primaryimage","url":"https:\/\/old.mybscu.org\/wp-content\/uploads\/2016\/08\/Mobile-Banking.jpg","contentUrl":"https:\/\/old.mybscu.org\/wp-content\/uploads\/2016\/08\/Mobile-Banking.jpg"},{"@type":"BreadcrumbList","@id":"https:\/\/old.mybscu.org\/mobilebanking\/#breadcrumb","itemListElement":[{"@type":"ListItem","position":1,"name":"Home","item":"https:\/\/old.mybscu.org\/"},{"@type":"ListItem","position":2,"name":"Mobile Banking"}]},{"@type":"WebSite","@id":"https:\/\/old.mybscu.org\/#website","url":"https:\/\/old.mybscu.org\/","name":"Cooperativa de cr\u00e9dito BrightStar","description":"Sirviendo a los condados de Broward, Collier, Lee, Martin, Miami-Dade, Palm Beach o St. Lucie, Florida.","publisher":{"@id":"https:\/\/old.mybscu.org\/#organization"},"potentialAction":[{"@type":"SearchAction","target":{"@type":"EntryPoint","urlTemplate":"https:\/\/old.mybscu.org\/?s={search_term_string}"},"query-input":{"@type":"PropertyValueSpecification","valueRequired":true,"valueName":"search_term_string"}}],"inLanguage":"es"},{"@type":"Organization","@id":"https:\/\/old.mybscu.org\/#organization","name":"Cooperativa de cr\u00e9dito BrightStar","url":"https:\/\/old.mybscu.org\/","logo":{"@type":"ImageObject","inLanguage":"es","@id":"https:\/\/old.mybscu.org\/#\/schema\/logo\/image\/","url":"https:\/\/old.mybscu.org\/wp-content\/uploads\/2016\/07\/logo-1.png","contentUrl":"https:\/\/old.mybscu.org\/wp-content\/uploads\/2016\/07\/logo-1.png","width":500,"height":214,"caption":"BrightStar Credit Union"},"image":{"@id":"https:\/\/old.mybscu.org\/#\/schema\/logo\/image\/"},"sameAs":["https:\/\/www.facebook.com\/BrightStarCU\/","https:\/\/www.instagram.com\/brightstar.creditunion\/"]}]}},"_links":{"self":[{"href":"https:\/\/old.mybscu.org\/es\/wp-json\/wp\/v2\/pages\/191","targetHints":{"allow":["GET"]}}],"collection":[{"href":"https:\/\/old.mybscu.org\/es\/wp-json\/wp\/v2\/pages"}],"about":[{"href":"https:\/\/old.mybscu.org\/es\/wp-json\/wp\/v2\/types\/page"}],"author":[{"embeddable":true,"href":"https:\/\/old.mybscu.org\/es\/wp-json\/wp\/v2\/users\/8"}],"replies":[{"embeddable":true,"href":"https:\/\/old.mybscu.org\/es\/wp-json\/wp\/v2\/comments?post=191"}],"version-history":[{"count":0,"href":"https:\/\/old.mybscu.org\/es\/wp-json\/wp\/v2\/pages\/191\/revisions"}],"wp:attachment":[{"href":"https:\/\/old.mybscu.org\/es\/wp-json\/wp\/v2\/media?parent=191"}],"curies":[{"name":"wp","href":"https:\/\/api.w.org\/{rel}","templated":true}]}}