{"id":313,"date":"2016-08-16T19:04:06","date_gmt":"2016-08-16T19:04:06","guid":{"rendered":"https:\/\/old.mybscu.org\/?page_id=313"},"modified":"2025-12-11T22:55:45","modified_gmt":"2025-12-12T03:55:45","slug":"business-online-banking-and-billpay","status":"publish","type":"page","link":"https:\/\/old.mybscu.org\/es\/business-services\/business-online-banking-and-billpay\/","title":{"rendered":"Banca en l\u00ednea para empresas y pago de facturas"},"content":{"rendered":"<div class=\"wpb-content-wrapper\"><div data-parent=\"true\" class=\"vc_row row-container\" id=\"row-unique-0\"><div class=\"row limit-width row-parent\"><div class=\"wpb_row row-inner\"><div class=\"wpb_column pos-top pos-center align_left column_parent col-lg-12 single-internal-gutter\"><div class=\"uncol style-light\"  ><div class=\"uncoltable\"><div class=\"uncell  vc_custom_1469730998120 border-color-204383-color no-block-padding\" style=\"border-style: solid;border-bottom-width: 1px ;padding-bottom: 35px ;\" ><div class=\"uncont\" ><div class=\"vc_custom_heading_wrap\"><div class=\"heading-text el-text\" ><h1 class=\"h1\" ><span>Banca en l\u00ednea para empresas y pago de facturas<\/span><\/h1><\/div><div class=\"clear\"><\/div><\/div><\/div><\/div><\/div><\/div><\/div><script id=\"script-row-unique-0\" data-row=\"script-row-unique-0\" type=\"text\/javascript\" class=\"vc_controls\">UNCODE.initRow(document.getElementById(\"row-unique-0\"));<\/script><\/div><\/div><\/div><div data-parent=\"true\" class=\"vc_row vc_custom_1471373747912 row-container\" style=\"margin-bottom: 50px ;\" id=\"row-unique-1\"><div class=\"row limit-width row-parent\"><div class=\"wpb_row row-inner\"><div class=\"wpb_column pos-top pos-center align_left column_parent col-lg-8 single-internal-gutter\"><div class=\"uncol style-light\"  ><div class=\"uncoltable\"><div class=\"uncell no-block-padding\" ><div class=\"uncont\" ><div class=\"uncode_text_column vc_custom_1486672742972\"  style=\"margin-top: 40px ;margin-bottom: 40px ;\"><p><img decoding=\"async\" class=\"alignnone size-full wp-image-1977\" src=\"https:\/\/old.mybscu.org\/wp-content\/uploads\/2016\/08\/Business-Banking.jpg\" alt=\"BrightStar Business Online Banking\" width=\"929\" height=\"350\" srcset=\"https:\/\/old.mybscu.org\/wp-content\/uploads\/2016\/08\/Business-Banking.jpg 929w, https:\/\/old.mybscu.org\/wp-content\/uploads\/2016\/08\/Business-Banking-300x113.jpg 300w, https:\/\/old.mybscu.org\/wp-content\/uploads\/2016\/08\/Business-Banking-768x289.jpg 768w\" sizes=\"(max-width: 929px) 100vw, 929px\" \/><\/p>\n<\/div><div class=\"uncode_text_column vc_custom_1471373837988\"  style=\"margin-top: 75px ;margin-bottom: 25px ;\"><p>Mant\u00e9ngase conectado con sus cuentas empresariales de BrightStar mediante la Banca en L\u00ednea para Empresas y BillPay. Gestione su negocio desde cualquier lugar del mundo, 24\/7. Simplemente inicie sesi\u00f3n desde la p\u00e1gina principal de BrightStar.<\/p>\n<\/div><span class=\"btn-container btn-inline\" ><a href=\"https:\/\/old.mybscu.org\/es\/cardinfo\/\" class=\"custom-link btn border-width-0 btn-color-772071 btn-round btn-shadow btn-icon-left\" title=\"El enlace se abrir\u00e1 en una caja de luz.\" target=\"_blank\"><i class=\"fa fa-profile-male\"><\/i>Inicio de sesi\u00f3n de tarjeta de cr\u00e9dito comercial<\/a><\/span><div class=\"uncode_text_column vc_custom_1471373923824\"  style=\"margin-top: 50px ;\"><\/p>\n<h2>Banca en l\u00ednea para empresas<\/h2>\n<p>La Banca en L\u00ednea para Empresas de BrightStar es GRATUITA, segura y pr\u00e1ctica. Inicia sesi\u00f3n para aprovechar estas funciones:<\/p>\n<ul>\n<li>Consulta los saldos de tus cuentas<\/li>\n<li>Transferir fondos<\/li>\n<li>Ver declaraciones<\/li>\n<li>Ver el historial detallado de la cuenta<\/li>\n<li>Ver im\u00e1genes de cheques compensados<\/li>\n<li>Alertas de cuenta gratuitas<\/li>\n<\/ul>\n<p>\u00a1y mucho m\u00e1s!<\/p>\n<\/div><div class=\"uncode_text_column vc_custom_1765511741546\"  style=\"margin-top: 20px ;\"><\/p>\n<h2>Pago de facturas en l\u00ednea para empresas<\/h2>\n<p>Dedique menos tiempo a pagar facturas y m\u00e1s a administrar su negocio. Controle sus pagos y elimine las complicaciones del pago tradicional. Es una forma r\u00e1pida, segura y sencilla de pagar a cualquier empresa o particular en EE. UU. desde su cuenta corriente o cuenta de mercado monetario BrightStar.<\/p>\n<ul>\n<li>Programe pagos recurrentes y \u00fanicos en l\u00ednea<\/li>\n<li>Configurar m\u00faltiples usuarios con diferentes niveles de autoridad de pago de facturas<\/li>\n<li>Agregar, editar o eliminar beneficiarios<\/li>\n<li>Gestionar y aprobar pagos pendientes<\/li>\n<li>Vea el historial de pagos para mantener registros f\u00e1cilmente.<\/li>\n<\/ul>\n<p>\n<\/div><\/div><\/div><\/div><\/div><\/div><div class=\"wpb_column pos-top pos-center align_left column_parent col-lg-4 single-internal-gutter\"><div class=\"uncol style-light\"  ><div class=\"uncoltable\"><div class=\"uncell no-block-padding\" ><div class=\"uncont\" ><div class=\"uncode_text_column text-lead\" ><\/p>\n<h4>Enlaces r\u00e1pidos<\/h4>\n<p>\n<\/div><div class=\"vc_wp_custommenu wpb_content_element sidebar-nav\"  data-id=\"1\"><div class=\"widget widget_nav_menu\"><div class=\"menu-sidebar-menu-container\"><ul id=\"menu-sidebar-menu\" class=\"menu\"><li id=\"menu-item-198\" class=\"menu-item menu-item-type-post_type menu-item-object-page menu-item-198\"><a href=\"https:\/\/old.mybscu.org\/es\/onlinebanking\/\"><i class=\"side-icon genericon genericon-next\"><\/i>Extractos electr\u00f3nicos de BrightStar<\/a><\/li>\n<li id=\"menu-item-6514\" class=\"menu-item menu-item-type-post_type menu-item-object-page menu-item-6514\"><a href=\"https:\/\/old.mybscu.org\/es\/courtesypay\/\"><i class=\"side-icon genericon genericon-next\"><\/i>Pago de cortes\u00eda<\/a><\/li>\n<li id=\"menu-item-459\" class=\"menu-item menu-item-type-post_type menu-item-object-page menu-item-459\"><a href=\"https:\/\/old.mybscu.org\/es\/directdeposit\/\"><i class=\"side-icon genericon genericon-next\"><\/i>Dep\u00f3sito directo<\/a><\/li>\n<li id=\"menu-item-197\" class=\"menu-item menu-item-type-post_type menu-item-object-page menu-item-197\"><a href=\"https:\/\/old.mybscu.org\/es\/moneydesktop\/\"><i class=\"side-icon genericon genericon-next\"><\/i>Dinero de escritorio<\/a><\/li>\n<li id=\"menu-item-458\" class=\"menu-item menu-item-type-post_type menu-item-object-page menu-item-458\"><a href=\"https:\/\/old.mybscu.org\/es\/onlinebanking\/\"><i class=\"side-icon genericon genericon-next\"><\/i>Banca en l\u00ednea y pago de facturas<\/a><\/li>\n<li id=\"menu-item-466\" class=\"menu-item menu-item-type-post_type menu-item-object-page menu-item-466\"><a href=\"https:\/\/old.mybscu.org\/es\/debitcard\/\"><i class=\"side-icon genericon genericon-next\"><\/i>Tarjeta de cheques Visa<\/a><\/li>\n<li id=\"menu-item-200\" class=\"menu-item menu-item-type-post_type menu-item-object-page menu-item-200\"><a href=\"https:\/\/old.mybscu.org\/es\/skipapay\/\"><i class=\"side-icon genericon genericon-next\"><\/i>Saltar un pago<\/a><\/li>\n<li id=\"menu-item-196\" class=\"menu-item menu-item-type-post_type menu-item-object-page menu-item-196\"><a href=\"https:\/\/old.mybscu.org\/es\/mobilebanking\/\"><i class=\"side-icon genericon genericon-next\"><\/i>Aplicaciones para tel\u00e9fonos inteligentes<\/a><\/li>\n<\/ul><\/div><\/div><\/div><div class=\"uncode_text_column text-lead\" ><\/p>\n<h4>Preguntas frecuentes<\/h4>\n<p>\n<\/div><div class=\"uncode-accordion wpb_accordion wpb_content_element  sign-size-rg w-border\" data-collapsible=\"no\" data-target=\"\" data-active-tab=\"0\" >\n\t\t<div class=\"panel-group wpb_wrapper wpb_accordion_wrapper\" id=\"accordion_2005322962\" role=\"tablist\" aria-multiselectable=\"true\" data-no-toggle=\"\">\n\n<div class=\"panel panel-default wpb_accordion_section group\"><div class=\"panel-heading wpb_accordion_header ui-accordion-header\" role=\"tab\"><p class=\"panel-title font-weight- text-   icon-size-rg\"><a data-toggle=\"collapse\" data-parent=\"#accordion_2005322962\" href=\"#acc9ef7c-2ce1-2\"><span>\u00bfC\u00f3mo me uno a BrightStar CU?<\/span><\/a><\/p><\/div><div id=\"acc9ef7c-2ce1-2\" class=\"panel-collapse collapse\" role=\"tabpanel\"><div class=\"panel-body wpb_accordion_content ui-accordion-content half-internal-gutter single-block-padding\">\n\t\t\t\t\t\t<div class=\"uncode_text_column\" ><p>Cuando abre una cuenta de BrightStar CU, se convierte en miembro. Su membres\u00eda es su pasaporte a todo un mundo de servicios de cooperativas de cr\u00e9dito. \u00danase por tan solo $1. Una vez que sea miembro, podr\u00e1 solicitar otras cuentas, incluidas cuentas corrientes, pr\u00e9stamos, tarjetas de cr\u00e9dito y m\u00e1s. Ofrecemos 3 formas convenientes de unirse:<\/p>\n<ul>\n<li>Presentar una solicitud en l\u00ednea<\/li>\n<li>Complete una solicitud PDF en l\u00ednea y luego env\u00edela por correo<\/li>\n<li>Visite la sucursal BrightStar CU m\u00e1s cercana<\/li>\n<\/ul>\n<p>\n<\/div><\/div><\/div><\/div><div class=\"panel panel-default wpb_accordion_section group\"><div class=\"panel-heading wpb_accordion_header ui-accordion-header\" role=\"tab\"><p class=\"panel-title font-weight- text-   icon-size-rg\"><a data-toggle=\"collapse\" data-parent=\"#accordion_2005322962\" href=\"#feafdf7b-9031-4\"><span>\u00bfQui\u00e9n es elegible para unirse?<\/span><\/a><\/p><\/div><div id=\"feafdf7b-9031-4\" class=\"panel-collapse collapse\" role=\"tabpanel\"><div class=\"panel-body wpb_accordion_content ui-accordion-content half-internal-gutter single-block-padding\">\n\t\t\t\t\t\t<div class=\"uncode_text_column\" ><\/p>\n<p class=\"p1\"><span class=\"s1\">Cualquier persona* que viva, trabaje o asista a la escuela en los condados de Broward, Collier, Lee, Martin, Miami-Dade, Palm Beach o St. Lucie, Pinellas, Hillsborough, Polk, Osceola, Brevard, Manatee, Hardee, Highlands, Okeechobee, Indian River, Sarasota, DeSoto, Charlotte, Glades, Hendry y Monroe, Florida. BrightStar CU presta servicios a las escuelas de Broward, como lo hemos hecho con orgullo durante m\u00e1s de 70 a\u00f1os. Brindamos servicios a las organizaciones asociadas locales, que ofrecen BrightStar CU como un beneficio para sus empleados. Los familiares de los grupos nombrados anteriormente tambi\u00e9n son elegibles para unirse.<\/span><\/p>\n<p>\n<\/div><\/div><\/div><\/div>\n\t\t<\/div><\/div><\/div><\/div><\/div><\/div><\/div><script id=\"script-row-unique-1\" data-row=\"script-row-unique-1\" type=\"text\/javascript\" class=\"vc_controls\">UNCODE.initRow(document.getElementById(\"row-unique-1\"));<\/script><\/div><\/div><\/div>\n<\/div>","protected":false},"excerpt":{"rendered":"Banca en L\u00ednea para Empresas y Pago de Facturas. Mant\u00e9ngase conectado con sus cuentas empresariales de BrightStar mediante la Banca en L\u00ednea para Empresas y el Pago de Facturas. Administre sus [...]","protected":false},"author":8,"featured_media":0,"parent":204,"menu_order":3,"comment_status":"closed","ping_status":"closed","template":"","meta":{"footnotes":""},"class_list":["post-313","page","type-page","status-publish","hentry"],"yoast_head":"<!-- This site is optimized with the Yoast SEO Premium plugin v26.4 (Yoast SEO v26.4) - https:\/\/yoast.com\/wordpress\/plugins\/seo\/ -->\n<title>Business Online Banking and BillPay - BrightStar Credit Union<\/title>\n<meta name=\"robots\" content=\"noindex, follow, max-snippet:-1, max-image-preview:large, max-video-preview:-1\" \/>\n<meta property=\"og:locale\" content=\"es_ES\" \/>\n<meta property=\"og:type\" content=\"article\" \/>\n<meta property=\"og:title\" content=\"Business Online Banking and BillPay\" \/>\n<meta property=\"og:url\" content=\"https:\/\/old.mybscu.org\/es\/business-services\/business-online-banking-and-billpay\/\" \/>\n<meta property=\"og:site_name\" content=\"BrightStar Credit Union\" \/>\n<meta property=\"article:publisher\" content=\"https:\/\/www.facebook.com\/BrightStarCU\/\" \/>\n<meta property=\"article:modified_time\" content=\"2025-12-12T03:55:45+00:00\" \/>\n<meta property=\"og:image\" content=\"https:\/\/old.mybscu.org\/wp-content\/uploads\/2016\/08\/Business-Banking.jpg\" \/>\n\t<meta property=\"og:image:width\" content=\"929\" \/>\n\t<meta property=\"og:image:height\" content=\"350\" \/>\n\t<meta property=\"og:image:type\" content=\"image\/jpeg\" \/>\n<meta name=\"twitter:card\" content=\"summary_large_image\" \/>\n<meta name=\"twitter:label1\" content=\"Tiempo de lectura\" \/>\n\t<meta name=\"twitter:data1\" content=\"2 minutos\" \/>\n<script type=\"application\/ld+json\" class=\"yoast-schema-graph\">{\"@context\":\"https:\/\/schema.org\",\"@graph\":[{\"@type\":\"WebPage\",\"@id\":\"https:\/\/old.mybscu.org\/business-services\/business-online-banking-and-billpay\/\",\"url\":\"https:\/\/old.mybscu.org\/business-services\/business-online-banking-and-billpay\/\",\"name\":\"Business Online Banking and BillPay - BrightStar Credit Union\",\"isPartOf\":{\"@id\":\"https:\/\/old.mybscu.org\/#website\"},\"primaryImageOfPage\":{\"@id\":\"https:\/\/old.mybscu.org\/business-services\/business-online-banking-and-billpay\/#primaryimage\"},\"image\":{\"@id\":\"https:\/\/old.mybscu.org\/business-services\/business-online-banking-and-billpay\/#primaryimage\"},\"thumbnailUrl\":\"https:\/\/old.mybscu.org\/wp-content\/uploads\/2016\/08\/Business-Banking.jpg\",\"datePublished\":\"2016-08-16T19:04:06+00:00\",\"dateModified\":\"2025-12-12T03:55:45+00:00\",\"breadcrumb\":{\"@id\":\"https:\/\/old.mybscu.org\/business-services\/business-online-banking-and-billpay\/#breadcrumb\"},\"inLanguage\":\"es\",\"potentialAction\":[{\"@type\":\"ReadAction\",\"target\":[\"https:\/\/old.mybscu.org\/business-services\/business-online-banking-and-billpay\/\"]}]},{\"@type\":\"ImageObject\",\"inLanguage\":\"es\",\"@id\":\"https:\/\/old.mybscu.org\/business-services\/business-online-banking-and-billpay\/#primaryimage\",\"url\":\"https:\/\/old.mybscu.org\/wp-content\/uploads\/2016\/08\/Business-Banking.jpg\",\"contentUrl\":\"https:\/\/old.mybscu.org\/wp-content\/uploads\/2016\/08\/Business-Banking.jpg\"},{\"@type\":\"BreadcrumbList\",\"@id\":\"https:\/\/old.mybscu.org\/business-services\/business-online-banking-and-billpay\/#breadcrumb\",\"itemListElement\":[{\"@type\":\"ListItem\",\"position\":1,\"name\":\"Home\",\"item\":\"https:\/\/old.mybscu.org\/\"},{\"@type\":\"ListItem\",\"position\":2,\"name\":\"Business Services\",\"item\":\"https:\/\/old.mybscu.org\/business-services\/\"},{\"@type\":\"ListItem\",\"position\":3,\"name\":\"Business Online Banking and BillPay\"}]},{\"@type\":\"WebSite\",\"@id\":\"https:\/\/old.mybscu.org\/#website\",\"url\":\"https:\/\/old.mybscu.org\/\",\"name\":\"BrightStar Credit Union\",\"description\":\"Serving  Broward, Collier, Lee, Martin, Miami-Dade, Palm Beach or St. Lucie Counties, Florida.\",\"publisher\":{\"@id\":\"https:\/\/old.mybscu.org\/#organization\"},\"potentialAction\":[{\"@type\":\"SearchAction\",\"target\":{\"@type\":\"EntryPoint\",\"urlTemplate\":\"https:\/\/old.mybscu.org\/?s={search_term_string}\"},\"query-input\":{\"@type\":\"PropertyValueSpecification\",\"valueRequired\":true,\"valueName\":\"search_term_string\"}}],\"inLanguage\":\"es\"},{\"@type\":\"Organization\",\"@id\":\"https:\/\/old.mybscu.org\/#organization\",\"name\":\"BrightStar Credit Union\",\"url\":\"https:\/\/old.mybscu.org\/\",\"logo\":{\"@type\":\"ImageObject\",\"inLanguage\":\"es\",\"@id\":\"https:\/\/old.mybscu.org\/#\/schema\/logo\/image\/\",\"url\":\"https:\/\/old.mybscu.org\/wp-content\/uploads\/2016\/07\/logo-1.png\",\"contentUrl\":\"https:\/\/old.mybscu.org\/wp-content\/uploads\/2016\/07\/logo-1.png\",\"width\":500,\"height\":214,\"caption\":\"BrightStar Credit Union\"},\"image\":{\"@id\":\"https:\/\/old.mybscu.org\/#\/schema\/logo\/image\/\"},\"sameAs\":[\"https:\/\/www.facebook.com\/BrightStarCU\/\",\"https:\/\/www.instagram.com\/brightstar.creditunion\/\"]}]}<\/script>\n<!-- \/ Yoast SEO Premium plugin. -->","yoast_head_json":{"title":"Banca en l\u00ednea y pago de facturas para empresas - BrightStar Credit Union","robots":{"index":"noindex","follow":"follow","max-snippet":"max-snippet:-1","max-image-preview":"max-image-preview:large","max-video-preview":"max-video-preview:-1"},"og_locale":"es_ES","og_type":"article","og_title":"Business Online Banking and BillPay","og_url":"https:\/\/old.mybscu.org\/es\/business-services\/business-online-banking-and-billpay\/","og_site_name":"BrightStar Credit Union","article_publisher":"https:\/\/www.facebook.com\/BrightStarCU\/","article_modified_time":"2025-12-12T03:55:45+00:00","og_image":[{"width":929,"height":350,"url":"https:\/\/old.mybscu.org\/wp-content\/uploads\/2016\/08\/Business-Banking.jpg","type":"image\/jpeg"}],"twitter_card":"summary_large_image","twitter_misc":{"Tiempo de lectura":"2 minutos"},"schema":{"@context":"https:\/\/schema.org","@graph":[{"@type":"WebPage","@id":"https:\/\/old.mybscu.org\/business-services\/business-online-banking-and-billpay\/","url":"https:\/\/old.mybscu.org\/business-services\/business-online-banking-and-billpay\/","name":"Banca en l\u00ednea y pago de facturas para empresas - BrightStar Credit Union","isPartOf":{"@id":"https:\/\/old.mybscu.org\/#website"},"primaryImageOfPage":{"@id":"https:\/\/old.mybscu.org\/business-services\/business-online-banking-and-billpay\/#primaryimage"},"image":{"@id":"https:\/\/old.mybscu.org\/business-services\/business-online-banking-and-billpay\/#primaryimage"},"thumbnailUrl":"https:\/\/old.mybscu.org\/wp-content\/uploads\/2016\/08\/Business-Banking.jpg","datePublished":"2016-08-16T19:04:06+00:00","dateModified":"2025-12-12T03:55:45+00:00","breadcrumb":{"@id":"https:\/\/old.mybscu.org\/business-services\/business-online-banking-and-billpay\/#breadcrumb"},"inLanguage":"es","potentialAction":[{"@type":"ReadAction","target":["https:\/\/old.mybscu.org\/business-services\/business-online-banking-and-billpay\/"]}]},{"@type":"ImageObject","inLanguage":"es","@id":"https:\/\/old.mybscu.org\/business-services\/business-online-banking-and-billpay\/#primaryimage","url":"https:\/\/old.mybscu.org\/wp-content\/uploads\/2016\/08\/Business-Banking.jpg","contentUrl":"https:\/\/old.mybscu.org\/wp-content\/uploads\/2016\/08\/Business-Banking.jpg"},{"@type":"BreadcrumbList","@id":"https:\/\/old.mybscu.org\/business-services\/business-online-banking-and-billpay\/#breadcrumb","itemListElement":[{"@type":"ListItem","position":1,"name":"Home","item":"https:\/\/old.mybscu.org\/"},{"@type":"ListItem","position":2,"name":"Business Services","item":"https:\/\/old.mybscu.org\/business-services\/"},{"@type":"ListItem","position":3,"name":"Business Online Banking and BillPay"}]},{"@type":"WebSite","@id":"https:\/\/old.mybscu.org\/#website","url":"https:\/\/old.mybscu.org\/","name":"Cooperativa de cr\u00e9dito BrightStar","description":"Sirviendo a los condados de Broward, Collier, Lee, Martin, Miami-Dade, Palm Beach o St. Lucie, Florida.","publisher":{"@id":"https:\/\/old.mybscu.org\/#organization"},"potentialAction":[{"@type":"SearchAction","target":{"@type":"EntryPoint","urlTemplate":"https:\/\/old.mybscu.org\/?s={search_term_string}"},"query-input":{"@type":"PropertyValueSpecification","valueRequired":true,"valueName":"search_term_string"}}],"inLanguage":"es"},{"@type":"Organization","@id":"https:\/\/old.mybscu.org\/#organization","name":"Cooperativa de cr\u00e9dito BrightStar","url":"https:\/\/old.mybscu.org\/","logo":{"@type":"ImageObject","inLanguage":"es","@id":"https:\/\/old.mybscu.org\/#\/schema\/logo\/image\/","url":"https:\/\/old.mybscu.org\/wp-content\/uploads\/2016\/07\/logo-1.png","contentUrl":"https:\/\/old.mybscu.org\/wp-content\/uploads\/2016\/07\/logo-1.png","width":500,"height":214,"caption":"BrightStar Credit Union"},"image":{"@id":"https:\/\/old.mybscu.org\/#\/schema\/logo\/image\/"},"sameAs":["https:\/\/www.facebook.com\/BrightStarCU\/","https:\/\/www.instagram.com\/brightstar.creditunion\/"]}]}},"_links":{"self":[{"href":"https:\/\/old.mybscu.org\/es\/wp-json\/wp\/v2\/pages\/313","targetHints":{"allow":["GET"]}}],"collection":[{"href":"https:\/\/old.mybscu.org\/es\/wp-json\/wp\/v2\/pages"}],"about":[{"href":"https:\/\/old.mybscu.org\/es\/wp-json\/wp\/v2\/types\/page"}],"author":[{"embeddable":true,"href":"https:\/\/old.mybscu.org\/es\/wp-json\/wp\/v2\/users\/8"}],"replies":[{"embeddable":true,"href":"https:\/\/old.mybscu.org\/es\/wp-json\/wp\/v2\/comments?post=313"}],"version-history":[{"count":3,"href":"https:\/\/old.mybscu.org\/es\/wp-json\/wp\/v2\/pages\/313\/revisions"}],"predecessor-version":[{"id":18284,"href":"https:\/\/old.mybscu.org\/es\/wp-json\/wp\/v2\/pages\/313\/revisions\/18284"}],"up":[{"embeddable":true,"href":"https:\/\/old.mybscu.org\/es\/wp-json\/wp\/v2\/pages\/204"}],"wp:attachment":[{"href":"https:\/\/old.mybscu.org\/es\/wp-json\/wp\/v2\/media?parent=313"}],"curies":[{"name":"wp","href":"https:\/\/api.w.org\/{rel}","templated":true}]}}