{"id":369,"date":"2016-08-18T20:16:22","date_gmt":"2016-08-18T20:16:22","guid":{"rendered":"http:\/\/192.185.79.221\/~bscu\/?page_id=369"},"modified":"2024-03-22T15:39:50","modified_gmt":"2024-03-22T19:39:50","slug":"fraudcenter","status":"publish","type":"page","link":"https:\/\/old.mybscu.org\/es\/fraudcenter\/","title":{"rendered":"Centro de fraude"},"content":{"rendered":"<div class=\"wpb-content-wrapper\"><section data-parent=\"true\" class=\"vc_section row-container\" id=\"section-unique-0\"><div class=\"row-background background-element\">\n\t\t\t\t\t\t\t\t\t\t\t<div class=\"background-wrapper\">\n\t\t\t\t\t\t\t\t\t\t\t\t<div class=\"background-inner\" style=\"background-image: url(https:\/\/old.mybscu.org\/wp-content\/uploads\/2024\/01\/bg-mp.png);background-repeat: no-repeat;background-position: center center;background-attachment: scroll;background-size: cover;\"><\/div>\n\t\t\t\t\t\t\t\t\t\t\t\t\n\t\t\t\t\t\t\t\t\t\t\t<\/div>\n\t\t\t\t\t\t\t\t\t\t<\/div><div class=\"row no-top-padding no-bottom-padding no-h-padding full-width row-parent\"><div data-parent=\"true\" class=\"vc_row vc_custom_1693508920178 row-container has-dividers\" style=\"padding-top: 50px ;padding-bottom: 50px ;\" id=\"row-unique-0\"><div class=\"uncode-divider-wrap uncode-divider-wrap-bottom z_index_0 uncode-row-divider-invert\" style=\"height: 100px;\" data-height=\"100\" data-unit=\"px\"><svg version=\"1.1\" class=\"uncode-row-divider uncode-row-divider-curve\" x=\"0px\" y=\"0px\" width=\"240px\" height=\"24px\" viewbox=\"0 0 240 24\" enable-background=\"new 0 0 240 24\" xml:space=\"preserve\" preserveaspectratio=\"none\">\n\t\t<path fill=\"#ffffff\" fill-opacity=\"0.25\" d=\"M240,0H0v24l240-11.26V0z\"\/>\n\t\t<path fill=\"#ffffff\" d=\"M0,0h240v12.74L0,0z\"\/>\n\t\t<path fill=\"#ffffff\" fill-opacity=\"0.5\" d=\"M0,0h240v12.74H0V0z\"\/>\n\t\t<\/svg><\/div><div class=\"row unequal full-width row-parent\" data-height-ratio=\"40\" data-minheight=\"300\"><div class=\"wpb_row row-inner\"><div class=\"wpb_column pos-middle pos-center align_center align_center_mobile column_parent col-lg-12 col-sm-100 no-internal-gutter\"><div class=\"uncol style-light\"  ><div class=\"uncoltable\"><div class=\"uncell no-block-padding\" ><div class=\"uncont\" ><div id=\"ultimate-heading-120969e15d30e8fe9\" class=\"uvc-heading ult-adjust-bottom-margin ultimate-heading-120969e15d30e8fe9 uvc-1995\" data-hspacer=\"no_spacer\"  data-halign=\"center\" style=\"text-align:center\"><div class=\"uvc-heading-spacer no_spacer\" style=\"top\"><\/div><div class=\"uvc-main-heading ult-responsive\"  data-ultimate-target='.uvc-heading.ultimate-heading-120969e15d30e8fe9 h1'  data-responsive-json-new='{\"font-size\":\"desktop:40px;mobile:30px;\",\"line-height\":\"\"}' ><h1 style=\"font-weight:bold;color:#ffffff;\">Centro de fraude<\/h1><\/div><\/div>\n\t<div class=\"wpb_raw_code wpb_raw_html\" >\n\t\t<div class=\"wpb_wrapper\">\n\t\t\t<a href=\"#more\">\n<div class=\"scroll-container\">\n<div class=\"scroll-arrow\"><\/div>\n<div class=\"scroll-arrow\"><\/div>\n<div class=\"scroll-arrow\"><\/div>\n<\/div>\n<\/a>\n\t\t<\/div>\n\t<\/div>\n<\/div><\/div><\/div><\/div><\/div><script id=\"script-row-unique-0\" data-row=\"script-row-unique-0\" type=\"text\/javascript\" class=\"vc_controls\">UNCODE.initRow(document.getElementById(\"row-unique-0\"));<\/script><\/div><\/div><\/div><script id=\"script-section-unique-0\" data-section=\"script-section-unique-0\" type=\"text\/javascript\">UNCODE.initSection(document.getElementById(\"section-unique-0\"));<\/script><\/div><\/section><div data-parent=\"true\" class=\"vc_row row-container\" id=\"row-unique-1\"><div class=\"row limit-width row-parent\"><div class=\"wpb_row row-inner\"><div class=\"wpb_column pos-top pos-center align_left column_parent col-lg-12 single-internal-gutter\"><div class=\"uncol style-light\"  ><div class=\"uncoltable\"><div class=\"uncell no-block-padding\" ><div class=\"uncont\" ><div class=\"wpb_content_element\"  >\n\t<div class=\"messagebox_text style-color-870712-bg\"><p><span style=\"color: #ffffff;\"><strong style=\"color: #ffffff;\">Mensaje importante:<\/strong> BSCU lo har\u00e1 <b style=\"color: #ffffff;\">NUNCA<\/b> llamarte o enviarte un mensaje de texto para pedirte tu <b style=\"color: #ffffff;\">C\u00f3digo de acceso seguro<\/b>, <b style=\"color: #ffffff;\">Tarjeta de d\u00e9bito<\/b>, <b style=\"color: #ffffff;\">Tarjeta de cr\u00e9dito<\/b>, <b style=\"color: #ffffff;\">Nombre de usuario<\/b>, o <b style=\"color: #ffffff;\">Contrase\u00f1a<\/b>Si recibe una llamada o un mensaje de texto solicitando esta informaci\u00f3n, es <b style=\"color: #ffffff;\">\u00a1FRAUDE!<\/b><\/span><\/p>\n<\/div>\n\t<\/div>\n<div class=\"vc_row vc_custom_1469730819938 border-color-204383-color row-internal row-container\" style=\"border-style: solid;margin-bottom: 75px ;border-bottom-width: 1px ;padding-bottom: 40px ;\"><div class=\"row row-child\"><div class=\"wpb_row row-inner\"><div class=\"wpb_column pos-top pos-center align_left column_child col-lg-9 single-internal-gutter\"><div class=\"uncol style-light\" ><div class=\"uncoltable\"><div class=\"uncell no-block-padding\" ><div class=\"uncont\" ><div class=\"uncode_text_column vc_custom_1476819507179\"  style=\"margin-top: 20px ;\"><\/p>\n<h2>\u00daltimas alertas de fraude<\/h2>\n<p>\n<\/div><\/div><\/div><\/div><\/div><\/div><div class=\"wpb_column pos-top pos-center align_left column_child col-lg-3 single-internal-gutter\"><div class=\"uncol style-light\" ><div class=\"uncoltable\"><div class=\"uncell no-block-padding\" ><div class=\"uncont\" ><div class=\"empty-space empty-quart\" ><span class=\"empty-space-inner\"><\/span><\/div>\n<span class=\"btn-container btn-inline\" ><a href=\"https:\/\/old.mybscu.org\/es\/fraud-center\/fraud-alerts\/\" class=\"custom-link btn border-width-0 btn-color-310791 btn-top-margin btn-icon-left\">M\u00e1s informaci\u00f3n<\/a><\/span><\/div><\/div><\/div><\/div><\/div><\/div><\/div><\/div><div class=\"vc_row vc_custom_1469730819938 border-color-204383-color row-internal row-container\" style=\"border-style: solid;margin-bottom: 75px ;border-bottom-width: 1px ;padding-bottom: 40px ;\"><div class=\"row row-child\"><div class=\"wpb_row row-inner\"><div class=\"wpb_column pos-top pos-center align_left column_child col-lg-9 single-internal-gutter\"><div class=\"uncol style-light\" ><div class=\"uncoltable\"><div class=\"uncell no-block-padding\" ><div class=\"uncont\" ><div class=\"uncode_text_column vc_custom_1476819294059\"  style=\"margin-top: 20px ;\"><\/p>\n<h2>Seguridad de los cajeros autom\u00e1ticos<\/h2>\n<p>\n<\/div><\/div><\/div><\/div><\/div><\/div><div class=\"wpb_column pos-top pos-center align_left column_child col-lg-3 single-internal-gutter\"><div class=\"uncol style-light\" ><div class=\"uncoltable\"><div class=\"uncell no-block-padding\" ><div class=\"uncont\" ><div class=\"empty-space empty-quart\" ><span class=\"empty-space-inner\"><\/span><\/div>\n<span class=\"btn-container btn-inline\" ><a href=\"https:\/\/old.mybscu.org\/es\/fraud-center\/atm-safety\/\" class=\"custom-link btn border-width-0 btn-color-310791 btn-top-margin btn-icon-left\">M\u00e1s informaci\u00f3n<\/a><\/span><\/div><\/div><\/div><\/div><\/div><\/div><\/div><\/div><div class=\"vc_row vc_custom_1469730819938 border-color-204383-color row-internal row-container\" style=\"border-style: solid;margin-bottom: 75px ;border-bottom-width: 1px ;padding-bottom: 40px ;\"><div class=\"row row-child\"><div class=\"wpb_row row-inner\"><div class=\"wpb_column pos-top pos-center align_left column_child col-lg-9 single-internal-gutter\"><div class=\"uncol style-light\" ><div class=\"uncoltable\"><div class=\"uncell no-block-padding\" ><div class=\"uncont\" ><div class=\"uncode_text_column vc_custom_1476819439035\"  style=\"margin-top: 20px ;\"><\/p>\n<h2>Realizar transacciones en l\u00ednea<\/h2>\n<p>A medida que el uso de internet contin\u00faa expandi\u00e9ndose a nivel mundial, las instituciones financieras est\u00e1n mejorando la comunicaci\u00f3n con los consumidores que utilizan la web para ofrecer productos y servicios. Con esta nueva tecnolog\u00eda y la comodidad de la banca en l\u00ednea, surgen amenazas y estafas.<\/p>\n<\/div><\/div><\/div><\/div><\/div><\/div><div class=\"wpb_column pos-top pos-center align_left column_child col-lg-3 single-internal-gutter\"><div class=\"uncol style-light\" ><div class=\"uncoltable\"><div class=\"uncell no-block-padding\" ><div class=\"uncont\" ><div class=\"empty-space empty-double\" ><span class=\"empty-space-inner\"><\/span><\/div>\n<span class=\"btn-container btn-inline\" ><a href=\"https:\/\/old.mybscu.org\/es\/fraud-center\/conducting-transactions-online\/\" class=\"custom-link btn border-width-0 btn-color-310791 btn-top-margin btn-icon-left\">M\u00e1s informaci\u00f3n<\/a><\/span><\/div><\/div><\/div><\/div><\/div><\/div><\/div><\/div><div class=\"vc_row vc_custom_1469730819938 border-color-204383-color row-internal row-container\" style=\"border-style: solid;margin-bottom: 75px ;border-bottom-width: 1px ;padding-bottom: 40px ;\"><div class=\"row row-child\"><div class=\"wpb_row row-inner\"><div class=\"wpb_column pos-top pos-center align_left column_child col-lg-9 single-internal-gutter\"><div class=\"uncol style-light\" ><div class=\"uncoltable\"><div class=\"uncell no-block-padding\" ><div class=\"uncont\" ><div class=\"uncode_text_column vc_custom_1476819642310\"  style=\"margin-top: 20px ;\"><\/p>\n<h2>Suplantaci\u00f3n de identidad (phishing)<\/h2>\n<p>\n<\/div><\/div><\/div><\/div><\/div><\/div><div class=\"wpb_column pos-top pos-center align_left column_child col-lg-3 single-internal-gutter\"><div class=\"uncol style-light\" ><div class=\"uncoltable\"><div class=\"uncell no-block-padding\" ><div class=\"uncont\" ><div class=\"empty-space empty-quart\" ><span class=\"empty-space-inner\"><\/span><\/div>\n<span class=\"btn-container btn-inline\" ><a href=\"https:\/\/old.mybscu.org\/es\/fraud-center\/phishing\/\" class=\"custom-link btn border-width-0 btn-color-310791 btn-top-margin btn-icon-left\">M\u00e1s informaci\u00f3n<\/a><\/span><\/div><\/div><\/div><\/div><\/div><\/div><\/div><\/div><div class=\"vc_row vc_custom_1469730819938 border-color-204383-color row-internal row-container\" style=\"border-style: solid;margin-bottom: 75px ;border-bottom-width: 1px ;padding-bottom: 40px ;\"><div class=\"row row-child\"><div class=\"wpb_row row-inner\"><div class=\"wpb_column pos-top pos-center align_left column_child col-lg-9 single-internal-gutter\"><div class=\"uncol style-light\" ><div class=\"uncoltable\"><div class=\"uncell no-block-padding\" ><div class=\"uncont\" ><div class=\"uncode_text_column vc_custom_1476819731962\"  style=\"margin-top: 20px ;\"><\/p>\n<h2>Proteja su informaci\u00f3n personal<\/h2>\n<p>Las nuevas tecnolog\u00edas nos han simplificado la vida. Tambi\u00e9n han creado nuevas oportunidades para el fraude y el robo de identidad. La buena noticia es que puedes protegerte de estos delitos que podr\u00edan robarte tu dinero, tu historial crediticio e incluso tu identidad.<\/p>\n<\/div><\/div><\/div><\/div><\/div><\/div><div class=\"wpb_column pos-top pos-center align_left column_child col-lg-3 single-internal-gutter\"><div class=\"uncol style-light\" ><div class=\"uncoltable\"><div class=\"uncell no-block-padding\" ><div class=\"uncont\" ><div class=\"empty-space empty-double\" ><span class=\"empty-space-inner\"><\/span><\/div>\n<span class=\"btn-container btn-inline\" ><a href=\"https:\/\/old.mybscu.org\/es\/fraud-center\/protect-your-personal-information\/\" class=\"custom-link btn border-width-0 btn-color-310791 btn-top-margin btn-icon-left\">M\u00e1s informaci\u00f3n<\/a><\/span><\/div><\/div><\/div><\/div><\/div><\/div><\/div><\/div><div class=\"vc_row vc_custom_1469730819938 border-color-204383-color row-internal row-container\" style=\"border-style: solid;margin-bottom: 75px ;border-bottom-width: 1px ;padding-bottom: 40px ;\"><div class=\"row row-child\"><div class=\"wpb_row row-inner\"><div class=\"wpb_column pos-top pos-center align_left column_child col-lg-9 single-internal-gutter\"><div class=\"uncol style-light\" ><div class=\"uncoltable\"><div class=\"uncell no-block-padding\" ><div class=\"uncont\" ><div class=\"uncode_text_column vc_custom_1476819810786\"  style=\"margin-top: 20px ;\"><\/p>\n<h2>Alertas de seguridad<\/h2>\n<p>\n<\/div><\/div><\/div><\/div><\/div><\/div><div class=\"wpb_column pos-top pos-center align_left column_child col-lg-3 single-internal-gutter\"><div class=\"uncol style-light\" ><div class=\"uncoltable\"><div class=\"uncell no-block-padding\" ><div class=\"uncont\" ><div class=\"empty-space empty-quart\" ><span class=\"empty-space-inner\"><\/span><\/div>\n<span class=\"btn-container btn-inline\" ><a href=\"https:\/\/old.mybscu.org\/es\/fraud-center\/security-alert\/\" class=\"custom-link btn border-width-0 btn-color-310791 btn-top-margin btn-icon-left\">M\u00e1s informaci\u00f3n<\/a><\/span><\/div><\/div><\/div><\/div><\/div><\/div><\/div><\/div><\/div><\/div><\/div><\/div><\/div><script id=\"script-row-unique-1\" data-row=\"script-row-unique-1\" type=\"text\/javascript\" class=\"vc_controls\">UNCODE.initRow(document.getElementById(\"row-unique-1\"));<\/script><\/div><\/div><\/div>\n<\/div>","protected":false},"excerpt":{"rendered":"Mensaje importante del Centro de Fraude: BSCU NUNCA lo llamar\u00e1 ni le enviar\u00e1 un mensaje de texto para solicitarle su c\u00f3digo de acceso seguro, tarjeta de d\u00e9bito, [...]","protected":false},"author":8,"featured_media":0,"parent":0,"menu_order":4,"comment_status":"closed","ping_status":"closed","template":"","meta":{"footnotes":""},"class_list":["post-369","page","type-page","status-publish","hentry"],"yoast_head":"<!-- This site is optimized with the Yoast SEO Premium plugin v26.4 (Yoast SEO v26.4) - https:\/\/yoast.com\/wordpress\/plugins\/seo\/ -->\n<title>Fraud Center - BrightStar Credit Union<\/title>\n<meta name=\"robots\" content=\"noindex, follow, max-snippet:-1, max-image-preview:large, max-video-preview:-1\" \/>\n<meta property=\"og:locale\" content=\"es_ES\" \/>\n<meta property=\"og:type\" content=\"article\" \/>\n<meta property=\"og:title\" content=\"Fraud Center\" \/>\n<meta property=\"og:url\" content=\"https:\/\/old.mybscu.org\/es\/fraudcenter\/\" \/>\n<meta property=\"og:site_name\" content=\"BrightStar Credit Union\" \/>\n<meta property=\"article:publisher\" content=\"https:\/\/www.facebook.com\/BrightStarCU\/\" \/>\n<meta property=\"article:modified_time\" content=\"2024-03-22T19:39:50+00:00\" \/>\n<meta name=\"twitter:card\" content=\"summary_large_image\" \/>\n<meta name=\"twitter:label1\" content=\"Tiempo de lectura\" \/>\n\t<meta name=\"twitter:data1\" content=\"2 minutos\" \/>\n<script type=\"application\/ld+json\" class=\"yoast-schema-graph\">{\"@context\":\"https:\/\/schema.org\",\"@graph\":[{\"@type\":\"WebPage\",\"@id\":\"https:\/\/old.mybscu.org\/fraudcenter\/\",\"url\":\"https:\/\/old.mybscu.org\/fraudcenter\/\",\"name\":\"Fraud Center - BrightStar Credit Union\",\"isPartOf\":{\"@id\":\"https:\/\/old.mybscu.org\/#website\"},\"datePublished\":\"2016-08-18T20:16:22+00:00\",\"dateModified\":\"2024-03-22T19:39:50+00:00\",\"breadcrumb\":{\"@id\":\"https:\/\/old.mybscu.org\/fraudcenter\/#breadcrumb\"},\"inLanguage\":\"es\",\"potentialAction\":[{\"@type\":\"ReadAction\",\"target\":[\"https:\/\/old.mybscu.org\/fraudcenter\/\"]}]},{\"@type\":\"BreadcrumbList\",\"@id\":\"https:\/\/old.mybscu.org\/fraudcenter\/#breadcrumb\",\"itemListElement\":[{\"@type\":\"ListItem\",\"position\":1,\"name\":\"Home\",\"item\":\"https:\/\/old.mybscu.org\/\"},{\"@type\":\"ListItem\",\"position\":2,\"name\":\"Fraud Center\"}]},{\"@type\":\"WebSite\",\"@id\":\"https:\/\/old.mybscu.org\/#website\",\"url\":\"https:\/\/old.mybscu.org\/\",\"name\":\"BrightStar Credit Union\",\"description\":\"Serving  Broward, Collier, Lee, Martin, Miami-Dade, Palm Beach or St. Lucie Counties, Florida.\",\"publisher\":{\"@id\":\"https:\/\/old.mybscu.org\/#organization\"},\"potentialAction\":[{\"@type\":\"SearchAction\",\"target\":{\"@type\":\"EntryPoint\",\"urlTemplate\":\"https:\/\/old.mybscu.org\/?s={search_term_string}\"},\"query-input\":{\"@type\":\"PropertyValueSpecification\",\"valueRequired\":true,\"valueName\":\"search_term_string\"}}],\"inLanguage\":\"es\"},{\"@type\":\"Organization\",\"@id\":\"https:\/\/old.mybscu.org\/#organization\",\"name\":\"BrightStar Credit Union\",\"url\":\"https:\/\/old.mybscu.org\/\",\"logo\":{\"@type\":\"ImageObject\",\"inLanguage\":\"es\",\"@id\":\"https:\/\/old.mybscu.org\/#\/schema\/logo\/image\/\",\"url\":\"https:\/\/old.mybscu.org\/wp-content\/uploads\/2016\/07\/logo-1.png\",\"contentUrl\":\"https:\/\/old.mybscu.org\/wp-content\/uploads\/2016\/07\/logo-1.png\",\"width\":500,\"height\":214,\"caption\":\"BrightStar Credit Union\"},\"image\":{\"@id\":\"https:\/\/old.mybscu.org\/#\/schema\/logo\/image\/\"},\"sameAs\":[\"https:\/\/www.facebook.com\/BrightStarCU\/\",\"https:\/\/www.instagram.com\/brightstar.creditunion\/\"]}]}<\/script>\n<!-- \/ Yoast SEO Premium plugin. -->","yoast_head_json":{"title":"Fraud Center - BrightStar Credit Union","robots":{"index":"noindex","follow":"follow","max-snippet":"max-snippet:-1","max-image-preview":"max-image-preview:large","max-video-preview":"max-video-preview:-1"},"og_locale":"es_ES","og_type":"article","og_title":"Fraud Center","og_url":"https:\/\/old.mybscu.org\/es\/fraudcenter\/","og_site_name":"BrightStar Credit Union","article_publisher":"https:\/\/www.facebook.com\/BrightStarCU\/","article_modified_time":"2024-03-22T19:39:50+00:00","twitter_card":"summary_large_image","twitter_misc":{"Tiempo de lectura":"2 minutos"},"schema":{"@context":"https:\/\/schema.org","@graph":[{"@type":"WebPage","@id":"https:\/\/old.mybscu.org\/fraudcenter\/","url":"https:\/\/old.mybscu.org\/fraudcenter\/","name":"Fraud Center - BrightStar Credit Union","isPartOf":{"@id":"https:\/\/old.mybscu.org\/#website"},"datePublished":"2016-08-18T20:16:22+00:00","dateModified":"2024-03-22T19:39:50+00:00","breadcrumb":{"@id":"https:\/\/old.mybscu.org\/fraudcenter\/#breadcrumb"},"inLanguage":"es","potentialAction":[{"@type":"ReadAction","target":["https:\/\/old.mybscu.org\/fraudcenter\/"]}]},{"@type":"BreadcrumbList","@id":"https:\/\/old.mybscu.org\/fraudcenter\/#breadcrumb","itemListElement":[{"@type":"ListItem","position":1,"name":"Home","item":"https:\/\/old.mybscu.org\/"},{"@type":"ListItem","position":2,"name":"Fraud Center"}]},{"@type":"WebSite","@id":"https:\/\/old.mybscu.org\/#website","url":"https:\/\/old.mybscu.org\/","name":"Cooperativa de cr\u00e9dito BrightStar","description":"Sirviendo a los condados de Broward, Collier, Lee, Martin, Miami-Dade, Palm Beach o St. Lucie, Florida.","publisher":{"@id":"https:\/\/old.mybscu.org\/#organization"},"potentialAction":[{"@type":"SearchAction","target":{"@type":"EntryPoint","urlTemplate":"https:\/\/old.mybscu.org\/?s={search_term_string}"},"query-input":{"@type":"PropertyValueSpecification","valueRequired":true,"valueName":"search_term_string"}}],"inLanguage":"es"},{"@type":"Organization","@id":"https:\/\/old.mybscu.org\/#organization","name":"Cooperativa de cr\u00e9dito BrightStar","url":"https:\/\/old.mybscu.org\/","logo":{"@type":"ImageObject","inLanguage":"es","@id":"https:\/\/old.mybscu.org\/#\/schema\/logo\/image\/","url":"https:\/\/old.mybscu.org\/wp-content\/uploads\/2016\/07\/logo-1.png","contentUrl":"https:\/\/old.mybscu.org\/wp-content\/uploads\/2016\/07\/logo-1.png","width":500,"height":214,"caption":"BrightStar Credit Union"},"image":{"@id":"https:\/\/old.mybscu.org\/#\/schema\/logo\/image\/"},"sameAs":["https:\/\/www.facebook.com\/BrightStarCU\/","https:\/\/www.instagram.com\/brightstar.creditunion\/"]}]}},"_links":{"self":[{"href":"https:\/\/old.mybscu.org\/es\/wp-json\/wp\/v2\/pages\/369","targetHints":{"allow":["GET"]}}],"collection":[{"href":"https:\/\/old.mybscu.org\/es\/wp-json\/wp\/v2\/pages"}],"about":[{"href":"https:\/\/old.mybscu.org\/es\/wp-json\/wp\/v2\/types\/page"}],"author":[{"embeddable":true,"href":"https:\/\/old.mybscu.org\/es\/wp-json\/wp\/v2\/users\/8"}],"replies":[{"embeddable":true,"href":"https:\/\/old.mybscu.org\/es\/wp-json\/wp\/v2\/comments?post=369"}],"version-history":[{"count":3,"href":"https:\/\/old.mybscu.org\/es\/wp-json\/wp\/v2\/pages\/369\/revisions"}],"predecessor-version":[{"id":15791,"href":"https:\/\/old.mybscu.org\/es\/wp-json\/wp\/v2\/pages\/369\/revisions\/15791"}],"wp:attachment":[{"href":"https:\/\/old.mybscu.org\/es\/wp-json\/wp\/v2\/media?parent=369"}],"curies":[{"name":"wp","href":"https:\/\/api.w.org\/{rel}","templated":true}]}}