{"id":423,"date":"2016-08-22T18:41:30","date_gmt":"2016-08-22T18:41:30","guid":{"rendered":"http:\/\/192.185.79.221\/~bscu\/?page_id=423"},"modified":"2025-08-06T09:22:21","modified_gmt":"2025-08-06T13:22:21","slug":"debitcard","status":"publish","type":"page","link":"https:\/\/old.mybscu.org\/es\/debitcard\/","title":{"rendered":"Tarjeta de d\u00e9bito"},"content":{"rendered":"<div class=\"wpb-content-wrapper\"><section data-parent=\"true\" class=\"vc_section row-container\" id=\"section-unique-0\"><div class=\"row-background background-element\">\n\t\t\t\t\t\t\t\t\t\t\t<div class=\"background-wrapper\">\n\t\t\t\t\t\t\t\t\t\t\t\t<div class=\"background-inner\" style=\"background-image: url(https:\/\/old.mybscu.org\/wp-content\/uploads\/2021\/12\/debit-rbg.jpg);background-repeat: no-repeat;background-position: center center;background-attachment: scroll;background-size: cover;\"><\/div>\n\t\t\t\t\t\t\t\t\t\t\t\t<div class=\"block-bg-overlay style-color-wayh-bg\" style=\"opacity: 0.6;\"><\/div>\n\t\t\t\t\t\t\t\t\t\t\t<\/div>\n\t\t\t\t\t\t\t\t\t\t<\/div><div class=\"row no-top-padding no-bottom-padding no-h-padding full-width row-parent\"><div data-parent=\"true\" class=\"vc_row vc_custom_1612893245499 row-container has-dividers\" style=\"padding-top: 20px ;padding-bottom: 20px ;\" id=\"row-unique-0\"><div class=\"uncode-divider-wrap uncode-divider-wrap-bottom z_index_3 uncode-row-divider-invert\" style=\"height: 100px;\" data-height=\"100\" data-unit=\"px\"><svg version=\"1.1\" class=\"uncode-row-divider uncode-row-divider-curve\" x=\"0px\" y=\"0px\" width=\"240px\" height=\"24px\" viewbox=\"0 0 240 24\" enable-background=\"new 0 0 240 24\" xml:space=\"preserve\" preserveaspectratio=\"none\">\n\t\t<path fill=\"#ffffff\" fill-opacity=\"0.25\" d=\"M240,0H0v24l240-11.26V0z\"\/>\n\t\t<path fill=\"#ffffff\" d=\"M0,0h240v12.74L0,0z\"\/>\n\t\t<path fill=\"#ffffff\" fill-opacity=\"0.5\" d=\"M0,0h240v12.74H0V0z\"\/>\n\t\t<\/svg><\/div><div class=\"row limit-width row-parent\"><div class=\"wpb_row row-inner\"><div class=\"wpb_column pos-middle pos-center align_center column_parent col-lg-12 single-internal-gutter\"><div class=\"uncol style-light\"  ><div class=\"uncoltable\"><div class=\"uncell  vc_custom_1612821354555 no-block-padding\" style=\"padding-top: 100px ;padding-bottom: 100px ;\" ><div class=\"uncont\" ><div id=\"ultimate-heading-516569e159d27c860\" class=\"uvc-heading ult-adjust-bottom-margin ultimate-heading-516569e159d27c860 uvc-7575\" data-hspacer=\"no_spacer\"  data-halign=\"center\" style=\"text-align:center\"><div class=\"uvc-heading-spacer no_spacer\" style=\"top\"><\/div><div class=\"uvc-main-heading ult-responsive\"  data-ultimate-target='.uvc-heading.ultimate-heading-516569e159d27c860 h1'  data-responsive-json-new='{\"font-size\":\"\",\"line-height\":\"\"}' ><h1 style=\"font-weight:normal;color:#ffffff;\">TARJETA DE D\u00c9BITO<\/h1><\/div><\/div><span class=\"btn-container btn-inline\" ><a href=\"https:\/\/www.scorecardrewards.com\/#\/home\" class=\"custom-link btn border-width-0 btn-accent btn-round btn-shadow btn-icon-left\" title=\"Se abre en una nueva ventana\" target=\"_blank\" onclick=\"amplitude.getInstance().logEvent(&#039;Open Account - Debit Card Page&#039;);\">Inscr\u00edbete en Debit Rewards<\/a><\/span><\/div><\/div><\/div><\/div><\/div><script id=\"script-row-unique-0\" data-row=\"script-row-unique-0\" type=\"text\/javascript\" class=\"vc_controls\">UNCODE.initRow(document.getElementById(\"row-unique-0\"));<\/script><\/div><\/div><\/div><script id=\"script-section-unique-0\" data-section=\"script-section-unique-0\" type=\"text\/javascript\">UNCODE.initSection(document.getElementById(\"section-unique-0\"));<\/script><\/div><\/section><div data-parent=\"true\" class=\"vc_row style-color-xsdn-bg row-container onepage-section\" data-label=\"features\" data-name=\"features\" id=\"row-unique-1\"><div class=\"row limit-width row-parent\"><div class=\"wpb_row row-inner\"><div class=\"wpb_column pos-middle pos-center align_left column_parent col-lg-12 single-internal-gutter\"><div class=\"uncol style-light\"  ><div class=\"uncoltable\"><div class=\"uncell  vc_custom_1634052967592 no-block-padding\" style=\"padding-top: 20px ;\" ><div class=\"uncont\" ><div class=\"vc_row vc_custom_1630083427090 row-internal row-container\" style=\"padding-top: 20px ;padding-bottom: 20px ;\"><div class=\"row row-child\"><div class=\"wpb_row row-inner\"><div class=\"wpb_column pos-middle pos-center align_left column_child col-lg-12 single-internal-gutter\"><div class=\"uncol style-light\" ><div class=\"uncoltable\"><div class=\"uncell no-block-padding\" ><div class=\"uncont\" ><div class=\"aio-icon-component    style_2\"><div id=\"Info-box-wrap-6871\" class=\"aio-icon-box left-icon\" style=\"\"  ><div class=\"aio-icon-left\"><div class=\"ult-just-icon-wrapper\"><div class=\"align-icon\" style=\"text-align:center;\">\n<div class=\"aio-icon none\"  style=\"color:#00475f;font-size:50px;display:inline-block;\">\n\t<i class=\"Defaults-credit-card\"><\/i>\n<\/div><\/div><\/div><\/div><div class=\"aio-ibd-block\"><div class=\"aio-icon-description ult-responsive\"  data-ultimate-target='#Info-box-wrap-6871 .aio-icon-description'  data-responsive-json-new='{\"font-size\":\"desktop:18px;\",\"line-height\":\"\"}'  style=\"\"><span style=\"color: #000000;\">Nuestra Tarjeta de D\u00e9bito es una forma conveniente de acceder a sus fondos y realizar compras directamente desde su cuenta corriente BSCU. Puede usarla en establecimientos de todo el mundo que aceptan tarjetas de d\u00e9bito Visa. Tambi\u00e9n puede usarla para realizar retiros, dep\u00f3sitos o consultar su saldo en los cajeros autom\u00e1ticos participantes.<\/span><\/div> <!-- description --><\/div> <!-- aio-ibd-block --><\/div> <!-- aio-icon-box --><\/div> <!-- aio-icon-component --><\/div><\/div><\/div><\/div><\/div><\/div><\/div><\/div><\/div><\/div><\/div><\/div><\/div><script id=\"script-row-unique-1\" data-row=\"script-row-unique-1\" type=\"text\/javascript\" class=\"vc_controls\">UNCODE.initRow(document.getElementById(\"row-unique-1\"));<\/script><\/div><\/div><\/div><div data-parent=\"true\" class=\"vc_row style-color-gyho-bg vc_custom_1588959476070 row-container onepage-section\" data-label=\"cashrewards\" data-name=\"cashrewards\" style=\"padding-top: 20px ;padding-bottom: 20px ;\" id=\"sec_cashrewards\"><div class=\"row limit-width row-parent\"><div class=\"wpb_row row-inner\"><div class=\"wpb_column pos-middle pos-center align_center column_parent col-lg-4 single-internal-gutter\"><div class=\"uncol style-light\"  ><div class=\"uncoltable\"><div class=\"uncell no-block-padding\" ><div class=\"uncont\" ><div class=\"uncode-single-media  text-left\"><div class=\"single-wrapper\" style=\"max-width: 100%;\"><div class=\"tmb tmb-light  tmb-media-first tmb-media-last tmb-content-overlay tmb-no-bg\"><div class=\"t-inside\"><div class=\"t-entry-visual\"><div class=\"t-entry-visual-tc\"><div class=\"uncode-single-media-wrapper\"><img decoding=\"async\" class=\"wp-image-16558\" src=\"https:\/\/old.mybscu.org\/wp-content\/uploads\/2024\/08\/Debit2024.png\" width=\"1200\" height=\"829\" alt=\"\" srcset=\"https:\/\/old.mybscu.org\/wp-content\/uploads\/2024\/08\/Debit2024.png 1200w, https:\/\/old.mybscu.org\/wp-content\/uploads\/2024\/08\/Debit2024-300x207.png 300w, https:\/\/old.mybscu.org\/wp-content\/uploads\/2024\/08\/Debit2024-1024x707.png 1024w, https:\/\/old.mybscu.org\/wp-content\/uploads\/2024\/08\/Debit2024-768x531.png 768w, https:\/\/old.mybscu.org\/wp-content\/uploads\/2024\/08\/Debit2024-350x242.png 350w\" sizes=\"(max-width: 1200px) 100vw, 1200px\" \/><\/div>\n\t\t\t\t\t<\/div>\n\t\t\t\t<\/div><\/div><\/div><\/div><\/div><span class=\"btn-container btn-inline\" ><a href=\"https:\/\/app.loanspq.com\/apply.aspx?enc=Kw21Wblm1yxpjJabdoZaD387N2JxsZCKo346rct2X6oksGgk0G9KDJQenA2LEXKLuXsUAgyalFZnecXQMBTewbYaWmo1ddfy0R_2Gujj3kEVXMDFVnDGz4tJ_q2WVhuV\" class=\"custom-link btn border-width-0 btn-accent btn-round btn-shadow btn-icon-left\" title=\"Se abre en una nueva ventana\" target=\"_blank\" onclick=\"amplitude.getInstance().logEvent(&#039;Open Account - Debit Card Page&#039;);\">Abrir cuenta corriente<\/a><\/span><\/div><\/div><\/div><\/div><\/div><div class=\"wpb_column pos-middle pos-center align_left column_parent col-lg-8 single-internal-gutter\"><div class=\"uncol style-light\"  ><div class=\"uncoltable\"><div class=\"uncell no-block-padding\" ><div class=\"uncont\" ><div class=\"uavc-list-icon uavc-list-icon-wrapper ult-adjust-bottom-margin\"><ul class=\"uavc-list\"><li><div class=\"uavc-list-content\" id=\"list-icon-wrap-1207\">\n<div class=\"uavc-list-icon\" data-animation=\"\" data-animation-delay=\"03\" style=\"margin-right:5px;\"><div class=\"ult-just-icon-wrapper\"><div class=\"align-icon\" style=\"text-align:center;\">\n<div class=\"aio-icon none\"  style=\"color:#031c32;font-size:20px;display:inline-block;\">\n\t<i class=\"Defaults-circle-thin genderless\"><\/i>\n<\/div><\/div><\/div>\n<\/div><span  data-ultimate-target='#list-icon-wrap-1207 .uavc-list-desc'  data-responsive-json-new='{\"font-size\":\"\",\"line-height\":\"\"}'  class=\"uavc-list-desc ult-responsive\" style=\"\"><span style=\"color: #000000;\">\u00a1Gana 500 puntos de bonificaci\u00f3n una vez que te registres para recibir recompensas!<\/span><\/span><\/div><\/li><li><div class=\"uavc-list-content\" id=\"list-icon-wrap-1794\">\n<div class=\"uavc-list-icon\" data-animation=\"\" data-animation-delay=\"03\" style=\"margin-right:5px;\"><div class=\"ult-just-icon-wrapper\"><div class=\"align-icon\" style=\"text-align:center;\">\n<div class=\"aio-icon none\"  style=\"color:#031c32;font-size:20px;display:inline-block;\">\n\t<i class=\"Defaults-circle-thin genderless\"><\/i>\n<\/div><\/div><\/div>\n<\/div><span  data-ultimate-target='#list-icon-wrap-1794 .uavc-list-desc'  data-responsive-json-new='{\"font-size\":\"\",\"line-height\":\"\"}'  class=\"uavc-list-desc ult-responsive\" style=\"\"><span style=\"color: #000000;\">Sin cuotas mensuales ni anuales<\/span><\/span><\/div><\/li><li><div class=\"uavc-list-content\" id=\"list-icon-wrap-8197\">\n<div class=\"uavc-list-icon\" data-animation=\"\" data-animation-delay=\"03\" style=\"margin-right:5px;\"><div class=\"ult-just-icon-wrapper\"><div class=\"align-icon\" style=\"text-align:center;\">\n<div class=\"aio-icon none\"  style=\"color:#031c32;font-size:20px;display:inline-block;\">\n\t<i class=\"Defaults-circle-thin genderless\"><\/i>\n<\/div><\/div><\/div>\n<\/div><span  data-ultimate-target='#list-icon-wrap-8197 .uavc-list-desc'  data-responsive-json-new='{\"font-size\":\"\",\"line-height\":\"\"}'  class=\"uavc-list-desc ult-responsive\" style=\"\"><span style=\"color: #000000;\">Gane puntos para obtener grandes recompensas con ScoreCard Rewards.<\/span><\/span><\/div><\/li><li><div class=\"uavc-list-content\" id=\"list-icon-wrap-8213\">\n<div class=\"uavc-list-icon\" data-animation=\"\" data-animation-delay=\"03\" style=\"margin-right:5px;\"><div class=\"ult-just-icon-wrapper\"><div class=\"align-icon\" style=\"text-align:center;\">\n<div class=\"aio-icon none\"  style=\"color:#031c32;font-size:20px;display:inline-block;\">\n\t<i class=\"Defaults-circle-thin genderless\"><\/i>\n<\/div><\/div><\/div>\n<\/div><span  data-ultimate-target='#list-icon-wrap-8213 .uavc-list-desc'  data-responsive-json-new='{\"font-size\":\"\",\"line-height\":\"\"}'  class=\"uavc-list-desc ult-responsive\" style=\"\"><span style=\"color: #000000;\">Disfrute de la libertad de realizar compras sin tener que llevar efectivo ni escribir un cheque en cualquier lugar donde se acepten tarjetas de d\u00e9bito Visa, incluidos restaurantes, tiendas departamentales y comerciantes en l\u00ednea.<\/span><\/span><\/div><\/li><li><div class=\"uavc-list-content\" id=\"list-icon-wrap-7933\">\n<div class=\"uavc-list-icon\" data-animation=\"\" data-animation-delay=\"03\" style=\"margin-right:5px;\"><div class=\"ult-just-icon-wrapper\"><div class=\"align-icon\" style=\"text-align:center;\">\n<div class=\"aio-icon none\"  style=\"color:#031c32;font-size:20px;display:inline-block;\">\n\t<i class=\"Defaults-circle-thin genderless\"><\/i>\n<\/div><\/div><\/div>\n<\/div><span  data-ultimate-target='#list-icon-wrap-7933 .uavc-list-desc'  data-responsive-json-new='{\"font-size\":\"\",\"line-height\":\"\"}'  class=\"uavc-list-desc ult-responsive\" style=\"\"><span style=\"color: #000000;\">F\u00e1cil acceso al efectivo, de d\u00eda o de noche, los 7 d\u00edas de la semana.<\/span><\/span><\/div><\/li><li><div class=\"uavc-list-content\" id=\"list-icon-wrap-7909\">\n<div class=\"uavc-list-icon\" data-animation=\"\" data-animation-delay=\"03\" style=\"margin-right:5px;\"><div class=\"ult-just-icon-wrapper\"><div class=\"align-icon\" style=\"text-align:center;\">\n<div class=\"aio-icon none\"  style=\"color:#031c32;font-size:20px;display:inline-block;\">\n\t<i class=\"Defaults-circle-thin genderless\"><\/i>\n<\/div><\/div><\/div>\n<\/div><span  data-ultimate-target='#list-icon-wrap-7909 .uavc-list-desc'  data-responsive-json-new='{\"font-size\":\"\",\"line-height\":\"\"}'  class=\"uavc-list-desc ult-responsive\" style=\"\"><span style=\"color: #000000;\">Realice retiros, transferencias y consultas de saldo en los cajeros autom\u00e1ticos BrightStar CU o en miles de otros cajeros autom\u00e1ticos participantes<\/span><\/span><\/div><\/li><li><div class=\"uavc-list-content\" id=\"list-icon-wrap-8806\">\n<div class=\"uavc-list-icon\" data-animation=\"\" data-animation-delay=\"03\" style=\"margin-right:5px;\"><div class=\"ult-just-icon-wrapper\"><div class=\"align-icon\" style=\"text-align:center;\">\n<div class=\"aio-icon none\"  style=\"color:#031c32;font-size:20px;display:inline-block;\">\n\t<i class=\"Defaults-circle-thin genderless\"><\/i>\n<\/div><\/div><\/div>\n<\/div><span  data-ultimate-target='#list-icon-wrap-8806 .uavc-list-desc'  data-responsive-json-new='{\"font-size\":\"\",\"line-height\":\"\"}'  class=\"uavc-list-desc ult-responsive\" style=\"\"><span style=\"color: #000000;\">\u00a1Utilice su tarjeta de d\u00e9bito en todas las m\u00e1quinas Culiance*, CUHere y Publix Presto sin cargo!<\/span><\/span><\/div><\/li><li><div class=\"uavc-list-content\" id=\"list-icon-wrap-7450\">\n<div class=\"uavc-list-icon\" data-animation=\"\" data-animation-delay=\"03\" style=\"margin-right:5px;\"><div class=\"ult-just-icon-wrapper\"><div class=\"align-icon\" style=\"text-align:center;\">\n<div class=\"aio-icon none\"  style=\"color:#031c32;font-size:20px;display:inline-block;\">\n\t<i class=\"Defaults-circle-thin genderless\"><\/i>\n<\/div><\/div><\/div>\n<\/div><span  data-ultimate-target='#list-icon-wrap-7450 .uavc-list-desc'  data-responsive-json-new='{\"font-size\":\"\",\"line-height\":\"\"}'  class=\"uavc-list-desc ult-responsive\" style=\"\"><span style=\"color: #000000;\">Realice dep\u00f3sitos en su cuenta BrightStar CU en los cajeros autom\u00e1ticos BrightStar CU, en muchos cajeros autom\u00e1ticos que muestran el logotipo de la red Culiance<\/span><\/span><\/div><\/li><li><div class=\"uavc-list-content\" id=\"list-icon-wrap-4702\">\n<div class=\"uavc-list-icon\" data-animation=\"\" data-animation-delay=\"03\" style=\"margin-right:5px;\"><div class=\"ult-just-icon-wrapper\"><div class=\"align-icon\" style=\"text-align:center;\">\n<div class=\"aio-icon none\"  style=\"color:#031c32;font-size:20px;display:inline-block;\">\n\t<i class=\"Defaults-circle-thin genderless\"><\/i>\n<\/div><\/div><\/div>\n<\/div><span  data-ultimate-target='#list-icon-wrap-4702 .uavc-list-desc'  data-responsive-json-new='{\"font-size\":\"\",\"line-height\":\"\"}'  class=\"uavc-list-desc ult-responsive\" style=\"\"><span style=\"color: #000000;\">Utilice su tarjeta en terminales de puntos de venta participantes en todo el mundo (es decir, supermercados, gasolineras, farmacias, restaurantes)<\/span><\/span><\/div><\/li><li><div class=\"uavc-list-content\" id=\"list-icon-wrap-4160\">\n<div class=\"uavc-list-icon\" data-animation=\"\" data-animation-delay=\"03\" style=\"margin-right:5px;\"><div class=\"ult-just-icon-wrapper\"><div class=\"align-icon\" style=\"text-align:center;\">\n<div class=\"aio-icon none\"  style=\"color:#031c32;font-size:20px;display:inline-block;\">\n\t<i class=\"Defaults-circle-thin genderless\"><\/i>\n<\/div><\/div><\/div>\n<\/div><span  data-ultimate-target='#list-icon-wrap-4160 .uavc-list-desc'  data-responsive-json-new='{\"font-size\":\"\",\"line-height\":\"\"}'  class=\"uavc-list-desc ult-responsive\" style=\"\"><span style=\"color: #000000;\">Reciba estados de cuenta mensuales que enumeran sus transacciones: vea sus estados de cuenta en l\u00ednea con la Banca en L\u00ednea gratuita<\/span><\/span><\/div><\/li><\/ul><\/div><div id=\"modal-trg-txt-wrap-7660\" class=\"ult-modal-input-wrapper ult-adjust-bottom-margin\" data-keypress-control=\"keypress-control-enable\" data-overlay-control=\"overlay-control-enable\"><span data-class-id=\"content-69e159d2827790-55564600\"><\/span>\r\n\t\t\t\t<script type=\"text\/javascript\">\r\n\t\t\t\t(function($){\r\n\t\t\t\t\t$(document).ready(function(){\r\n\t\t\t\t\t\tvar selector = \".scmessage\";\r\n\t\t\t\t\t\t$(selector).addClass(\"custom-ult-modal overlay-show-genie\");\r\n\t\t\t\t\t\t$(selector).attr(\"data-class-id\", \"content-69e159d2827790-55564600\");\r\n\t\t\t\t\t\t$(selector).attr(\"data-overlay-class\", \"overlay-show-genie\");\r\n\t\t\t\t\t\t$(selector).attr(\"data-keypress-control\", \"keypress-control-enable\");\r\n\t\t\t\t\t\t$(selector).attr(\"data-overlay-control\", \"overlay-control-enable\");\r\n\t\t\t\t\t});\r\n\t\t\t\t})(jQuery);\r\n\t\t\t\t<\/script><\/div>\n<div class=\"ult-overlay overlay-genie content-69e159d2827790-55564600\" style=\"display:none\" data-class=\"content-69e159d2827790-55564600\" data-steps=\"m 701.56545,809.01175 35.16718,0 0,19.68384 -35.16718,0 z;m 698.9986,728.03569 41.23353,0 -3.41953,77.8735 -34.98557,0 z;m 687.08153,513.78234 53.1506,0 C 738.0505,683.9161 737.86917,503.34193 737.27015,806 l -35.90067,0 c -7.82727,-276.34892 -2.06916,-72.79261 -14.28795,-292.21766 z;m 403.87105,257.94772 566.31246,2.93091 C 923.38284,513.78233 738.73561,372.23931 737.27015,806 l -35.90067,0 C 701.32034,404.49318 455.17312,480.07689 403.87105,257.94772 z;M 51.871052,165.94772 1362.1835,168.87863 C 1171.3828,653.78233 738.73561,372.23931 737.27015,806 l -35.90067,0 C 701.32034,404.49318 31.173122,513.78234 51.871052,165.94772 z;m 52,26 1364,4 c -12.8007,666.9037 -273.2644,483.78234 -322.7299,776 l -633.90062,0 C 359.32034,432.49318 -6.6979288,733.83462 52,26 z;m 0,0 1439.999975,0 0,805.99999 -1439.999975,0 z\">\n\t<svg xmlns=\"http:\/\/www.w3.org\/2000\/svg\" width=\"100%\" height=\"100%\" viewbox=\"0 0 1440 806\" preserveaspectratio=\"none\">\r\n\t\t\t\t\t\t\t<path class=\"overlay-path\" d=\"m 701.56545,809.01175 35.16718,0 0,19.68384 -35.16718,0 z\" style=\"fill:rgba(157,158,156,0.8);\"\/>\r\n\t\t\t\t\t\t<\/svg>\n\t<div class=\"ult_modal ult-fade ult-medium\">\n\t<div class=\"ult-overlay-close popup-edge-top-right\" style=\"width:30px;height:30px; background-color: #0093a0;border-radius: 50%;padding:10px;box-sizing: content-box; top:-25px;right:-25px;\"><div class=\"ult-overlay-close-inside\">Cerca<\/div><\/div>\n\t\t<div id=\"ult-modal-wrap-1402\" class=\"ult_modal-content ult-hide\" style=\"border-style:solid;border-width:2px;border-radius:0px;border-color:#333333;\">\n\t\t\t<div class=\"ult_modal-header\" style=\"background:#00475f;color:#ffffff;font-weight:bold;border-color:#333333;\">\n\t\t\t\t<h3  data-ultimate-target='#ult-modal-wrap-1402 .ult_modal-title'  data-responsive-json-new='{\"font-size\":\"\",\"line-height\":\"\"}'  class=\"ult_modal-title ult-responsive\">Mensaje importante<\/h3>\n\t\t\t<\/div>\n\t\t\t<div  data-ultimate-target='#ult-modal-wrap-1402 .ult_modal-body'  data-responsive-json-new='{\"font-size\":\"\",\"line-height\":\"\"}'  class=\"ult_modal-body ult-responsive ult-html\" style=\"\">\n\t\t\t<span style=\"color: #000000;\">Nuestro portal de Recompensas de D\u00e9bito, impulsado por ScoreCard Rewards, se encuentra actualmente en mantenimiento para mejorar su experiencia. Nuestro equipo est\u00e1 trabajando arduamente para completarlo lo antes posible. Agradecemos su paciencia y comprensi\u00f3n.<\/span>\n\t\t\t<\/div>\n\t<\/div>\n\t<\/div>\n<\/div><\/div><\/div><\/div><\/div><\/div><script id=\"script-sec_cashrewards\" data-row=\"script-sec_cashrewards\" type=\"text\/javascript\" class=\"vc_controls\">UNCODE.initRow(document.getElementById(\"sec_cashrewards\"));<\/script><\/div><\/div><\/div>\n<\/div>","protected":false},"excerpt":{"rendered":"DEBIT CARDEnroll in Debit Rewards Our Debit Card is a convenient way to access your funds and make purchases directly [...]","protected":false},"author":8,"featured_media":0,"parent":0,"menu_order":3,"comment_status":"closed","ping_status":"closed","template":"","meta":{"footnotes":""},"class_list":["post-423","page","type-page","status-publish","hentry"],"yoast_head":"<!-- This site is optimized with the Yoast SEO Premium plugin v26.4 (Yoast SEO v26.4) - https:\/\/yoast.com\/wordpress\/plugins\/seo\/ -->\n<title>Debit Card - BrightStar Credit Union<\/title>\n<meta name=\"robots\" content=\"noindex, follow, max-snippet:-1, max-image-preview:large, max-video-preview:-1\" \/>\n<meta property=\"og:locale\" content=\"es_ES\" \/>\n<meta property=\"og:type\" content=\"article\" \/>\n<meta property=\"og:title\" content=\"Debit Card\" \/>\n<meta property=\"og:url\" content=\"https:\/\/old.mybscu.org\/es\/debitcard\/\" \/>\n<meta property=\"og:site_name\" content=\"BrightStar Credit Union\" \/>\n<meta property=\"article:publisher\" content=\"https:\/\/www.facebook.com\/BrightStarCU\/\" \/>\n<meta property=\"article:modified_time\" content=\"2025-08-06T13:22:21+00:00\" \/>\n<meta name=\"twitter:card\" content=\"summary_large_image\" \/>\n<meta name=\"twitter:label1\" content=\"Tiempo de lectura\" \/>\n\t<meta name=\"twitter:data1\" content=\"3 minutos\" \/>\n<script type=\"application\/ld+json\" class=\"yoast-schema-graph\">{\"@context\":\"https:\/\/schema.org\",\"@graph\":[{\"@type\":\"WebPage\",\"@id\":\"https:\/\/old.mybscu.org\/debitcard\/\",\"url\":\"https:\/\/old.mybscu.org\/debitcard\/\",\"name\":\"Debit Card - BrightStar Credit Union\",\"isPartOf\":{\"@id\":\"https:\/\/old.mybscu.org\/#website\"},\"datePublished\":\"2016-08-22T18:41:30+00:00\",\"dateModified\":\"2025-08-06T13:22:21+00:00\",\"breadcrumb\":{\"@id\":\"https:\/\/old.mybscu.org\/debitcard\/#breadcrumb\"},\"inLanguage\":\"es\",\"potentialAction\":[{\"@type\":\"ReadAction\",\"target\":[\"https:\/\/old.mybscu.org\/debitcard\/\"]}]},{\"@type\":\"BreadcrumbList\",\"@id\":\"https:\/\/old.mybscu.org\/debitcard\/#breadcrumb\",\"itemListElement\":[{\"@type\":\"ListItem\",\"position\":1,\"name\":\"Home\",\"item\":\"https:\/\/old.mybscu.org\/\"},{\"@type\":\"ListItem\",\"position\":2,\"name\":\"Debit Card\"}]},{\"@type\":\"WebSite\",\"@id\":\"https:\/\/old.mybscu.org\/#website\",\"url\":\"https:\/\/old.mybscu.org\/\",\"name\":\"BrightStar Credit Union\",\"description\":\"Serving  Broward, Collier, Lee, Martin, Miami-Dade, Palm Beach or St. Lucie Counties, Florida.\",\"publisher\":{\"@id\":\"https:\/\/old.mybscu.org\/#organization\"},\"potentialAction\":[{\"@type\":\"SearchAction\",\"target\":{\"@type\":\"EntryPoint\",\"urlTemplate\":\"https:\/\/old.mybscu.org\/?s={search_term_string}\"},\"query-input\":{\"@type\":\"PropertyValueSpecification\",\"valueRequired\":true,\"valueName\":\"search_term_string\"}}],\"inLanguage\":\"es\"},{\"@type\":\"Organization\",\"@id\":\"https:\/\/old.mybscu.org\/#organization\",\"name\":\"BrightStar Credit Union\",\"url\":\"https:\/\/old.mybscu.org\/\",\"logo\":{\"@type\":\"ImageObject\",\"inLanguage\":\"es\",\"@id\":\"https:\/\/old.mybscu.org\/#\/schema\/logo\/image\/\",\"url\":\"https:\/\/old.mybscu.org\/wp-content\/uploads\/2016\/07\/logo-1.png\",\"contentUrl\":\"https:\/\/old.mybscu.org\/wp-content\/uploads\/2016\/07\/logo-1.png\",\"width\":500,\"height\":214,\"caption\":\"BrightStar Credit Union\"},\"image\":{\"@id\":\"https:\/\/old.mybscu.org\/#\/schema\/logo\/image\/\"},\"sameAs\":[\"https:\/\/www.facebook.com\/BrightStarCU\/\",\"https:\/\/www.instagram.com\/brightstar.creditunion\/\"]}]}<\/script>\n<!-- \/ Yoast SEO Premium plugin. -->","yoast_head_json":{"title":"Debit Card - BrightStar Credit Union","robots":{"index":"noindex","follow":"follow","max-snippet":"max-snippet:-1","max-image-preview":"max-image-preview:large","max-video-preview":"max-video-preview:-1"},"og_locale":"es_ES","og_type":"article","og_title":"Debit Card","og_url":"https:\/\/old.mybscu.org\/es\/debitcard\/","og_site_name":"BrightStar Credit Union","article_publisher":"https:\/\/www.facebook.com\/BrightStarCU\/","article_modified_time":"2025-08-06T13:22:21+00:00","twitter_card":"summary_large_image","twitter_misc":{"Tiempo de lectura":"3 minutos"},"schema":{"@context":"https:\/\/schema.org","@graph":[{"@type":"WebPage","@id":"https:\/\/old.mybscu.org\/debitcard\/","url":"https:\/\/old.mybscu.org\/debitcard\/","name":"Debit Card - BrightStar Credit Union","isPartOf":{"@id":"https:\/\/old.mybscu.org\/#website"},"datePublished":"2016-08-22T18:41:30+00:00","dateModified":"2025-08-06T13:22:21+00:00","breadcrumb":{"@id":"https:\/\/old.mybscu.org\/debitcard\/#breadcrumb"},"inLanguage":"es","potentialAction":[{"@type":"ReadAction","target":["https:\/\/old.mybscu.org\/debitcard\/"]}]},{"@type":"BreadcrumbList","@id":"https:\/\/old.mybscu.org\/debitcard\/#breadcrumb","itemListElement":[{"@type":"ListItem","position":1,"name":"Home","item":"https:\/\/old.mybscu.org\/"},{"@type":"ListItem","position":2,"name":"Debit Card"}]},{"@type":"WebSite","@id":"https:\/\/old.mybscu.org\/#website","url":"https:\/\/old.mybscu.org\/","name":"Cooperativa de cr\u00e9dito BrightStar","description":"Sirviendo a los condados de Broward, Collier, Lee, Martin, Miami-Dade, Palm Beach o St. Lucie, Florida.","publisher":{"@id":"https:\/\/old.mybscu.org\/#organization"},"potentialAction":[{"@type":"SearchAction","target":{"@type":"EntryPoint","urlTemplate":"https:\/\/old.mybscu.org\/?s={search_term_string}"},"query-input":{"@type":"PropertyValueSpecification","valueRequired":true,"valueName":"search_term_string"}}],"inLanguage":"es"},{"@type":"Organization","@id":"https:\/\/old.mybscu.org\/#organization","name":"Cooperativa de cr\u00e9dito BrightStar","url":"https:\/\/old.mybscu.org\/","logo":{"@type":"ImageObject","inLanguage":"es","@id":"https:\/\/old.mybscu.org\/#\/schema\/logo\/image\/","url":"https:\/\/old.mybscu.org\/wp-content\/uploads\/2016\/07\/logo-1.png","contentUrl":"https:\/\/old.mybscu.org\/wp-content\/uploads\/2016\/07\/logo-1.png","width":500,"height":214,"caption":"BrightStar Credit Union"},"image":{"@id":"https:\/\/old.mybscu.org\/#\/schema\/logo\/image\/"},"sameAs":["https:\/\/www.facebook.com\/BrightStarCU\/","https:\/\/www.instagram.com\/brightstar.creditunion\/"]}]}},"_links":{"self":[{"href":"https:\/\/old.mybscu.org\/es\/wp-json\/wp\/v2\/pages\/423","targetHints":{"allow":["GET"]}}],"collection":[{"href":"https:\/\/old.mybscu.org\/es\/wp-json\/wp\/v2\/pages"}],"about":[{"href":"https:\/\/old.mybscu.org\/es\/wp-json\/wp\/v2\/types\/page"}],"author":[{"embeddable":true,"href":"https:\/\/old.mybscu.org\/es\/wp-json\/wp\/v2\/users\/8"}],"replies":[{"embeddable":true,"href":"https:\/\/old.mybscu.org\/es\/wp-json\/wp\/v2\/comments?post=423"}],"version-history":[{"count":4,"href":"https:\/\/old.mybscu.org\/es\/wp-json\/wp\/v2\/pages\/423\/revisions"}],"predecessor-version":[{"id":17929,"href":"https:\/\/old.mybscu.org\/es\/wp-json\/wp\/v2\/pages\/423\/revisions\/17929"}],"wp:attachment":[{"href":"https:\/\/old.mybscu.org\/es\/wp-json\/wp\/v2\/media?parent=423"}],"curies":[{"name":"wp","href":"https:\/\/api.w.org\/{rel}","templated":true}]}}