{"id":515,"date":"2016-08-26T19:18:53","date_gmt":"2016-08-26T19:18:53","guid":{"rendered":"http:\/\/192.185.79.221\/~bscu\/?page_id=515"},"modified":"2025-09-11T16:07:03","modified_gmt":"2025-09-11T20:07:03","slug":"balance","status":"publish","type":"page","link":"https:\/\/old.mybscu.org\/es\/balance\/","title":{"rendered":"Servicios de asesoramiento financiero Balance"},"content":{"rendered":"<div class=\"wpb-content-wrapper\"><div data-parent=\"true\" class=\"vc_row vc_custom_1757620568460 row-container\" style=\"padding-top: 20px ;padding-bottom: 20px ;\" id=\"row-unique-0\"><div class=\"row-background background-element\">\n\t\t\t\t\t\t\t\t\t\t\t<div class=\"background-wrapper\">\n\t\t\t\t\t\t\t\t\t\t\t\t<div class=\"background-inner\" style=\"background-image: url(https:\/\/old.mybscu.org\/wp-content\/uploads\/2025\/09\/h-with-financial-analysis-graphs.jpg);background-repeat: no-repeat;background-position: center center;background-attachment: scroll;background-size: cover;\"><\/div>\n\t\t\t\t\t\t\t\t\t\t\t\t<div class=\"block-bg-overlay style-overlay_color-279158-bg\" style=\"opacity: 0.8;\"><\/div>\n\t\t\t\t\t\t\t\t\t\t\t<\/div>\n\t\t\t\t\t\t\t\t\t\t<\/div><div class=\"row limit-width row-parent\"><div class=\"wpb_row row-inner\"><div class=\"wpb_column pos-middle pos-left align_left column_parent col-lg-6 single-internal-gutter\"><div class=\"uncol style-light\"  ><div class=\"uncoltable\"><div class=\"uncell  vc_custom_1742825013056 no-block-padding\" style=\"padding-top: 100px ;padding-bottom: 100px ;\" ><div class=\"uncont\" ><div class=\"vc_custom_heading_wrap\"><div class=\"heading-text el-text\" ><h2 class=\"h2 font-weight-700 text-color-xsdn-color\" ><span>Servicios de asesoramiento financiero de Balance GRATIS<\/span><\/h2><div><p>BrightStar Credit Union se ha asociado con BALANCE para ayudarlo a tomar el control de su futuro financiero, sin costo para usted.<\/p>\n<\/div><\/div><div class=\"clear\"><\/div><\/div><\/div><\/div><\/div><\/div><\/div><div class=\"wpb_column pos-top pos-center align_left column_parent col-lg-6 single-internal-gutter\"><div class=\"uncol style-light\"  ><div class=\"uncoltable\"><div class=\"uncell no-block-padding\" ><div class=\"uncont\" ><\/div><\/div><\/div><\/div><\/div><script id=\"script-row-unique-0\" data-row=\"script-row-unique-0\" type=\"text\/javascript\" class=\"vc_controls\">UNCODE.initRow(document.getElementById(\"row-unique-0\"));<\/script><\/div><\/div><\/div><div data-parent=\"true\" class=\"vc_row style-color-xsdn-bg vc_custom_1670954535640 row-container\" style=\"padding-top: 20px ;padding-bottom: 20px ;\" id=\"row-unique-1\"><div class=\"row limit-width row-parent\"><div class=\"wpb_row row-inner\"><div class=\"wpb_column pos-middle pos-left align_left column_parent col-lg-12 single-internal-gutter\"><div class=\"uncol style-light\"  ><div class=\"uncoltable\"><div class=\"uncell no-block-padding\" ><div class=\"uncont\" >\n\t<div class=\"wpb_raw_code wpb_raw_html\" >\n\t\t<div class=\"wpb_wrapper\">\n\t\t\t<!-- BALANCE Program Section -->\n<section class=\"bs-balance-program-section\">\n  <div class=\"bs-balance-container\">\n    <div class=\"bs-balance-content-wrapper\">\n      <div class=\"bs-balance-header\">\n        <h2 class=\"bs-balance-title\">\n          <i class=\"fas fa-balance-scale bs-balance-icon\" aria-hidden=\"true\"><\/i>\n          \u00bfQu\u00e9 es BALANCE?\n        <\/h2>\n      <\/div>\n      \n      <div class=\"bs-balance-intro\">\n        <p class=\"bs-balance-description\">\n          <strong>BALANCE<\/strong> Ofrece a los miembros de BrightStar acceso a asesoramiento financiero confidencial, recursos educativos y herramientas dise\u00f1adas para mejorar sus habilidades de administraci\u00f3n del dinero. Ya sea que est\u00e9 tratando de generar cr\u00e9dito, reducir deudas o crear un presupuesto, BALANCE puede ayudarle. <em class=\"bs-balance-free\">GRATIS<\/em>.\n        <\/p>\n      <\/div>\n    <\/div>\n  <\/div>\n<\/section>\n\t\t<\/div>\n\t<\/div>\n<\/div><\/div><\/div><\/div><\/div><script id=\"script-row-unique-1\" data-row=\"script-row-unique-1\" type=\"text\/javascript\" class=\"vc_controls\">UNCODE.initRow(document.getElementById(\"row-unique-1\"));<\/script><\/div><\/div><\/div><div data-parent=\"true\" class=\"vc_row style-color-xsdn-bg vc_custom_1670954535640 row-container\" style=\"padding-top: 20px ;padding-bottom: 20px ;\" id=\"row-unique-2\"><div class=\"row limit-width row-parent\"><div class=\"wpb_row row-inner\"><div class=\"wpb_column pos-middle pos-left align_left column_parent col-lg-12 single-internal-gutter\"><div class=\"uncol style-light\"  ><div class=\"uncoltable\"><div class=\"uncell no-block-padding\" ><div class=\"uncont\" >\n\t<div class=\"wpb_raw_code wpb_raw_html\" >\n\t\t<div class=\"wpb_wrapper\">\n\t\t\t<!-- BALANCE Services Section -->\n<section class=\"bs-services-section\">\n  <div class=\"bs-services-container\">\n    <div class=\"bs-services-header\">\n      <h2 class=\"bs-services-title\">Servicios ofrecidos<\/h2>\n    <\/div>\n    \n    <div class=\"bs-services-grid\">\n      <!-- Professional Counseling Card -->\n      <div class=\"bs-service-card\">\n        <div class=\"bs-service-image-wrapper\">\n          <img decoding=\"async\" src=\"https:\/\/images.unsplash.com\/photo-1600880292203-757bb62b4baf?ixlib=rb-4.0.3&ixid=M3wxMjA3fDB8MHxwaG90by1wYWdlfHx8fGVufDB8fHx8fA%3D%3D&auto=format&fit=crop&w=1000&q=80\" alt=\"Professional financial counseling\" class=\"bs-service-image\">\n          <div class=\"bs-service-icon-overlay\">\n            <i class=\"fas fa-comments bs-service-icon\" aria-hidden=\"true\"><\/i>\n          <\/div>\n        <\/div>\n        <div class=\"bs-service-content\">\n          <h3 class=\"bs-service-card-title\">Asesoramiento profesional<\/h3>\n          <p class=\"bs-service-description\">Obtenga ayuda gratuita y confidencial con presupuestos, deudas, cr\u00e9dito y m\u00e1s.<\/p>\n        <\/div>\n      <\/div>\n\n      <!-- BALANCE Track Courses Card -->\n      <div class=\"bs-service-card\">\n        <div class=\"bs-service-image-wrapper\">\n          <img decoding=\"async\" src=\"https:\/\/images.unsplash.com\/photo-1434030216411-0b793f4b4173?ixlib=rb-4.0.3&ixid=M3wxMjA3fDB8MHxwaG90by1wYWdlfHx8fGVufDB8fHx8fA%3D%3D&auto=format&fit=crop&w=1000&q=80\" alt=\"Online financial education courses\" class=\"bs-service-image\">\n          <div class=\"bs-service-icon-overlay\">\n            <i class=\"fas fa-graduation-cap bs-service-icon\" aria-hidden=\"true\"><\/i>\n          <\/div>\n        <\/div>\n        <div class=\"bs-service-content\">\n          <h3 class=\"bs-service-card-title\">Cursos de seguimiento BALANCE<\/h3>\n          <p class=\"bs-service-description\">Programas de educaci\u00f3n financiera en l\u00ednea a su propio ritmo para fortalecer sus habilidades monetarias.<\/p>\n        <\/div>\n      <\/div>\n\n      <!-- Financial Calculators Card -->\n      <div class=\"bs-service-card\">\n        <div class=\"bs-service-image-wrapper\">\n          <img decoding=\"async\" src=\"https:\/\/images.unsplash.com\/photo-1554224155-6726b3ff858f?ixlib=rb-4.0.3&ixid=M3wxMjA3fDB8MHxwaG90by1wYWdlfHx8fGVufDB8fHx8fA%3D%3D&auto=format&fit=crop&w=1000&q=80\" alt=\"Financial calculator tools\" class=\"bs-service-image\">\n          <div class=\"bs-service-icon-overlay\">\n            <i class=\"fas fa-calculator bs-service-icon\" aria-hidden=\"true\"><\/i>\n          <\/div>\n        <\/div>\n        <div class=\"bs-service-content\">\n          <h3 class=\"bs-service-card-title\">Calculadoras financieras<\/h3>\n          <p class=\"bs-service-description\">Herramientas interactivas para planificar pagos de pr\u00e9stamos, ahorros, presupuestos y otros objetivos financieros.<\/p>\n        <\/div>\n      <\/div>\n\n      <!-- Credit Report Review Card -->\n      <div class=\"bs-service-card\">\n        <div class=\"bs-service-image-wrapper\">\n          <img decoding=\"async\" src=\"https:\/\/images.unsplash.com\/photo-1651126433991-11dda0eb78ff?q=80&w=2052&auto=format&fit=crop&ixlib=rb-4.1.0&ixid=M3wxMjA3fDB8MHxwaG90by1wYWdlfHx8fGVufDB8fHx8fA%3D%3D\" alt=\"Credit report analysis\" class=\"bs-service-image\">\n          <div class=\"bs-service-icon-overlay\">\n            <i class=\"fas fa-file-invoice-dollar bs-service-icon\" aria-hidden=\"true\"><\/i>\n          <\/div>\n        <\/div>\n        <div class=\"bs-service-content\">\n          <h3 class=\"bs-service-card-title\">Revisi\u00f3n del informe crediticio<\/h3>\n          <p class=\"bs-service-description\">Obtenga una copia gratuita o de bajo costo de su informe de cr\u00e9dito y obtenga una revisi\u00f3n profesional.<\/p>\n        <\/div>\n      <\/div>\n    <\/div>\n\n    <!-- Call to Action -->\n    <div class=\"bs-services-cta\">\n      <a href=\"https:\/\/bscu.balancepro.org\/resources\" target=\"_blank\" rel=\"noopener noreferrer\" class=\"bs-services-cta-button\">\n        <i class=\"fas fa-external-link-alt bs-cta-icon\" aria-hidden=\"true\"><\/i>\n        Visita Recursos de BALANCE\n      <\/a>\n    <\/div>\n  <\/div>\n<\/section>\n\t\t<\/div>\n\t<\/div>\n<\/div><\/div><\/div><\/div><\/div><script id=\"script-row-unique-2\" data-row=\"script-row-unique-2\" type=\"text\/javascript\" class=\"vc_controls\">UNCODE.initRow(document.getElementById(\"row-unique-2\"));<\/script><\/div><\/div><\/div><div data-parent=\"true\" class=\"vc_row style-color-xsdn-bg vc_custom_1670954535640 row-container\" style=\"padding-top: 20px ;padding-bottom: 20px ;\" id=\"row-unique-3\"><div class=\"row limit-width row-parent\"><div class=\"wpb_row row-inner\"><div class=\"wpb_column pos-middle pos-left align_left column_parent col-lg-12 single-internal-gutter\"><div class=\"uncol style-light\"  ><div class=\"uncoltable\"><div class=\"uncell no-block-padding\" ><div class=\"uncont\" >\n\t<div class=\"wpb_raw_code wpb_raw_html\" >\n\t\t<div class=\"wpb_wrapper\">\n\t\t\t<!-- Why Use BALANCE Section -->\n<section class=\"bs-why-balance-section\">\n  <div class=\"bs-why-container\">\n    <div class=\"bs-why-header\">\n      <h2 class=\"bs-why-title\">\u00bfPor qu\u00e9 utilizar BALANCE?<\/h2>\n      <p class=\"bs-why-subtitle\">Descubra los beneficios que hacen de BALANCE el socio financiero perfecto para los miembros de BrightStar<\/p>\n    <\/div>\n    \n    <div class=\"bs-why-features-grid\">\n      <!-- 100% FREE Feature -->\n      <div class=\"bs-why-feature-item\">\n        <div class=\"bs-why-icon-circle\">\n          <i class=\"fas fa-gift bs-why-icon\" aria-hidden=\"true\"><\/i>\n        <\/div>\n        <h3 class=\"bs-why-feature-title\">100% GRATIS<\/h3>\n        <p class=\"bs-why-feature-description\">para miembros de BrightStar<\/p>\n      <\/div>\n\n      <!-- Expert Advice Feature -->\n      <div class=\"bs-why-feature-item\">\n        <div class=\"bs-why-icon-circle\">\n          <i class=\"fas fa-user-tie bs-why-icon\" aria-hidden=\"true\"><\/i>\n        <\/div>\n        <h3 class=\"bs-why-feature-title\">Experto, imparcial<\/h3>\n        <p class=\"bs-why-feature-description\">asesoramiento financiero<\/p>\n      <\/div>\n\n      <!-- Secure & Confidential Feature -->\n      <div class=\"bs-why-feature-item\">\n        <div class=\"bs-why-icon-circle\">\n          <i class=\"fas fa-shield-alt bs-why-icon\" aria-hidden=\"true\"><\/i>\n        <\/div>\n        <h3 class=\"bs-why-feature-title\">Seguro y confidencial<\/h3>\n        <p class=\"bs-why-feature-description\">Su privacidad protegida<\/p>\n      <\/div>\n\n      <!-- 24\/7 Tools Feature -->\n      <div class=\"bs-why-feature-item\">\n        <div class=\"bs-why-icon-circle\">\n          <i class=\"fas fa-clock bs-why-icon\" aria-hidden=\"true\"><\/i>\n        <\/div>\n        <h3 class=\"bs-why-feature-title\">En l\u00ednea 24\/7<\/h3>\n        <p class=\"bs-why-feature-description\">Herramientas disponibles en cualquier momento<\/p>\n      <\/div>\n    <\/div>\n\n    <!-- Decorative Elements -->\n    <div class=\"bs-why-decoration\">\n      <div class=\"bs-why-decoration-circle bs-why-decoration-1\"><\/div>\n      <div class=\"bs-why-decoration-circle bs-why-decoration-2\"><\/div>\n      <div class=\"bs-why-decoration-circle bs-why-decoration-3\"><\/div>\n    <\/div>\n  <\/div>\n<\/section>\n\t\t<\/div>\n\t<\/div>\n<\/div><\/div><\/div><\/div><\/div><script id=\"script-row-unique-3\" data-row=\"script-row-unique-3\" type=\"text\/javascript\" class=\"vc_controls\">UNCODE.initRow(document.getElementById(\"row-unique-3\"));<\/script><\/div><\/div><\/div>\n<\/div>","protected":false},"excerpt":{"rendered":"<p>BrightStar Credit Union se asocia con BALANCE para ofrecer asesor\u00eda financiera gratuita, revisi\u00f3n de informes crediticios, calculadoras f\u00e1ciles de usar y herramientas de aprendizaje a su propio ritmo. Tome el control de su dinero con asesoramiento experto y confidencial, todo sin costo para los socios.<\/p>","protected":false},"author":8,"featured_media":17977,"parent":0,"menu_order":10,"comment_status":"closed","ping_status":"closed","template":"","meta":{"footnotes":""},"class_list":["post-515","page","type-page","status-publish","has-post-thumbnail","hentry"],"yoast_head":"<!-- This site is optimized with the Yoast SEO Premium plugin v26.4 (Yoast SEO v26.4) - https:\/\/yoast.com\/wordpress\/plugins\/seo\/ -->\n<title>Balance Financial Counseling Services - BrightStar Credit Union<\/title>\n<meta name=\"description\" content=\"Free financial counseling for BrightStar Credit Union members through BALANCE. Get confidential advice, credit report review, tools &amp; online courses.\" \/>\n<meta name=\"robots\" content=\"noindex, follow, max-snippet:-1, max-image-preview:large, max-video-preview:-1\" \/>\n<meta property=\"og:locale\" content=\"es_ES\" \/>\n<meta property=\"og:type\" content=\"article\" \/>\n<meta property=\"og:title\" content=\"Balance Financial Counseling Services\" \/>\n<meta property=\"og:description\" content=\"Free financial counseling for BrightStar Credit Union members through BALANCE. Get confidential advice, credit report review, tools &amp; online courses.\" \/>\n<meta property=\"og:url\" content=\"https:\/\/old.mybscu.org\/es\/balance\/\" \/>\n<meta property=\"og:site_name\" content=\"BrightStar Credit Union\" \/>\n<meta property=\"article:publisher\" content=\"https:\/\/www.facebook.com\/BrightStarCU\/\" \/>\n<meta property=\"article:modified_time\" content=\"2025-09-11T20:07:03+00:00\" \/>\n<meta property=\"og:image\" content=\"https:\/\/old.mybscu.org\/wp-content\/uploads\/2025\/09\/h-with-financial-analysis-graphs.jpg\" \/>\n\t<meta property=\"og:image:width\" content=\"1920\" \/>\n\t<meta property=\"og:image:height\" content=\"998\" \/>\n\t<meta property=\"og:image:type\" content=\"image\/jpeg\" \/>\n<meta name=\"twitter:card\" content=\"summary_large_image\" \/>\n<meta name=\"twitter:label1\" content=\"Tiempo de lectura\" \/>\n\t<meta name=\"twitter:data1\" content=\"1 minuto\" \/>\n<script type=\"application\/ld+json\" class=\"yoast-schema-graph\">{\"@context\":\"https:\/\/schema.org\",\"@graph\":[{\"@type\":\"WebPage\",\"@id\":\"https:\/\/old.mybscu.org\/balance\/\",\"url\":\"https:\/\/old.mybscu.org\/balance\/\",\"name\":\"Balance Financial Counseling Services - BrightStar Credit Union\",\"isPartOf\":{\"@id\":\"https:\/\/old.mybscu.org\/#website\"},\"primaryImageOfPage\":{\"@id\":\"https:\/\/old.mybscu.org\/balance\/#primaryimage\"},\"image\":{\"@id\":\"https:\/\/old.mybscu.org\/balance\/#primaryimage\"},\"thumbnailUrl\":\"https:\/\/old.mybscu.org\/wp-content\/uploads\/2025\/09\/h-with-financial-analysis-graphs.jpg\",\"datePublished\":\"2016-08-26T19:18:53+00:00\",\"dateModified\":\"2025-09-11T20:07:03+00:00\",\"description\":\"Free financial counseling for BrightStar Credit Union members through BALANCE. Get confidential advice, credit report review, tools & online courses.\",\"breadcrumb\":{\"@id\":\"https:\/\/old.mybscu.org\/balance\/#breadcrumb\"},\"inLanguage\":\"es\",\"potentialAction\":[{\"@type\":\"ReadAction\",\"target\":[\"https:\/\/old.mybscu.org\/balance\/\"]}]},{\"@type\":\"ImageObject\",\"inLanguage\":\"es\",\"@id\":\"https:\/\/old.mybscu.org\/balance\/#primaryimage\",\"url\":\"https:\/\/old.mybscu.org\/wp-content\/uploads\/2025\/09\/h-with-financial-analysis-graphs.jpg\",\"contentUrl\":\"https:\/\/old.mybscu.org\/wp-content\/uploads\/2025\/09\/h-with-financial-analysis-graphs.jpg\",\"width\":1920,\"height\":998},{\"@type\":\"BreadcrumbList\",\"@id\":\"https:\/\/old.mybscu.org\/balance\/#breadcrumb\",\"itemListElement\":[{\"@type\":\"ListItem\",\"position\":1,\"name\":\"Home\",\"item\":\"https:\/\/old.mybscu.org\/\"},{\"@type\":\"ListItem\",\"position\":2,\"name\":\"Balance Financial Counseling Services\"}]},{\"@type\":\"WebSite\",\"@id\":\"https:\/\/old.mybscu.org\/#website\",\"url\":\"https:\/\/old.mybscu.org\/\",\"name\":\"BrightStar Credit Union\",\"description\":\"Serving  Broward, Collier, Lee, Martin, Miami-Dade, Palm Beach or St. Lucie Counties, Florida.\",\"publisher\":{\"@id\":\"https:\/\/old.mybscu.org\/#organization\"},\"potentialAction\":[{\"@type\":\"SearchAction\",\"target\":{\"@type\":\"EntryPoint\",\"urlTemplate\":\"https:\/\/old.mybscu.org\/?s={search_term_string}\"},\"query-input\":{\"@type\":\"PropertyValueSpecification\",\"valueRequired\":true,\"valueName\":\"search_term_string\"}}],\"inLanguage\":\"es\"},{\"@type\":\"Organization\",\"@id\":\"https:\/\/old.mybscu.org\/#organization\",\"name\":\"BrightStar Credit Union\",\"url\":\"https:\/\/old.mybscu.org\/\",\"logo\":{\"@type\":\"ImageObject\",\"inLanguage\":\"es\",\"@id\":\"https:\/\/old.mybscu.org\/#\/schema\/logo\/image\/\",\"url\":\"https:\/\/old.mybscu.org\/wp-content\/uploads\/2016\/07\/logo-1.png\",\"contentUrl\":\"https:\/\/old.mybscu.org\/wp-content\/uploads\/2016\/07\/logo-1.png\",\"width\":500,\"height\":214,\"caption\":\"BrightStar Credit Union\"},\"image\":{\"@id\":\"https:\/\/old.mybscu.org\/#\/schema\/logo\/image\/\"},\"sameAs\":[\"https:\/\/www.facebook.com\/BrightStarCU\/\",\"https:\/\/www.instagram.com\/brightstar.creditunion\/\"]}]}<\/script>\n<!-- \/ Yoast SEO Premium plugin. -->","yoast_head_json":{"title":"Servicios de asesor\u00eda financiera Balance - Cooperativa de cr\u00e9dito BrightStar","description":"Asesor\u00eda financiera gratuita para socios de BrightStar Credit Union a trav\u00e9s de BALANCE. Obtenga asesoramiento confidencial, revisi\u00f3n de su informe crediticio, herramientas y cursos en l\u00ednea.","robots":{"index":"noindex","follow":"follow","max-snippet":"max-snippet:-1","max-image-preview":"max-image-preview:large","max-video-preview":"max-video-preview:-1"},"og_locale":"es_ES","og_type":"article","og_title":"Balance Financial Counseling Services","og_description":"Free financial counseling for BrightStar Credit Union members through BALANCE. Get confidential advice, credit report review, tools & online courses.","og_url":"https:\/\/old.mybscu.org\/es\/balance\/","og_site_name":"BrightStar Credit Union","article_publisher":"https:\/\/www.facebook.com\/BrightStarCU\/","article_modified_time":"2025-09-11T20:07:03+00:00","og_image":[{"width":1920,"height":998,"url":"https:\/\/old.mybscu.org\/wp-content\/uploads\/2025\/09\/h-with-financial-analysis-graphs.jpg","type":"image\/jpeg"}],"twitter_card":"summary_large_image","twitter_misc":{"Tiempo de lectura":"1 minuto"},"schema":{"@context":"https:\/\/schema.org","@graph":[{"@type":"WebPage","@id":"https:\/\/old.mybscu.org\/balance\/","url":"https:\/\/old.mybscu.org\/balance\/","name":"Servicios de asesor\u00eda financiera Balance - Cooperativa de cr\u00e9dito BrightStar","isPartOf":{"@id":"https:\/\/old.mybscu.org\/#website"},"primaryImageOfPage":{"@id":"https:\/\/old.mybscu.org\/balance\/#primaryimage"},"image":{"@id":"https:\/\/old.mybscu.org\/balance\/#primaryimage"},"thumbnailUrl":"https:\/\/old.mybscu.org\/wp-content\/uploads\/2025\/09\/h-with-financial-analysis-graphs.jpg","datePublished":"2016-08-26T19:18:53+00:00","dateModified":"2025-09-11T20:07:03+00:00","description":"Asesor\u00eda financiera gratuita para socios de BrightStar Credit Union a trav\u00e9s de BALANCE. Obtenga asesoramiento confidencial, revisi\u00f3n de su informe crediticio, herramientas y cursos en l\u00ednea.","breadcrumb":{"@id":"https:\/\/old.mybscu.org\/balance\/#breadcrumb"},"inLanguage":"es","potentialAction":[{"@type":"ReadAction","target":["https:\/\/old.mybscu.org\/balance\/"]}]},{"@type":"ImageObject","inLanguage":"es","@id":"https:\/\/old.mybscu.org\/balance\/#primaryimage","url":"https:\/\/old.mybscu.org\/wp-content\/uploads\/2025\/09\/h-with-financial-analysis-graphs.jpg","contentUrl":"https:\/\/old.mybscu.org\/wp-content\/uploads\/2025\/09\/h-with-financial-analysis-graphs.jpg","width":1920,"height":998},{"@type":"BreadcrumbList","@id":"https:\/\/old.mybscu.org\/balance\/#breadcrumb","itemListElement":[{"@type":"ListItem","position":1,"name":"Home","item":"https:\/\/old.mybscu.org\/"},{"@type":"ListItem","position":2,"name":"Balance Financial Counseling Services"}]},{"@type":"WebSite","@id":"https:\/\/old.mybscu.org\/#website","url":"https:\/\/old.mybscu.org\/","name":"Cooperativa de cr\u00e9dito BrightStar","description":"Sirviendo a los condados de Broward, Collier, Lee, Martin, Miami-Dade, Palm Beach o St. Lucie, Florida.","publisher":{"@id":"https:\/\/old.mybscu.org\/#organization"},"potentialAction":[{"@type":"SearchAction","target":{"@type":"EntryPoint","urlTemplate":"https:\/\/old.mybscu.org\/?s={search_term_string}"},"query-input":{"@type":"PropertyValueSpecification","valueRequired":true,"valueName":"search_term_string"}}],"inLanguage":"es"},{"@type":"Organization","@id":"https:\/\/old.mybscu.org\/#organization","name":"Cooperativa de cr\u00e9dito BrightStar","url":"https:\/\/old.mybscu.org\/","logo":{"@type":"ImageObject","inLanguage":"es","@id":"https:\/\/old.mybscu.org\/#\/schema\/logo\/image\/","url":"https:\/\/old.mybscu.org\/wp-content\/uploads\/2016\/07\/logo-1.png","contentUrl":"https:\/\/old.mybscu.org\/wp-content\/uploads\/2016\/07\/logo-1.png","width":500,"height":214,"caption":"BrightStar Credit Union"},"image":{"@id":"https:\/\/old.mybscu.org\/#\/schema\/logo\/image\/"},"sameAs":["https:\/\/www.facebook.com\/BrightStarCU\/","https:\/\/www.instagram.com\/brightstar.creditunion\/"]}]}},"_links":{"self":[{"href":"https:\/\/old.mybscu.org\/es\/wp-json\/wp\/v2\/pages\/515","targetHints":{"allow":["GET"]}}],"collection":[{"href":"https:\/\/old.mybscu.org\/es\/wp-json\/wp\/v2\/pages"}],"about":[{"href":"https:\/\/old.mybscu.org\/es\/wp-json\/wp\/v2\/types\/page"}],"author":[{"embeddable":true,"href":"https:\/\/old.mybscu.org\/es\/wp-json\/wp\/v2\/users\/8"}],"replies":[{"embeddable":true,"href":"https:\/\/old.mybscu.org\/es\/wp-json\/wp\/v2\/comments?post=515"}],"version-history":[{"count":3,"href":"https:\/\/old.mybscu.org\/es\/wp-json\/wp\/v2\/pages\/515\/revisions"}],"predecessor-version":[{"id":17979,"href":"https:\/\/old.mybscu.org\/es\/wp-json\/wp\/v2\/pages\/515\/revisions\/17979"}],"wp:featuredmedia":[{"embeddable":true,"href":"https:\/\/old.mybscu.org\/es\/wp-json\/wp\/v2\/media\/17977"}],"wp:attachment":[{"href":"https:\/\/old.mybscu.org\/es\/wp-json\/wp\/v2\/media?parent=515"}],"curies":[{"name":"wp","href":"https:\/\/api.w.org\/{rel}","templated":true}]}}